{"id":23971,"date":"2025-08-04T11:15:33","date_gmt":"2025-08-04T11:15:33","guid":{"rendered":"https:\/\/tisana.sirupy.eu\/?post_type=product&#038;p=23971"},"modified":"2025-08-07T08:58:31","modified_gmt":"2025-08-07T08:58:31","slug":"mlady-zeleny-jecmen-bio","status":"publish","type":"product","link":"https:\/\/tisana.sirupy.eu\/?product=mlady-zeleny-jecmen-bio&lang=cs","title":{"rendered":"Mlad\u00fd zelen\u00fd je\u010dmen BIO"},"content":{"rendered":"<p><strong><em>Salvia Paradise<sup>\u00ae<\/sup>\u00a0je dovozce pouze nejkvalitn\u011bj\u0161\u00edho mlad\u00e9ho BIO je\u010dmene poch\u00e1zej\u00edc\u00edho z\u00a0Nov\u00e9ho Z\u00e9landu, kde tradi\u010dn\u00ed zpracov\u00e1n\u00ed mlad\u00fdch zelen\u00fdch potravin m\u00e1 dlouholetou tradici.\u00a0<\/em><\/strong><em><strong>Mlad\u00fd zelen\u00fd je\u010dmen BIO spole\u010dn\u011b s\u00a0ostatn\u00edmi produkty green food pat\u0159\u00ed mezi alkaliza\u010dn\u00ed potraviny.<\/strong><\/em><\/p>\n<p>Jemn\u00fd zelen\u00fd BIO pr\u00e1\u0161ek je vyroben\u00fd rozemlet\u00edm usu\u0161en\u00e9ho mlad\u00e9ho zelen\u00e9ho BIO je\u010dmene, p\u011bstovan\u00e9ho na Nov\u00e9m Z\u00e9landu.\u00a0<strong>N\u00e1poj z\u00a0mlad\u00e9ho BIO je\u010dmene je enzymatickou bombou<\/strong>\u00a0pro n\u00e1\u0161 organismus. Je pln\u00fd vitam\u00edn\u016f, miner\u00e1l\u016f, aminokyselin a\u00a0enzym\u016f. D\u00edky jeho nenapodobiteln\u00e9 kombinaci<strong>\u00a0dok\u00e1\u017ee p\u016fsobit alkaliza\u010dn\u011b a\u00a0antioxida\u010dn\u011b.<\/strong><\/p>\n<p>Mlad\u00fd je\u010dmen je pova\u017eov\u00e1n za nutri\u010dn\u011b nejhodnotn\u011bj\u0161\u00ed tr\u00e1vu na sv\u011bt\u011b.<\/p>\n<p>Mlad\u00fd zelen\u00fd je\u010dmen BIO m\u00e1 mnoho schopnost\u00ed a\u00a0blahod\u00e1rn\u00fdch \u00fa\u010dink\u016f na na\u0161e t\u011blo. Je\u010dmen p\u016fsob\u00ed jako\u00a0<strong>antioxidant<\/strong>, p\u016fsob\u00ed jako v\u0161eobecn\u00e9\u00a0<strong>tonikum\u00a0<\/strong>(l\u00e1tka podporuj\u00edc\u00ed organismus, p\u016fsob\u00edc\u00ed regenera\u010dn\u011b), u\u017e\u00edv\u00e1 se pro\u00a0<strong>dopln\u011bn\u00ed vitam\u00edn\u016f a\u00a0miner\u00e1l\u016f<\/strong>\u00a0z\u00a0p\u0159\u00edrodn\u00edch zdroj\u016f.<\/p>\n<p>Ustanoven\u00ed na\u0159\u00edzen\u00ed Evropsk\u00e9ho parlamentu a\u00a0Rady (ES) \u010d.\u00a01924\/2006, o\u00a0v\u00fd\u017eivov\u00fdch a\u00a0zdravotn\u00edch tvrzen\u00edch, n\u00e1m nedovoluje informovat v\u00e1s o\u00a0dal\u0161\u00edch \u00fa\u010dinc\u00edch t\u00e9to rostliny na v\u00e1\u0161 organismus. Informace o\u00a0p\u016fsoben\u00ed si pros\u00edm dohledejte ve voln\u011b dostupn\u00fdch zdroj\u00edch na internetu \u010di v\u00a0literatu\u0159e.<\/p>\n<p><img decoding=\"async\" src=\"https:\/\/www.salviaparadise.cz\/images\/emaily\/bio_logo\/zemedelstvi_mimo_EU.jpg\" alt=\"\" width=\"300\" height=\"109\" \/><\/p>\n<p>Surovina pro p\u0159\u00edpravu bylinn\u00e9ho \u010daje \u2013 n\u00e1levu<\/p>\n<p>Slo\u017een\u00ed: 100% Hordeum vulgare BIO<\/p>\n<p>D\u00e1vkov\u00e1n\u00ed: Jednu \u010dajovou l\u017ei\u010dku mlad\u00e9ho zelen\u00e9ho je\u010dmene BIO rozm\u00edch\u00e1me ve vod\u011b a vypijeme. U\u017e\u00edv\u00e1me 2\u00d7 denn\u011b.<\/p>\n<p><strong>TIP na p\u0159\u00edpravu:\u00a0<\/strong>Do sklenice s pr\u00e1\u0161kem p\u0159id\u00e1me pouze 2\u00d7 v\u00edce vody ne\u017eli pr\u00e1\u0161ku a rozm\u00edch\u00e1me na pastu, kterou roz\u0159ed\u00edme tekutinou \u2013 p\u0159i takov\u00e9mto postupu n\u00e1m v n\u00e1poji nevznikaj\u00ed hrudky. Pr\u00e1\u0161ek dokonale rozm\u00edch\u00e1te i s pomoc\u00ed na\u0161eho shakeru<\/p>\n","protected":false},"excerpt":{"rendered":"<p>Salvia Paradise\u00ae\u00a0je dovozce pouze nejkvalitn\u011bj\u0161\u00edho mlad\u00e9ho BIO je\u010dmene poch\u00e1zej\u00edc\u00edho z\u00a0Nov\u00e9ho Z\u00e9landu, kde tradi\u010dn\u00ed zpracov\u00e1n\u00ed mlad\u00fdch zelen\u00fdch potravin m\u00e1 dlouholetou tradici.\u00a0Mlad\u00fd zelen\u00fd je\u010dmen BIO spole\u010dn\u011b s\u00a0ostatn\u00edmi produkty green food pat\u0159\u00ed mezi alkaliza\u010dn\u00ed potraviny. Jemn\u00fd zelen\u00fd BIO pr\u00e1\u0161ek je vyroben\u00fd rozemlet\u00edm usu\u0161en\u00e9ho mlad\u00e9ho zelen\u00e9ho BIO je\u010dmene, p\u011bstovan\u00e9ho na Nov\u00e9m Z\u00e9landu.\u00a0N\u00e1poj z\u00a0mlad\u00e9ho BIO je\u010dmene je enzymatickou bombou\u00a0pro n\u00e1\u0161 organismus. Je pln\u00fd vitam\u00edn\u016f, miner\u00e1l\u016f, aminokyselin a\u00a0enzym\u016f. D\u00edky jeho nenapodobiteln\u00e9 kombinaci\u00a0dok\u00e1\u017ee p\u016fsobit alkaliza\u010dn\u011b a\u00a0antioxida\u010dn\u011b. Mlad\u00fd je\u010dmen je pova\u017eov\u00e1n za nutri\u010dn\u011b nejhodnotn\u011bj\u0161\u00ed tr\u00e1vu na sv\u011bt\u011b. Mlad\u00fd zelen\u00fd je\u010dmen BIO m\u00e1 mnoho schopnost\u00ed a\u00a0blahod\u00e1rn\u00fdch \u00fa\u010dink\u016f na na\u0161e t\u011blo. Je\u010dmen p\u016fsob\u00ed jako\u00a0antioxidant, p\u016fsob\u00ed jako v\u0161eobecn\u00e9\u00a0tonikum\u00a0(l\u00e1tka podporuj\u00edc\u00ed organismus, p\u016fsob\u00edc\u00ed regenera\u010dn\u011b), u\u017e\u00edv\u00e1 se pro\u00a0dopln\u011bn\u00ed vitam\u00edn\u016f a\u00a0miner\u00e1l\u016f\u00a0z\u00a0p\u0159\u00edrodn\u00edch zdroj\u016f. Ustanoven\u00ed na\u0159\u00edzen\u00ed Evropsk\u00e9ho parlamentu a\u00a0Rady (ES) \u010d.\u00a01924\/2006, o\u00a0v\u00fd\u017eivov\u00fdch a\u00a0zdravotn\u00edch tvrzen\u00edch, n\u00e1m nedovoluje informovat v\u00e1s o\u00a0dal\u0161\u00edch \u00fa\u010dinc\u00edch t\u00e9to rostliny na v\u00e1\u0161 organismus. Informace o\u00a0p\u016fsoben\u00ed si pros\u00edm dohledejte ve voln\u011b dostupn\u00fdch zdroj\u00edch na internetu \u010di v\u00a0literatu\u0159e. Surovina pro p\u0159\u00edpravu bylinn\u00e9ho \u010daje \u2013 n\u00e1levu Slo\u017een\u00ed: 100% Hordeum vulgare BIO D\u00e1vkov\u00e1n\u00ed: Jednu \u010dajovou l\u017ei\u010dku mlad\u00e9ho zelen\u00e9ho je\u010dmene BIO rozm\u00edch\u00e1me ve vod\u011b a vypijeme. U\u017e\u00edv\u00e1me 2\u00d7 denn\u011b. TIP na p\u0159\u00edpravu:\u00a0Do sklenice s pr\u00e1\u0161kem p\u0159id\u00e1me pouze 2\u00d7 v\u00edce vody ne\u017eli pr\u00e1\u0161ku a rozm\u00edch\u00e1me na pastu, kterou roz\u0159ed\u00edme tekutinou \u2013 p\u0159i takov\u00e9mto postupu n\u00e1m v n\u00e1poji nevznikaj\u00ed hrudky. Pr\u00e1\u0161ek dokonale rozm\u00edch\u00e1te i s pomoc\u00ed na\u0161eho shakeru<\/p>\n","protected":false},"featured_media":23972,"comment_status":"closed","ping_status":"closed","template":"","meta":[],"product_brand":[],"product_cat":[575,626,439],"product_tag":[],"class_list":{"0":"post-23971","1":"product","2":"type-product","3":"status-publish","4":"has-post-thumbnail","6":"product_cat-bez-pridaneho-cukru-cs","7":"product_cat-bio-produkty","8":"product_cat-vsechny-produkty-cs","9":"product_shipping_class-easy-cs","11":"first","12":"onbackorder","13":"taxable","14":"shipping-taxable","15":"purchasable","16":"product-type-simple"},"lang":"cs","translations":{"cs":23971},"pll_sync_post":[],"_links":{"self":[{"href":"https:\/\/tisana.sirupy.eu\/index.php?rest_route=\/wp\/v2\/product\/23971","targetHints":{"allow":["GET"]}}],"collection":[{"href":"https:\/\/tisana.sirupy.eu\/index.php?rest_route=\/wp\/v2\/product"}],"about":[{"href":"https:\/\/tisana.sirupy.eu\/index.php?rest_route=\/wp\/v2\/types\/product"}],"replies":[{"embeddable":true,"href":"https:\/\/tisana.sirupy.eu\/index.php?rest_route=%2Fwp%2Fv2%2Fcomments&post=23971"}],"version-history":[{"count":1,"href":"https:\/\/tisana.sirupy.eu\/index.php?rest_route=\/wp\/v2\/product\/23971\/revisions"}],"predecessor-version":[{"id":23973,"href":"https:\/\/tisana.sirupy.eu\/index.php?rest_route=\/wp\/v2\/product\/23971\/revisions\/23973"}],"wp:featuredmedia":[{"embeddable":true,"href":"https:\/\/tisana.sirupy.eu\/index.php?rest_route=\/wp\/v2\/media\/23972"}],"wp:attachment":[{"href":"https:\/\/tisana.sirupy.eu\/index.php?rest_route=%2Fwp%2Fv2%2Fmedia&parent=23971"}],"wp:term":[{"taxonomy":"product_brand","embeddable":true,"href":"https:\/\/tisana.sirupy.eu\/index.php?rest_route=%2Fwp%2Fv2%2Fproduct_brand&post=23971"},{"taxonomy":"product_cat","embeddable":true,"href":"https:\/\/tisana.sirupy.eu\/index.php?rest_route=%2Fwp%2Fv2%2Fproduct_cat&post=23971"},{"taxonomy":"product_tag","embeddable":true,"href":"https:\/\/tisana.sirupy.eu\/index.php?rest_route=%2Fwp%2Fv2%2Fproduct_tag&post=23971"}],"curies":[{"name":"wp","href":"https:\/\/api.w.org\/{rel}","templated":true}]}}