{"id":23968,"date":"2025-08-04T11:14:04","date_gmt":"2025-08-04T11:14:04","guid":{"rendered":"https:\/\/tisana.sirupy.eu\/?post_type=product&#038;p=23968"},"modified":"2025-08-07T08:58:30","modified_gmt":"2025-08-07T08:58:30","slug":"spirulina-100-prasek-bio","status":"publish","type":"product","link":"https:\/\/tisana.sirupy.eu\/?product=spirulina-100-prasek-bio&lang=cs","title":{"rendered":"Spirulina 100% pr\u00e1\u0161ek BIO"},"content":{"rendered":"<p><strong>100% mlet\u00e1 BIO spirulina. Bez p\u0159\u00eddavk\u016f barviv, pojiv \u010di jin\u00fdch chemick\u00fdch l\u00e1tek. 100% p\u0159\u00edrodn\u00ed produkt poch\u00e1zej\u00edc\u00ed z ekologick\u00e9ho zem\u011bd\u011blstv\u00ed za skv\u011blou cenu!\u00a0<\/strong><\/p>\n<div data-tabs-target=\"tab-3\">\n<p><em>100% BIO Spirulina z\u00a0ostrova Hainan<br \/>\n<\/em><\/p>\n<p>Spirulina nen\u00ed \u0159asa, jak b\u00fdv\u00e1 mnohde tvrzeno. Spirulina je vl\u00e1knit\u00e1 sinice, \u017eij\u00edc\u00ed v\u00a0tropick\u00fdch jezerech Afriky, Asie a\u00a0Ji\u017en\u00ed Ameriky. Dnes v\u011bt\u0161ina sv\u011btov\u00e9 produkce na GREEN FOOD poch\u00e1z\u00ed z\u00a0Japonska.\u00a0<em><strong>Spirulina BIO spole\u010dn\u011b s\u00a0ostatn\u00edmi produkty green food pat\u0159\u00ed mezi alkaliza\u010dn\u00ed potraviny.<\/strong><\/em><\/p>\n<p>Spirulinu pou\u017e\u00edvali jako zdroj potravy ji\u017e d\u00e1vn\u00ed Azt\u00e9kov\u00e9, kte\u0159\u00ed ji sb\u00edrali z\u00a0jezera Texcoco a\u00a0n\u00e1sledn\u011b ji konzumovali. Toto j\u00eddlo naz\u00fdvali Tecuitlatl, co\u017e v\u00a0p\u0159ekladu znamen\u00e1 v\u00fdkaly kamene. I\u00a0p\u0159es tento \u00fasm\u011bvn\u00fd n\u00e1zev doned\u00e1vna prob\u00edhaly experimenty, je\u017e m\u011bly za c\u00edl nakrmit spirulinou t\u0159et\u00ed zem\u011b sv\u011bta a\u00a0uti\u0161it hladomor. Bohu\u017eel tomu br\u00e1n\u00ed velmi drah\u00fd zp\u016fsob p\u011bstov\u00e1n\u00ed spiruliny.<\/p>\n<p>Pro hodnotnou BIO spirulinu je nutn\u00e9 enormn\u00ed mno\u017estv\u00ed sv\u011btla. Kvalitn\u00ed BIO pozn\u00e1me podle velmi tmav\u00e9 barvy \u2013 tedy p\u0159ebytku chlorofylu!<\/p>\n<p>Spirulina BIO je zn\u00e1m\u00e1 jako \u00fa\u010dinn\u00fd\u00a0<strong>antioxidant<\/strong>. Antioxidanty jsou l\u00e1tky, kter\u00e9 neutralizuj\u00ed voln\u00e9 radik\u00e1ly v\u00a0t\u011ble, sni\u017euj\u00ed jejich po\u010det a\u00a0napom\u00e1haj\u00ed p\u0159edch\u00e1zet jejich vzniku. D\u00e1le spirulina\u00a0<strong>podporuje p\u0159irozenou obranyschopnost organismu<\/strong>.<\/p>\n<p>Je doporu\u010dov\u00e1na pro normalizaci hladiny cukru v\u00a0krvi a pro podporu r\u016fstu svalov\u00e9 hmoty. Spirulina je vyu\u017e\u00edv\u00e1na p\u0159i kontrole hmotnosti, je vhodn\u00e1 jako dopln\u011bk p\u0159i\u00a0reduk\u010dn\u00edch diet\u00e1ch.<\/p>\n<p>Obohacen\u00ed j\u00eddeln\u00ed\u010dku o tuto jedine\u010dnou potravinu \u010di dopln\u011bk stravy m\u00e1 tak p\u0159ina\u0161et vitalitu a sv\u011b\u017eest v ka\u017ed\u00e9m v\u011bku.<\/p>\n<\/div>\n<div data-tabs-target=\"tab-3\">\n<div class=\"g-tabs__button d-flex align-items-center py-1 px-2 u-posr u-cursor-pointer u-fw-600 u-fz-md --active\" data-tabs-target=\"tab-2\">Slo\u017een\u00ed<\/div>\n<article id=\"tab-2\" class=\"i-tab overflow-hidden --open\">\n<div class=\"i-tab__body d-flex flex-column gap-4 overflow-hidden\">\n<div class=\"entry-content\">\n<p>100% Arthrospira platensis BIO<\/p>\n<p>Zna\u010dka: Salvia Paradise<\/p>\n<p><strong>Tabulka nutri\u010dn\u00edch hodnot:<\/strong><\/p>\n<table border=\"1\" cellspacing=\"0\" cellpadding=\"0\">\n<tbody>\n<tr>\n<td><\/td>\n<td><strong>Nutri\u010dn\u00ed hodnoty ve 100\u00a0g<\/strong><\/td>\n<td><strong>V DDD** (3\u00a0l\u017ei\u010dky\u00a0=\u00a0cca\u00a012\u00a0g)<\/strong><\/td>\n<\/tr>\n<tr>\n<td>Energetick\u00e1 hodnota<\/td>\n<td>1\u00a0463\u00a0kJ\/350\u00a0kcal<\/td>\n<td>176\u00a0kJ\/42\u00a0kcal<\/td>\n<\/tr>\n<tr>\n<td>B\u00edlkoviny<\/td>\n<td>60\u00a0g<\/td>\n<td>7,2\u00a0g<\/td>\n<\/tr>\n<tr>\n<td>Sacharidy<\/td>\n<td>15\u00a0g<\/td>\n<td>1,8\u00a0g<\/td>\n<\/tr>\n<tr>\n<td>\u00a0\u00a0\u00a0\u00a0\u00a0 &#8211; z\u00a0toho cukry<\/td>\n<td>0,7\u00a0g<\/td>\n<td>0,08\u00a0g<\/td>\n<\/tr>\n<tr>\n<td>Tuky<\/td>\n<td>8,2\u00a0g<\/td>\n<td>1,0\u00a0g<\/td>\n<\/tr>\n<tr>\n<td>\u00a0\u00a0\u00a0\u00a0\u00a0 &#8211; z\u00a0toho nasycen\u00e9 mastn\u00e9 kyseliny<\/td>\n<td>1,1\u00a0g<\/td>\n<td>0,13\u00a0g<\/td>\n<\/tr>\n<tr>\n<td>Vl\u00e1knina<\/td>\n<td>7\u00a0g<\/td>\n<td>0,84\u00a0g<\/td>\n<\/tr>\n<tr>\n<td>Sod\u00edk<\/td>\n<td>0,7\u00a0g<\/td>\n<td>0,08\u00a0g<\/td>\n<\/tr>\n<tr>\n<td>J\u00f3d<\/td>\n<td>1\u00a0800\u00a0\u00b5g<\/td>\n<td>216\u00a0\u00b5g (144\u00a0%*)<\/td>\n<\/tr>\n<tr>\n<td>\u017delezo<\/td>\n<td>82,7\u00a0mg<\/td>\n<td>9,9\u00a0mg (70,9\u00a0%*)<\/td>\n<\/tr>\n<tr>\n<td>Riboflavin (Vitamin B2)<\/td>\n<td>6,9\u00a0mg<\/td>\n<td>0,83\u00a0mg (59,1\u00a0%*)<\/td>\n<\/tr>\n<tr>\n<td>Vitamin B6<\/td>\n<td>18,4\u00a0mg<\/td>\n<td>2,2\u00a0mg (157,7\u00a0%*)<\/td>\n<\/tr>\n<\/tbody>\n<\/table>\n<p>*%\u00a0RHP\u00a0\u2013\u00a0Referen\u010dn\u00ed hodnota p\u0159\u00edjmu<br \/>\n**DDD\u00a0\u2013\u00a0Doporu\u010den\u00e1 denn\u00ed d\u00e1vka<\/p>\n<\/div>\n<\/div>\n<\/article>\n<\/div>\n<div class=\"g-tabs__button d-flex align-items-center py-1 px-2 u-posr u-cursor-pointer u-fw-600 u-fz-md --active\" data-tabs-target=\"tab-3\">D\u00e1vkov\u00e1n\u00ed a p\u0159\u00edprava<\/div>\n<article id=\"tab-3\" class=\"i-tab overflow-hidden --open\">\n<div class=\"i-tab__body d-flex flex-column gap-4 overflow-hidden\">\n<div class=\"entry-content\">\n<p>Jednu \u010dajovou l\u017ei\u010dku spiruliny rozm\u00edch\u00e1me ve vod\u011b a\u00a0vypijeme. U\u017e\u00edv\u00e1me 3\u00d7 denn\u011b po dobu 3\u00a0t\u00fddn\u016f.<\/p>\n<p><strong>TIP na p\u0159\u00edpravu<\/strong>: Po\u017eadovan\u00e9 mno\u017estv\u00ed nejprve vlo\u017e\u00edme do sklenice, p\u0159id\u00e1me pouze 2\u00d7 v\u00edce vody, ne\u017eli je obsah pr\u00e1\u0161ku, a rozm\u00edch\u00e1me na hustou pastu. Tuto pastu ji\u017e libovoln\u011b roz\u0159ed\u00edme tekutinou. T\u00edmto zp\u016fsobem nevznikaj\u00ed hrudky. Pr\u00e1\u0161ek dokonale rozm\u00edch\u00e1te i s pomoc\u00ed shakeru.<\/p>\n<\/div>\n<\/div>\n<\/article>\n","protected":false},"excerpt":{"rendered":"<p>100% mlet\u00e1 BIO spirulina. Bez p\u0159\u00eddavk\u016f barviv, pojiv \u010di jin\u00fdch chemick\u00fdch l\u00e1tek. 100% p\u0159\u00edrodn\u00ed produkt poch\u00e1zej\u00edc\u00ed z ekologick\u00e9ho zem\u011bd\u011blstv\u00ed za skv\u011blou cenu!\u00a0 100% BIO Spirulina z\u00a0ostrova Hainan Spirulina nen\u00ed \u0159asa, jak b\u00fdv\u00e1 mnohde tvrzeno. Spirulina je vl\u00e1knit\u00e1 sinice, \u017eij\u00edc\u00ed v\u00a0tropick\u00fdch jezerech Afriky, Asie a\u00a0Ji\u017en\u00ed Ameriky. Dnes v\u011bt\u0161ina sv\u011btov\u00e9 produkce na GREEN FOOD poch\u00e1z\u00ed z\u00a0Japonska.\u00a0Spirulina BIO spole\u010dn\u011b s\u00a0ostatn\u00edmi produkty green food pat\u0159\u00ed mezi alkaliza\u010dn\u00ed potraviny. Spirulinu pou\u017e\u00edvali jako zdroj potravy ji\u017e d\u00e1vn\u00ed Azt\u00e9kov\u00e9, kte\u0159\u00ed ji sb\u00edrali z\u00a0jezera Texcoco a\u00a0n\u00e1sledn\u011b ji konzumovali. Toto j\u00eddlo naz\u00fdvali Tecuitlatl, co\u017e v\u00a0p\u0159ekladu znamen\u00e1 v\u00fdkaly kamene. I\u00a0p\u0159es tento \u00fasm\u011bvn\u00fd n\u00e1zev doned\u00e1vna prob\u00edhaly experimenty, je\u017e m\u011bly za c\u00edl nakrmit spirulinou t\u0159et\u00ed zem\u011b sv\u011bta a\u00a0uti\u0161it hladomor. Bohu\u017eel tomu br\u00e1n\u00ed velmi drah\u00fd zp\u016fsob p\u011bstov\u00e1n\u00ed spiruliny. Pro hodnotnou BIO spirulinu je nutn\u00e9 enormn\u00ed mno\u017estv\u00ed sv\u011btla. Kvalitn\u00ed BIO pozn\u00e1me podle velmi tmav\u00e9 barvy \u2013 tedy p\u0159ebytku chlorofylu! Spirulina BIO je zn\u00e1m\u00e1 jako \u00fa\u010dinn\u00fd\u00a0antioxidant. Antioxidanty jsou l\u00e1tky, kter\u00e9 neutralizuj\u00ed voln\u00e9 radik\u00e1ly v\u00a0t\u011ble, sni\u017euj\u00ed jejich po\u010det a\u00a0napom\u00e1haj\u00ed p\u0159edch\u00e1zet jejich vzniku. D\u00e1le spirulina\u00a0podporuje p\u0159irozenou obranyschopnost organismu. Je doporu\u010dov\u00e1na pro normalizaci hladiny cukru v\u00a0krvi a pro podporu r\u016fstu svalov\u00e9 hmoty. Spirulina je vyu\u017e\u00edv\u00e1na p\u0159i kontrole hmotnosti, je vhodn\u00e1 jako dopln\u011bk p\u0159i\u00a0reduk\u010dn\u00edch diet\u00e1ch. Obohacen\u00ed j\u00eddeln\u00ed\u010dku o tuto jedine\u010dnou potravinu \u010di dopln\u011bk stravy m\u00e1 tak p\u0159ina\u0161et vitalitu a sv\u011b\u017eest v ka\u017ed\u00e9m v\u011bku. Slo\u017een\u00ed 100% Arthrospira platensis BIO Zna\u010dka: Salvia Paradise Tabulka nutri\u010dn\u00edch hodnot: Nutri\u010dn\u00ed hodnoty ve 100\u00a0g V DDD** (3\u00a0l\u017ei\u010dky\u00a0=\u00a0cca\u00a012\u00a0g) Energetick\u00e1 hodnota 1\u00a0463\u00a0kJ\/350\u00a0kcal 176\u00a0kJ\/42\u00a0kcal B\u00edlkoviny 60\u00a0g 7,2\u00a0g Sacharidy 15\u00a0g 1,8\u00a0g \u00a0\u00a0\u00a0\u00a0\u00a0 &#8211; z\u00a0toho cukry 0,7\u00a0g 0,08\u00a0g Tuky 8,2\u00a0g 1,0\u00a0g \u00a0\u00a0\u00a0\u00a0\u00a0 &#8211; z\u00a0toho nasycen\u00e9 mastn\u00e9 kyseliny 1,1\u00a0g 0,13\u00a0g Vl\u00e1knina 7\u00a0g 0,84\u00a0g Sod\u00edk 0,7\u00a0g 0,08\u00a0g J\u00f3d 1\u00a0800\u00a0\u00b5g 216\u00a0\u00b5g (144\u00a0%*) \u017delezo 82,7\u00a0mg 9,9\u00a0mg (70,9\u00a0%*) Riboflavin (Vitamin B2) 6,9\u00a0mg 0,83\u00a0mg (59,1\u00a0%*) Vitamin B6 18,4\u00a0mg 2,2\u00a0mg (157,7\u00a0%*) *%\u00a0RHP\u00a0\u2013\u00a0Referen\u010dn\u00ed hodnota p\u0159\u00edjmu **DDD\u00a0\u2013\u00a0Doporu\u010den\u00e1 denn\u00ed d\u00e1vka D\u00e1vkov\u00e1n\u00ed a p\u0159\u00edprava Jednu \u010dajovou l\u017ei\u010dku spiruliny rozm\u00edch\u00e1me ve vod\u011b a\u00a0vypijeme. U\u017e\u00edv\u00e1me 3\u00d7 denn\u011b po dobu 3\u00a0t\u00fddn\u016f. TIP na p\u0159\u00edpravu: Po\u017eadovan\u00e9 mno\u017estv\u00ed nejprve vlo\u017e\u00edme do sklenice, p\u0159id\u00e1me pouze 2\u00d7 v\u00edce vody, ne\u017eli je obsah pr\u00e1\u0161ku, a rozm\u00edch\u00e1me na hustou pastu. Tuto pastu ji\u017e libovoln\u011b roz\u0159ed\u00edme tekutinou. T\u00edmto zp\u016fsobem nevznikaj\u00ed hrudky. Pr\u00e1\u0161ek dokonale rozm\u00edch\u00e1te i s pomoc\u00ed shakeru.<\/p>\n","protected":false},"featured_media":23969,"comment_status":"closed","ping_status":"closed","template":"","meta":[],"product_brand":[],"product_cat":[575,626,439],"product_tag":[],"class_list":{"0":"post-23968","1":"product","2":"type-product","3":"status-publish","4":"has-post-thumbnail","6":"product_cat-bez-pridaneho-cukru-cs","7":"product_cat-bio-produkty","8":"product_cat-vsechny-produkty-cs","9":"product_shipping_class-easy-cs","11":"first","12":"onbackorder","13":"taxable","14":"shipping-taxable","15":"purchasable","16":"product-type-simple"},"lang":"cs","translations":{"cs":23968},"pll_sync_post":[],"_links":{"self":[{"href":"https:\/\/tisana.sirupy.eu\/index.php?rest_route=\/wp\/v2\/product\/23968","targetHints":{"allow":["GET"]}}],"collection":[{"href":"https:\/\/tisana.sirupy.eu\/index.php?rest_route=\/wp\/v2\/product"}],"about":[{"href":"https:\/\/tisana.sirupy.eu\/index.php?rest_route=\/wp\/v2\/types\/product"}],"replies":[{"embeddable":true,"href":"https:\/\/tisana.sirupy.eu\/index.php?rest_route=%2Fwp%2Fv2%2Fcomments&post=23968"}],"version-history":[{"count":1,"href":"https:\/\/tisana.sirupy.eu\/index.php?rest_route=\/wp\/v2\/product\/23968\/revisions"}],"predecessor-version":[{"id":23970,"href":"https:\/\/tisana.sirupy.eu\/index.php?rest_route=\/wp\/v2\/product\/23968\/revisions\/23970"}],"wp:featuredmedia":[{"embeddable":true,"href":"https:\/\/tisana.sirupy.eu\/index.php?rest_route=\/wp\/v2\/media\/23969"}],"wp:attachment":[{"href":"https:\/\/tisana.sirupy.eu\/index.php?rest_route=%2Fwp%2Fv2%2Fmedia&parent=23968"}],"wp:term":[{"taxonomy":"product_brand","embeddable":true,"href":"https:\/\/tisana.sirupy.eu\/index.php?rest_route=%2Fwp%2Fv2%2Fproduct_brand&post=23968"},{"taxonomy":"product_cat","embeddable":true,"href":"https:\/\/tisana.sirupy.eu\/index.php?rest_route=%2Fwp%2Fv2%2Fproduct_cat&post=23968"},{"taxonomy":"product_tag","embeddable":true,"href":"https:\/\/tisana.sirupy.eu\/index.php?rest_route=%2Fwp%2Fv2%2Fproduct_tag&post=23968"}],"curies":[{"name":"wp","href":"https:\/\/api.w.org\/{rel}","templated":true}]}}