{"id":23948,"date":"2025-07-30T10:32:31","date_gmt":"2025-07-30T10:32:31","guid":{"rendered":"https:\/\/tisana.sirupy.eu\/?post_type=product&#038;p=23948"},"modified":"2025-09-10T10:34:32","modified_gmt":"2025-09-10T10:34:32","slug":"toop-zazvor-2","status":"publish","type":"product","link":"https:\/\/tisana.sirupy.eu\/?product=toop-zazvor-2&lang=cs","title":{"rendered":"TO:oP Bezinka"},"content":{"rendered":"<p>To:oP Bezinka je n\u00e1pojov\u00fd koncentr\u00e1t ur\u010den\u00fd k \u0159ed\u011bn\u00ed, p\u0159\u00edpadn\u011b pou\u017eit\u00ed p\u0159i p\u0159\u00edprav\u011b dezert\u016f nebo dom\u00e1c\u00edch limon\u00e1d. N\u00e1vod: z\u0159e\u010fte to alespo\u0148 \u010dty\u0159n\u00e1sobn\u00fdm mno\u017estv\u00edm hork\u00e9 \u010di studen\u00e9 vody. Po otev\u0159en\u00ed skladujte p\u0159i teplot\u011b 2\u20135\u00b0C a spot\u0159ebujte do 14 dn\u016f. Pasterov\u00e1no. Sediment nen\u00ed na z\u00e1vadu. P\u0159ed pou\u017eit\u00edm prot\u0159epat.\u00a0 Objem: 0,7 l. Minim\u00e1ln\u00ed trvanlivost do data uveden\u00e9ho na dn\u011b l\u00e1hve. V\u00fdrobce: LL spol. s r. o., B\u011blohorsk\u00e1 493\/63, 169 00 Praha 6, tel.: (+420) 235366410, www.llcomp.cz, www.sirupy.eu<br \/>\nPr\u016fm\u011brn\u00e9 v\u00fd\u017eivov\u00e9 hodnoty ve 100 ml: energetick\u00e1 hodnota 740 kJ \/ 174 kcal, tuky &lt; 0,1 g, z toho nasycen\u00e9 mastn\u00e9 kyseliny &lt; 0,1 g, sacharidy 42 g, z toho cukr 42 g, b\u00edlkoviny &lt; 0,3 g. Slo\u017een\u00ed: extrakt z kv\u011bt\u016f \u010dern\u00e9ho bezu (voda, kv\u011bt \u010dern\u00e9ho bezu (11%), kyselina citr\u00f3nov\u00e1, 47%), cukr, citronov\u00e1 \u0161\u0165\u00e1va z koncentr\u00e1tu, kyselina askorbov\u00e1. Pasterov\u00e1no. Objem: 0,7 l. Pr\u016fm\u011brn\u00e9 v\u00fd\u017eivov\u00e9 hodnoty ve 100 ml: Energetick\u00e1 hodnota 740 kJ \/ 174 kcal, tuky &lt; 0,1 g, z toho nasycen\u00e9 mastn\u00e9 kyseliny &lt; 0,1 g, sacharidy 42 g, z toho cukr 42 g, b\u00edlkoviny &lt; 0,3 g, s\u016fl &lt; 0,03 g. Po otev\u0159en\u00ed skladujte p\u0159i teplot\u011b 2 &#8211; 5\u00b0C a spot\u0159ebujte do 14 dn\u016f.<\/p>\n","protected":false},"excerpt":{"rendered":"<p>To:oP Bezinka je n\u00e1pojov\u00fd koncentr\u00e1t ur\u010den\u00fd k \u0159ed\u011bn\u00ed, p\u0159\u00edpadn\u011b pou\u017eit\u00ed p\u0159i p\u0159\u00edprav\u011b dezert\u016f nebo dom\u00e1c\u00edch limon\u00e1d. N\u00e1vod: z\u0159e\u010fte to alespo\u0148 \u010dty\u0159n\u00e1sobn\u00fdm mno\u017estv\u00edm hork\u00e9 \u010di studen\u00e9 vody. Po otev\u0159en\u00ed skladujte p\u0159i teplot\u011b 2\u20135\u00b0C a spot\u0159ebujte do 14 dn\u016f. Pasterov\u00e1no. Sediment nen\u00ed na z\u00e1vadu. P\u0159ed pou\u017eit\u00edm prot\u0159epat.\u00a0 Objem: 0,7 l. Minim\u00e1ln\u00ed trvanlivost do data uveden\u00e9ho na dn\u011b l\u00e1hve. V\u00fdrobce: LL spol. s r. o., B\u011blohorsk\u00e1 493\/63, 169 00 Praha 6, tel.: (+420) 235366410, www.llcomp.cz, www.sirupy.eu Pr\u016fm\u011brn\u00e9 v\u00fd\u017eivov\u00e9 hodnoty ve 100 ml: energetick\u00e1 hodnota 740 kJ \/ 174 kcal, tuky &lt; 0,1 g, z toho nasycen\u00e9 mastn\u00e9 kyseliny &lt; 0,1 g, sacharidy 42 g, z toho cukr 42 g, b\u00edlkoviny &lt; 0,3 g. Slo\u017een\u00ed: extrakt z kv\u011bt\u016f \u010dern\u00e9ho bezu (voda, kv\u011bt \u010dern\u00e9ho bezu (11%), kyselina citr\u00f3nov\u00e1, 47%), cukr, citronov\u00e1 \u0161\u0165\u00e1va z koncentr\u00e1tu, kyselina askorbov\u00e1. Pasterov\u00e1no. Objem: 0,7 l. Pr\u016fm\u011brn\u00e9 v\u00fd\u017eivov\u00e9 hodnoty ve 100 ml: Energetick\u00e1 hodnota 740 kJ \/ 174 kcal, tuky &lt; 0,1 g, z toho nasycen\u00e9 mastn\u00e9 kyseliny &lt; 0,1 g, sacharidy 42 g, z toho cukr 42 g, b\u00edlkoviny &lt; 0,3 g, s\u016fl &lt; 0,03 g. Po otev\u0159en\u00ed skladujte p\u0159i teplot\u011b 2 &#8211; 5\u00b0C a spot\u0159ebujte do 14 dn\u016f.<\/p>\n","protected":false},"featured_media":22895,"comment_status":"closed","ping_status":"closed","template":"","meta":[],"product_brand":[],"product_cat":[587,610,439],"product_tag":[],"class_list":{"0":"post-23948","1":"product","2":"type-product","3":"status-publish","4":"has-post-thumbnail","6":"product_cat-produkty","7":"product_cat-sirupy-a-koncentraty-ve-sklenenych-lahvich-700-ml","8":"product_cat-vsechny-produkty-cs","10":"first","11":"instock","12":"taxable","13":"shipping-taxable","14":"purchasable","15":"product-type-simple"},"lang":"cs","translations":{"cs":23948,"en":23998},"pll_sync_post":[],"_links":{"self":[{"href":"https:\/\/tisana.sirupy.eu\/index.php?rest_route=\/wp\/v2\/product\/23948","targetHints":{"allow":["GET"]}}],"collection":[{"href":"https:\/\/tisana.sirupy.eu\/index.php?rest_route=\/wp\/v2\/product"}],"about":[{"href":"https:\/\/tisana.sirupy.eu\/index.php?rest_route=\/wp\/v2\/types\/product"}],"replies":[{"embeddable":true,"href":"https:\/\/tisana.sirupy.eu\/index.php?rest_route=%2Fwp%2Fv2%2Fcomments&post=23948"}],"version-history":[{"count":3,"href":"https:\/\/tisana.sirupy.eu\/index.php?rest_route=\/wp\/v2\/product\/23948\/revisions"}],"predecessor-version":[{"id":24017,"href":"https:\/\/tisana.sirupy.eu\/index.php?rest_route=\/wp\/v2\/product\/23948\/revisions\/24017"}],"wp:featuredmedia":[{"embeddable":true,"href":"https:\/\/tisana.sirupy.eu\/index.php?rest_route=\/wp\/v2\/media\/22895"}],"wp:attachment":[{"href":"https:\/\/tisana.sirupy.eu\/index.php?rest_route=%2Fwp%2Fv2%2Fmedia&parent=23948"}],"wp:term":[{"taxonomy":"product_brand","embeddable":true,"href":"https:\/\/tisana.sirupy.eu\/index.php?rest_route=%2Fwp%2Fv2%2Fproduct_brand&post=23948"},{"taxonomy":"product_cat","embeddable":true,"href":"https:\/\/tisana.sirupy.eu\/index.php?rest_route=%2Fwp%2Fv2%2Fproduct_cat&post=23948"},{"taxonomy":"product_tag","embeddable":true,"href":"https:\/\/tisana.sirupy.eu\/index.php?rest_route=%2Fwp%2Fv2%2Fproduct_tag&post=23948"}],"curies":[{"name":"wp","href":"https:\/\/api.w.org\/{rel}","templated":true}]}}