{"id":23902,"date":"2025-03-13T14:56:11","date_gmt":"2025-03-13T14:56:11","guid":{"rendered":"https:\/\/tisana.sirupy.eu\/?post_type=product&#038;p=23902"},"modified":"2025-03-13T14:56:11","modified_gmt":"2025-03-13T14:56:11","slug":"krem-z-pekanovych-orechu-175-g-bio-horizon","status":"publish","type":"product","link":"https:\/\/tisana.sirupy.eu\/?product=krem-z-pekanovych-orechu-175-g-bio-horizon&lang=cs","title":{"rendered":"Kr\u00e9m z pekanov\u00fdch o\u0159ech\u016f 175 g BIO HORIZON"},"content":{"rendered":"<div class=\"product--additional_attributes_item\"><span class=\"product--additional_attributes_title\">Zem\u011b p\u016fvodu:<\/span>\u00a0<span class=\"product--additional_attributes_value\">Mimo EU<\/span><\/div>\n<div class=\"product--additional_attributes_item\"><span class=\"product--additional_attributes_title\">Skladov\u00e1n\u00ed:<\/span>\u00a0<span class=\"product--additional_attributes_value\">Skladujte na such\u00e9m, chladn\u00e9m a tmav\u00e9m m\u00edst\u011b. Nevystavujte p\u0159\u00edm\u00e9mu slune\u010dn\u00edmu z\u00e1\u0159en\u00ed. Po otev\u0159en\u00ed skladujte v ledni\u010dce.<\/span><\/div>\n<div>\n<div id=\"ProductAccordion-collapsible-row-1-template--23072435667208__main\" class=\"accordion__content rte\">\n<p><span class=\"metafield-multi_line_text_field\">Slo\u017een\u00ed v\u00fdrobku: PEKANOV\u00c9 O\u0158ECHY*. M\u016f\u017ee obsahovat stopy sezamu, dal\u0161\u00edch sko\u0159\u00e1pkov\u00fdch plod\u016f a ara\u0161\u00edd\u016f. *produkt kontrolovan\u00e9ho ekologick\u00e9ho zem\u011bd\u011blstv\u00ed<\/span><\/p>\n<p><span class=\"accordion__content-metafield-table-title highlight\">V\u00fd\u017eivov\u00e9 \u00fadaje na 100 g <\/span><\/p>\n<p><span class=\"accordion__content-metafield-table-item-title highlight\">Energetick\u00e1 hodnota<\/span><span class=\"accordion__content-metafield-table-item-value highlight\">3135 kJ \/ 761 kcal<\/span><\/p>\n<div class=\"accordion__content-metafield-table-item\"><span class=\"accordion__content-metafield-table-item-title highlight\">Tuky<\/span><span class=\"accordion__content-metafield-table-item-value\">76,0 g<\/span><\/div>\n<div class=\"accordion__content-metafield-table-item\"><span class=\"accordion__content-metafield-table-item-title additional-spaces\">Z toho nasycen\u00e9 mastn\u00e9 kyseliny<\/span><span class=\"accordion__content-metafield-table-item-value\">7,4 g<\/span><\/div>\n<div class=\"accordion__content-metafield-table-item\"><span class=\"accordion__content-metafield-table-item-title highlight\">Sacharidy<\/span><span class=\"accordion__content-metafield-table-item-value\">4,6 g<\/span><\/div>\n<div class=\"accordion__content-metafield-table-item\"><span class=\"accordion__content-metafield-table-item-title additional-spaces\">Z toho cukry<\/span><span class=\"accordion__content-metafield-table-item-value\">4,2 g<\/span><\/div>\n<div class=\"accordion__content-metafield-table-item\"><span class=\"accordion__content-metafield-table-item-title\">Vl\u00e1knina<\/span><span class=\"accordion__content-metafield-table-item-value\">0,0 g<\/span><\/div>\n<div class=\"accordion__content-metafield-table-item\"><span class=\"accordion__content-metafield-table-item-title\">B\u00edlkoviny<\/span><span class=\"accordion__content-metafield-table-item-value\">9,7 g<\/span><\/div>\n<div class=\"accordion__content-metafield-table-item\"><span class=\"accordion__content-metafield-table-item-title\">S\u016fl<\/span><span class=\"accordion__content-metafield-table-item-value\">0,0 g<\/span><\/div>\n<\/div>\n<\/div>\n","protected":false},"excerpt":{"rendered":"<p>Zem\u011b p\u016fvodu:\u00a0Mimo EU Skladov\u00e1n\u00ed:\u00a0Skladujte na such\u00e9m, chladn\u00e9m a tmav\u00e9m m\u00edst\u011b. Nevystavujte p\u0159\u00edm\u00e9mu slune\u010dn\u00edmu z\u00e1\u0159en\u00ed. Po otev\u0159en\u00ed skladujte v ledni\u010dce. Slo\u017een\u00ed v\u00fdrobku: PEKANOV\u00c9 O\u0158ECHY*. M\u016f\u017ee obsahovat stopy sezamu, dal\u0161\u00edch sko\u0159\u00e1pkov\u00fdch plod\u016f a ara\u0161\u00edd\u016f. *produkt kontrolovan\u00e9ho ekologick\u00e9ho zem\u011bd\u011blstv\u00ed V\u00fd\u017eivov\u00e9 \u00fadaje na 100 g Energetick\u00e1 hodnota3135 kJ \/ 761 kcal Tuky76,0 g Z toho nasycen\u00e9 mastn\u00e9 kyseliny7,4 g Sacharidy4,6 g Z toho cukry4,2 g Vl\u00e1knina0,0 g B\u00edlkoviny9,7 g S\u016fl0,0 g<\/p>\n","protected":false},"featured_media":0,"comment_status":"open","ping_status":"closed","template":"","meta":[],"product_brand":[],"product_cat":[575,457],"product_tag":[],"class_list":{"0":"post-23902","1":"product","2":"type-product","3":"status-publish","5":"product_cat-bez-pridaneho-cukru-cs","6":"product_cat-bio-produkty-cs","7":"post-no-thumbnail","9":"first","10":"onbackorder","11":"taxable","12":"shipping-taxable","13":"purchasable","14":"product-type-simple"},"lang":"cs","translations":{"cs":23902},"pll_sync_post":[],"_links":{"self":[{"href":"https:\/\/tisana.sirupy.eu\/index.php?rest_route=\/wp\/v2\/product\/23902","targetHints":{"allow":["GET"]}}],"collection":[{"href":"https:\/\/tisana.sirupy.eu\/index.php?rest_route=\/wp\/v2\/product"}],"about":[{"href":"https:\/\/tisana.sirupy.eu\/index.php?rest_route=\/wp\/v2\/types\/product"}],"replies":[{"embeddable":true,"href":"https:\/\/tisana.sirupy.eu\/index.php?rest_route=%2Fwp%2Fv2%2Fcomments&post=23902"}],"version-history":[{"count":1,"href":"https:\/\/tisana.sirupy.eu\/index.php?rest_route=\/wp\/v2\/product\/23902\/revisions"}],"predecessor-version":[{"id":23903,"href":"https:\/\/tisana.sirupy.eu\/index.php?rest_route=\/wp\/v2\/product\/23902\/revisions\/23903"}],"wp:attachment":[{"href":"https:\/\/tisana.sirupy.eu\/index.php?rest_route=%2Fwp%2Fv2%2Fmedia&parent=23902"}],"wp:term":[{"taxonomy":"product_brand","embeddable":true,"href":"https:\/\/tisana.sirupy.eu\/index.php?rest_route=%2Fwp%2Fv2%2Fproduct_brand&post=23902"},{"taxonomy":"product_cat","embeddable":true,"href":"https:\/\/tisana.sirupy.eu\/index.php?rest_route=%2Fwp%2Fv2%2Fproduct_cat&post=23902"},{"taxonomy":"product_tag","embeddable":true,"href":"https:\/\/tisana.sirupy.eu\/index.php?rest_route=%2Fwp%2Fv2%2Fproduct_tag&post=23902"}],"curies":[{"name":"wp","href":"https:\/\/api.w.org\/{rel}","templated":true}]}}