{"id":23892,"date":"2025-03-12T09:21:59","date_gmt":"2025-03-12T09:21:59","guid":{"rendered":"https:\/\/tisana.sirupy.eu\/?post_type=product&#038;p=23892"},"modified":"2025-03-12T13:53:46","modified_gmt":"2025-03-12T13:53:46","slug":"tahini-pasta-sezamova-100-250-g-bio-rapunzel","status":"publish","type":"product","link":"https:\/\/tisana.sirupy.eu\/?product=tahini-pasta-sezamova-100-250-g-bio-rapunzel&lang=cs","title":{"rendered":"Tahini pasta sezamov\u00e1 100 % 250 g BIO RAPUNZEL"},"content":{"rendered":"<p>Skladov\u00e1n\u00ed: Skladujte v suchu a chladu.<\/p>\n<div>\n<div class=\"summary__title\">\n<h6 class=\"h4 accordion__title inline-richtext\">Slo\u017een\u00ed v\u00fdrobku<\/h6>\n<\/div>\n<\/div>\n<div id=\"ProductAccordion-collapsible-row-1-template--23072435667208__main\" class=\"accordion__content rte\">\n<p><span class=\"metafield-multi_line_text_field\">SEZAMOV\u00c1 SEM\u00cdNKA* neloupan\u00e1. M\u016f\u017ee obsahovat stopy sko\u0159\u00e1pkov\u00fdch plod\u016f, sezamu, vl\u010d\u00edho bobu a ml\u00e9ka. *produkt kontrolovan\u00e9ho ekologick\u00e9ho zem\u011bd\u011blstv\u00ed\u00a0<\/span><\/p>\n<p><span style=\"color: #000000; font-size: 18px; font-weight: bold; letter-spacing: 0px;\">V\u00fd\u017eivov\u00e9 \u00fadaje<\/span><\/p>\n<\/div>\n<div id=\"ProductAccordion-nutritional_values_NymT3R-template--23072435667208__main\" class=\"accordion__content metafield-table rte\">\n<div class=\"accordion__content-metafield-table\"><span class=\"accordion__content-metafield-table-title highlight\">V\u00fd\u017eivov\u00e9 \u00fadaje na 100 g<\/span><\/p>\n<div class=\"accordion__content-metafield-table-item\"><span class=\"accordion__content-metafield-table-item-title highlight\">Energetick\u00e1 hodnota <\/span><span class=\"accordion__content-metafield-table-item-value highlight\">2788 kJ \/ 675 kcal<\/span><\/div>\n<div class=\"accordion__content-metafield-table-item\"><span class=\"accordion__content-metafield-table-item-title highlight\">Tuky <\/span><span class=\"accordion__content-metafield-table-item-value\">60,0 g<\/span><\/div>\n<div class=\"accordion__content-metafield-table-item\"><span class=\"accordion__content-metafield-table-item-title additional-spaces\">Z toho nasycen\u00e9 mastn\u00e9 kyseliny <\/span><span class=\"accordion__content-metafield-table-item-value\">9,6 g<\/span><\/div>\n<div class=\"accordion__content-metafield-table-item\"><span class=\"accordion__content-metafield-table-item-title highlight\">Sacharidy <\/span><span class=\"accordion__content-metafield-table-item-value\">5,0 g<\/span><\/div>\n<div class=\"accordion__content-metafield-table-item\"><span class=\"accordion__content-metafield-table-item-title additional-spaces\">Z toho cukry <\/span><span class=\"accordion__content-metafield-table-item-value\">0,9 g<\/span><\/div>\n<div class=\"accordion__content-metafield-table-item\"><span class=\"accordion__content-metafield-table-item-title\">Vl\u00e1knina <\/span><span class=\"accordion__content-metafield-table-item-value\">11,0 g<\/span><\/div>\n<div class=\"accordion__content-metafield-table-item\"><span class=\"accordion__content-metafield-table-item-title\">B\u00edlkoviny <\/span><span class=\"accordion__content-metafield-table-item-value\">23,0 g<\/span><\/div>\n<div class=\"accordion__content-metafield-table-item\"><span class=\"accordion__content-metafield-table-item-title\">S\u016fl <\/span><span class=\"accordion__content-metafield-table-item-value\">0,01 g\u00a0<\/span><\/div>\n<h6 class=\"accordion__content-metafield-table-item\"><span style=\"letter-spacing: 0px;\">Seznam alergen\u016f<\/span><\/h6>\n<\/div>\n<\/div>\n<p>11 &#8211; Sezamov\u00e1 semena (sezam)<\/p>\n<p>&nbsp;<\/p>\n","protected":false},"excerpt":{"rendered":"<p>Skladov\u00e1n\u00ed: Skladujte v suchu a chladu. Slo\u017een\u00ed v\u00fdrobku SEZAMOV\u00c1 SEM\u00cdNKA* neloupan\u00e1. M\u016f\u017ee obsahovat stopy sko\u0159\u00e1pkov\u00fdch plod\u016f, sezamu, vl\u010d\u00edho bobu a ml\u00e9ka. *produkt kontrolovan\u00e9ho ekologick\u00e9ho zem\u011bd\u011blstv\u00ed\u00a0 V\u00fd\u017eivov\u00e9 \u00fadaje V\u00fd\u017eivov\u00e9 \u00fadaje na 100 g Energetick\u00e1 hodnota 2788 kJ \/ 675 kcal Tuky 60,0 g Z toho nasycen\u00e9 mastn\u00e9 kyseliny 9,6 g Sacharidy 5,0 g Z toho cukry 0,9 g Vl\u00e1knina 11,0 g B\u00edlkoviny 23,0 g S\u016fl 0,01 g\u00a0 Seznam alergen\u016f 11 &#8211; Sezamov\u00e1 semena (sezam) &nbsp;<\/p>\n","protected":false},"featured_media":0,"comment_status":"open","ping_status":"closed","template":"","meta":[],"product_brand":[],"product_cat":[575,457,460],"product_tag":[],"class_list":{"0":"post-23892","1":"product","2":"type-product","3":"status-publish","5":"product_cat-bez-pridaneho-cukru-cs","6":"product_cat-bio-produkty-cs","7":"product_cat-uncategorized-cs","8":"post-no-thumbnail","10":"first","11":"onbackorder","12":"taxable","13":"shipping-taxable","14":"purchasable","15":"product-type-simple"},"lang":"cs","translations":{"cs":23892},"pll_sync_post":[],"_links":{"self":[{"href":"https:\/\/tisana.sirupy.eu\/index.php?rest_route=\/wp\/v2\/product\/23892","targetHints":{"allow":["GET"]}}],"collection":[{"href":"https:\/\/tisana.sirupy.eu\/index.php?rest_route=\/wp\/v2\/product"}],"about":[{"href":"https:\/\/tisana.sirupy.eu\/index.php?rest_route=\/wp\/v2\/types\/product"}],"replies":[{"embeddable":true,"href":"https:\/\/tisana.sirupy.eu\/index.php?rest_route=%2Fwp%2Fv2%2Fcomments&post=23892"}],"version-history":[{"count":1,"href":"https:\/\/tisana.sirupy.eu\/index.php?rest_route=\/wp\/v2\/product\/23892\/revisions"}],"predecessor-version":[{"id":23893,"href":"https:\/\/tisana.sirupy.eu\/index.php?rest_route=\/wp\/v2\/product\/23892\/revisions\/23893"}],"wp:attachment":[{"href":"https:\/\/tisana.sirupy.eu\/index.php?rest_route=%2Fwp%2Fv2%2Fmedia&parent=23892"}],"wp:term":[{"taxonomy":"product_brand","embeddable":true,"href":"https:\/\/tisana.sirupy.eu\/index.php?rest_route=%2Fwp%2Fv2%2Fproduct_brand&post=23892"},{"taxonomy":"product_cat","embeddable":true,"href":"https:\/\/tisana.sirupy.eu\/index.php?rest_route=%2Fwp%2Fv2%2Fproduct_cat&post=23892"},{"taxonomy":"product_tag","embeddable":true,"href":"https:\/\/tisana.sirupy.eu\/index.php?rest_route=%2Fwp%2Fv2%2Fproduct_tag&post=23892"}],"curies":[{"name":"wp","href":"https:\/\/api.w.org\/{rel}","templated":true}]}}