{"id":23883,"date":"2025-03-11T15:46:25","date_gmt":"2025-03-11T15:46:25","guid":{"rendered":"https:\/\/tisana.sirupy.eu\/?post_type=product&#038;p=23883"},"modified":"2025-03-12T11:13:29","modified_gmt":"2025-03-12T11:13:29","slug":"pasta-z-kesu-orechu-100-1kg","status":"publish","type":"product","link":"https:\/\/tisana.sirupy.eu\/?product=pasta-z-kesu-orechu-100-1kg&lang=cs","title":{"rendered":"Ke\u0161u pasta 100% 1kg"},"content":{"rendered":"<ul class=\"basic-description-pohoda-list\">\n<li><strong>Alergeny:<\/strong>\u00a0produkt obsahuje sko\u0159\u00e1pkov\u00e9 plody a m\u016f\u017ee obsahovat podzemnici olejnou (ara\u0161\u00eddy), sezamov\u00e1 semena<\/li>\n<li><strong>Slo\u017een\u00ed:<\/strong>\u00a0<b>pra\u017een\u00e9 ke\u0161u 100%<\/b><\/li>\n<li><strong>N\u00e1vod na pou\u017eit\u00ed:<\/strong> O\u0159echov\u00e9 pasty maj\u00ed v kuchyni velmi variabiln\u00ed pou\u017eit\u00ed. Skv\u011ble se hod\u00ed do r\u016fzn\u00fdch slan\u00fdch i sladk\u00fdch dezert\u016f a v\u00fdborn\u011b chutnaj\u00ed i namazan\u00e9 na bramb\u016frk\u00e1ch nebo chipsech a vyrob\u00edte z nich i v\u00fdbornou zmrzlinu. Proto\u017ee obsahuj\u00ed spoustu vitam\u00edn\u016f a cenn\u00fdch l\u00e1tek, dodaj\u00ed v\u00e1m energii, pos\u00edl\u00ed organismus.<\/li>\n<li><strong>Skladov\u00e1n\u00ed:<\/strong>\u00a0Skladujte v suchu p\u0159i teplot\u011b nejv\u00fd\u0161e 22 \u00b0C a relativn\u00ed vlhkosti nejv\u00fd\u0161e 70 %.<\/li>\n<\/ul>\n<table border=\"ano\" width=\"352\">\n<tbody>\n<tr>\n<td colspan=\"2\" width=\"352\"><strong>Nutri\u010dn\u00ed hodnoty na 100g:<\/strong><\/td>\n<\/tr>\n<tr>\n<td>Energetick\u00e1 hodnota (kJ\/kcal)<\/td>\n<td>2404 kJ\/574 kcal<\/td>\n<\/tr>\n<tr>\n<td>B\u00edlkoviny (g)<\/td>\n<td>15<\/td>\n<\/tr>\n<tr>\n<td>Tuky (g)<\/td>\n<td>46<\/td>\n<\/tr>\n<tr>\n<td>Z toho nasycen\u00e9 mastn\u00e9 k. (g)<\/td>\n<td>9<\/td>\n<\/tr>\n<tr>\n<td>Sacharidy (g)<\/td>\n<td>33<\/td>\n<\/tr>\n<tr>\n<td>Z toho cukry (g)<\/td>\n<td>5<\/td>\n<\/tr>\n<tr>\n<td>Vl\u00e1knina (g)<\/td>\n<td>&#8211;<\/td>\n<\/tr>\n<tr>\n<td>S\u016fl (g)<\/td>\n<td>0<\/td>\n<\/tr>\n<\/tbody>\n<\/table>\n","protected":false},"excerpt":{"rendered":"<p>Alergeny:\u00a0produkt obsahuje sko\u0159\u00e1pkov\u00e9 plody a m\u016f\u017ee obsahovat podzemnici olejnou (ara\u0161\u00eddy), sezamov\u00e1 semena Slo\u017een\u00ed:\u00a0pra\u017een\u00e9 ke\u0161u 100% N\u00e1vod na pou\u017eit\u00ed: O\u0159echov\u00e9 pasty maj\u00ed v kuchyni velmi variabiln\u00ed pou\u017eit\u00ed. Skv\u011ble se hod\u00ed do r\u016fzn\u00fdch slan\u00fdch i sladk\u00fdch dezert\u016f a v\u00fdborn\u011b chutnaj\u00ed i namazan\u00e9 na bramb\u016frk\u00e1ch nebo chipsech a vyrob\u00edte z nich i v\u00fdbornou zmrzlinu. Proto\u017ee obsahuj\u00ed spoustu vitam\u00edn\u016f a cenn\u00fdch l\u00e1tek, dodaj\u00ed v\u00e1m energii, pos\u00edl\u00ed organismus. Skladov\u00e1n\u00ed:\u00a0Skladujte v suchu p\u0159i teplot\u011b nejv\u00fd\u0161e 22 \u00b0C a relativn\u00ed vlhkosti nejv\u00fd\u0161e 70 %. Nutri\u010dn\u00ed hodnoty na 100g: Energetick\u00e1 hodnota (kJ\/kcal) 2404 kJ\/574 kcal B\u00edlkoviny (g) 15 Tuky (g) 46 Z toho nasycen\u00e9 mastn\u00e9 k. (g) 9 Sacharidy (g) 33 Z toho cukry (g) 5 Vl\u00e1knina (g) &#8211; S\u016fl (g) 0<\/p>\n","protected":false},"featured_media":0,"comment_status":"open","ping_status":"closed","template":"","meta":[],"product_brand":[],"product_cat":[460],"product_tag":[],"class_list":{"0":"post-23883","1":"product","2":"type-product","3":"status-publish","5":"product_cat-uncategorized-cs","6":"post-no-thumbnail","8":"first","9":"onbackorder","10":"taxable","11":"shipping-taxable","12":"purchasable","13":"product-type-simple"},"lang":"cs","translations":{"cs":23883},"pll_sync_post":[],"_links":{"self":[{"href":"https:\/\/tisana.sirupy.eu\/index.php?rest_route=\/wp\/v2\/product\/23883","targetHints":{"allow":["GET"]}}],"collection":[{"href":"https:\/\/tisana.sirupy.eu\/index.php?rest_route=\/wp\/v2\/product"}],"about":[{"href":"https:\/\/tisana.sirupy.eu\/index.php?rest_route=\/wp\/v2\/types\/product"}],"replies":[{"embeddable":true,"href":"https:\/\/tisana.sirupy.eu\/index.php?rest_route=%2Fwp%2Fv2%2Fcomments&post=23883"}],"version-history":[{"count":4,"href":"https:\/\/tisana.sirupy.eu\/index.php?rest_route=\/wp\/v2\/product\/23883\/revisions"}],"predecessor-version":[{"id":23900,"href":"https:\/\/tisana.sirupy.eu\/index.php?rest_route=\/wp\/v2\/product\/23883\/revisions\/23900"}],"wp:attachment":[{"href":"https:\/\/tisana.sirupy.eu\/index.php?rest_route=%2Fwp%2Fv2%2Fmedia&parent=23883"}],"wp:term":[{"taxonomy":"product_brand","embeddable":true,"href":"https:\/\/tisana.sirupy.eu\/index.php?rest_route=%2Fwp%2Fv2%2Fproduct_brand&post=23883"},{"taxonomy":"product_cat","embeddable":true,"href":"https:\/\/tisana.sirupy.eu\/index.php?rest_route=%2Fwp%2Fv2%2Fproduct_cat&post=23883"},{"taxonomy":"product_tag","embeddable":true,"href":"https:\/\/tisana.sirupy.eu\/index.php?rest_route=%2Fwp%2Fv2%2Fproduct_tag&post=23883"}],"curies":[{"name":"wp","href":"https:\/\/api.w.org\/{rel}","templated":true}]}}