{"id":23881,"date":"2025-03-11T15:41:30","date_gmt":"2025-03-11T15:41:30","guid":{"rendered":"https:\/\/tisana.sirupy.eu\/?post_type=product&#038;p=23881"},"modified":"2025-03-12T14:01:33","modified_gmt":"2025-03-12T14:01:33","slug":"pasta-z-arasidu-jemna-100-1kg","status":"publish","type":"product","link":"https:\/\/tisana.sirupy.eu\/?product=pasta-z-arasidu-jemna-100-1kg&lang=cs","title":{"rendered":"Ara\u0161\u00eddov\u00e1 pasta jemn\u00e1 100% 1 kg"},"content":{"rendered":"<ul class=\"basic-description-pohoda-list\">\n<li><strong>Alergeny:<\/strong>\u00a0produkt obsahuje podzemnici olejnou (ara\u0161\u00eddy) a m\u016f\u017ee obsahovat sko\u0159\u00e1pkov\u00e9 plody<\/li>\n<li><strong>Slo\u017een\u00ed:<\/strong>\u00a0<b>ara\u0161\u00eddy loupan\u00e9 pra\u017een\u00e9 100%.<\/b><\/li>\n<li><strong>N\u00e1vod na pou\u017eit\u00ed:<\/strong>\u00a0O\u0159echov\u00e9 pasty maj\u00ed v kuchyni velmi variabiln\u00ed pou\u017eit\u00ed. Skv\u011ble se hod\u00ed do r\u016fzn\u00fdch slan\u00fdch i sladk\u00fdch dezert\u016f, asijsk\u00fdch j\u00eddel a v\u00fdborn\u011b chutnaj\u00ed i namazan\u00e9 na krekrech. Ochut\u00ed sn\u00edda\u0148ovou ka\u0161i, jogurt a vyrob\u00edte z nich i v\u00fdbornou zmrzlinu. Proto\u017ee obsahuj\u00ed spoustu vitam\u00edn\u016f a cenn\u00fdch l\u00e1tek, dodaj\u00ed v\u00e1m energii, pos\u00edl\u00ed organismus a rychle za\u017eenou hlad. M\u016f\u017eete je ale uj\u00eddat i jen tak samotn\u00e9 l\u017e\u00edc\u00ed, t\u0159eba kdy\u017e v\u00e1s hon\u00ed mlsn\u00e1. Ara\u0161\u00eddov\u00e1 pasta se hod\u00ed nejen na sladk\u00e9 pe\u010den\u00ed, ale tak\u00e9 k dochucen\u00ed asijsk\u00fdch pokrm\u016f. V\u00fdborn\u00e1 je z n\u00ed i zmrzlina nebo ara\u0161\u00eddov\u00e9 su\u0161enky. Pokud hled\u00e1te inspiraci na dezerty, mrkn\u011bte se do na\u0161ich recept\u016f, kter\u00e9 pro v\u00e1s p\u0159ipravili ti nejlep\u0161\u00ed \u0161\u00e9fkucha\u0159i a cukr\u00e1\u0159i. Sv\u00e9 hosty s nimi ur\u010dit\u011b okouzl\u00edte.<\/li>\n<li><strong>Skladov\u00e1n\u00ed:<\/strong>\u00a0Skladujte v suchu p\u0159i teplot\u011b nejv\u00fd\u0161e 22 \u00b0C a relativn\u00ed vlhkosti nejv\u00fd\u0161e 70 %.<\/li>\n<\/ul>\n<table border=\"ano\" width=\"352\">\n<tbody>\n<tr>\n<td colspan=\"2\" width=\"352\"><strong>Nutri\u010dn\u00ed hodnoty na 100g:<\/strong><\/td>\n<\/tr>\n<tr>\n<td>Energetick\u00e1 hodnota (kJ\/kcal)<\/td>\n<td>2402 kJ\/574 kcal<\/td>\n<\/tr>\n<tr>\n<td>B\u00edlkoviny (g)<\/td>\n<td>24,4<\/td>\n<\/tr>\n<tr>\n<td>Tuky (g)<\/td>\n<td>49,7<\/td>\n<\/tr>\n<tr>\n<td>Z toho nasycen\u00e9 mastn\u00e9 k. (g)<\/td>\n<td>7,7<\/td>\n<\/tr>\n<tr>\n<td>Sacharidy (g)<\/td>\n<td>21,3<\/td>\n<\/tr>\n<tr>\n<td>Z toho cukry (g)<\/td>\n<td>4,9<\/td>\n<\/tr>\n<tr>\n<td>Vl\u00e1knina (g)<\/td>\n<td>8,4<\/td>\n<\/tr>\n<tr>\n<td>S\u016fl (g)<\/td>\n<td>0<\/td>\n<\/tr>\n<\/tbody>\n<\/table>\n","protected":false},"excerpt":{"rendered":"<p><b>Pasta z loupan\u00fdch pra\u017een\u00fdch ara\u0161\u00edd\u016f 100%<\/b><\/p>\n","protected":false},"featured_media":0,"comment_status":"open","ping_status":"closed","template":"","meta":[],"product_brand":[],"product_cat":[575,460],"product_tag":[],"class_list":{"0":"post-23881","1":"product","2":"type-product","3":"status-publish","5":"product_cat-bez-pridaneho-cukru-cs","6":"product_cat-uncategorized-cs","7":"post-no-thumbnail","9":"first","10":"onbackorder","11":"taxable","12":"shipping-taxable","13":"purchasable","14":"product-type-simple"},"lang":"cs","translations":{"cs":23881},"pll_sync_post":[],"_links":{"self":[{"href":"https:\/\/tisana.sirupy.eu\/index.php?rest_route=\/wp\/v2\/product\/23881","targetHints":{"allow":["GET"]}}],"collection":[{"href":"https:\/\/tisana.sirupy.eu\/index.php?rest_route=\/wp\/v2\/product"}],"about":[{"href":"https:\/\/tisana.sirupy.eu\/index.php?rest_route=\/wp\/v2\/types\/product"}],"replies":[{"embeddable":true,"href":"https:\/\/tisana.sirupy.eu\/index.php?rest_route=%2Fwp%2Fv2%2Fcomments&post=23881"}],"version-history":[{"count":3,"href":"https:\/\/tisana.sirupy.eu\/index.php?rest_route=\/wp\/v2\/product\/23881\/revisions"}],"predecessor-version":[{"id":23898,"href":"https:\/\/tisana.sirupy.eu\/index.php?rest_route=\/wp\/v2\/product\/23881\/revisions\/23898"}],"wp:attachment":[{"href":"https:\/\/tisana.sirupy.eu\/index.php?rest_route=%2Fwp%2Fv2%2Fmedia&parent=23881"}],"wp:term":[{"taxonomy":"product_brand","embeddable":true,"href":"https:\/\/tisana.sirupy.eu\/index.php?rest_route=%2Fwp%2Fv2%2Fproduct_brand&post=23881"},{"taxonomy":"product_cat","embeddable":true,"href":"https:\/\/tisana.sirupy.eu\/index.php?rest_route=%2Fwp%2Fv2%2Fproduct_cat&post=23881"},{"taxonomy":"product_tag","embeddable":true,"href":"https:\/\/tisana.sirupy.eu\/index.php?rest_route=%2Fwp%2Fv2%2Fproduct_tag&post=23881"}],"curies":[{"name":"wp","href":"https:\/\/api.w.org\/{rel}","templated":true}]}}