{"id":23877,"date":"2025-03-11T15:34:28","date_gmt":"2025-03-11T15:34:28","guid":{"rendered":"https:\/\/tisana.sirupy.eu\/?post_type=product&#038;p=23877"},"modified":"2025-08-12T13:23:49","modified_gmt":"2025-08-12T13:23:49","slug":"pistacie-prazene-solene100g","status":"publish","type":"product","link":"https:\/\/tisana.sirupy.eu\/?product=pistacie-prazene-solene100g&lang=cs","title":{"rendered":"Pist\u00e1cie pra\u017een\u00e9 solen\u00e9100g"},"content":{"rendered":"","protected":false},"excerpt":{"rendered":"","protected":false},"featured_media":0,"comment_status":"open","ping_status":"closed","template":"","meta":[],"product_brand":[],"product_cat":[575,460],"product_tag":[],"class_list":{"0":"post-23877","1":"product","2":"type-product","3":"status-publish","5":"product_cat-bez-pridaneho-cukru-cs","6":"product_cat-uncategorized-cs","7":"post-no-thumbnail","9":"first","10":"outofstock","11":"taxable","12":"shipping-taxable","13":"purchasable","14":"product-type-simple"},"lang":"cs","translations":{"cs":23877},"pll_sync_post":[],"_links":{"self":[{"href":"https:\/\/tisana.sirupy.eu\/index.php?rest_route=\/wp\/v2\/product\/23877","targetHints":{"allow":["GET"]}}],"collection":[{"href":"https:\/\/tisana.sirupy.eu\/index.php?rest_route=\/wp\/v2\/product"}],"about":[{"href":"https:\/\/tisana.sirupy.eu\/index.php?rest_route=\/wp\/v2\/types\/product"}],"replies":[{"embeddable":true,"href":"https:\/\/tisana.sirupy.eu\/index.php?rest_route=%2Fwp%2Fv2%2Fcomments&post=23877"}],"version-history":[{"count":1,"href":"https:\/\/tisana.sirupy.eu\/index.php?rest_route=\/wp\/v2\/product\/23877\/revisions"}],"predecessor-version":[{"id":23878,"href":"https:\/\/tisana.sirupy.eu\/index.php?rest_route=\/wp\/v2\/product\/23877\/revisions\/23878"}],"wp:attachment":[{"href":"https:\/\/tisana.sirupy.eu\/index.php?rest_route=%2Fwp%2Fv2%2Fmedia&parent=23877"}],"wp:term":[{"taxonomy":"product_brand","embeddable":true,"href":"https:\/\/tisana.sirupy.eu\/index.php?rest_route=%2Fwp%2Fv2%2Fproduct_brand&post=23877"},{"taxonomy":"product_cat","embeddable":true,"href":"https:\/\/tisana.sirupy.eu\/index.php?rest_route=%2Fwp%2Fv2%2Fproduct_cat&post=23877"},{"taxonomy":"product_tag","embeddable":true,"href":"https:\/\/tisana.sirupy.eu\/index.php?rest_route=%2Fwp%2Fv2%2Fproduct_tag&post=23877"}],"curies":[{"name":"wp","href":"https:\/\/api.w.org\/{rel}","templated":true}]}}