{"id":23855,"date":"2025-01-07T15:50:07","date_gmt":"2025-01-07T15:50:07","guid":{"rendered":"https:\/\/tisana.sirupy.eu\/?post_type=product&#038;p=23855"},"modified":"2026-02-20T13:50:01","modified_gmt":"2026-02-20T13:50:01","slug":"pomazanka-ovocna-brusinka-boruvka-284-g-st-dalfour","status":"publish","type":"product","link":"https:\/\/tisana.sirupy.eu\/?product=pomazanka-ovocna-brusinka-boruvka-284-g-st-dalfour&lang=cs","title":{"rendered":"Pomaz\u00e1nka ovocn\u00e1 brusinka &#8211; bor\u016fvka 284 g St DALFOUR, 5x"},"content":{"rendered":"<p><span style=\"letter-spacing: 0px;\">Typick\u00e1 chu\u0165 brusinek a bor\u016fvek v klasick\u00e9m zpracov\u00e1n\u00ed jako zava\u0159enina. D\u017eem obsahuje 51 % ovoce a slazen je pouze ovocem. Chutnat v\u00e1m bude nejen r\u00e1no na pe\u010divu nebo s ovesn\u00fdmi vlo\u010dkami, ka\u0161\u00ed nebo m\u00fcsli, ale i zakomponovan\u00fd v dezertech.<\/span><\/p>\n<section id=\"shopify-section-template--23072435667208__main\" class=\"shopify-section section\">\n<div class=\"page-width\">\n<div class=\"product product--small product--right product--thumbnail_slider product--mobile-hide grid grid--1-col grid--2-col-tablet\">\n<div class=\"product__info-wrapper grid__item product__info-wrapper--extra-padding scroll-trigger animate--slide-in\">\n<section id=\"ProductInfo-template--23072435667208__main\" class=\"product__info-container product__column-sticky\">\n<div class=\"product--additional_attributes\">\n<div class=\"product--additional_attributes_item\"><span class=\"product--additional_attributes_title\">Skladov\u00e1n\u00ed:<\/span>\u00a0<span class=\"product--additional_attributes_value\">Skladujte v suchu, po otev\u0159en\u00ed uchov\u00e1vejte v chladni\u010dce p\u0159i teplot\u011b 6 \u00b0C a spot\u0159ebujte do 3 m\u011bs\u00edc\u016f. <\/span><\/div>\n<div class=\"product--additional_attributes_item\"><span style=\"letter-spacing: 0px;\">Slo\u017een\u00ed: Brusinky (25,5%), bor\u016fvky (25,5%), nep\u0159islazen\u00e1 koncentrovan\u00e1 hroznov\u00e1 \u0161\u0165\u00e1va, \u017eel\u00edruj\u00edc\u00ed l\u00e1tka (pektin) <\/span><\/div>\n<div class=\"product--additional_attributes_item\"><span style=\"letter-spacing: 0px;\">V\u00fd\u017eivov\u00e9 \u00fadaje na 100 g: <\/span><span class=\"accordion__content-metafield-table-item-title highlight\" style=\"letter-spacing: 0px;\">Energetick\u00e1 hodnota <\/span><span class=\"accordion__content-metafield-table-item-value highlight\" style=\"letter-spacing: 0px;\">884 kJ \/ 208 kcal<\/span><\/div>\n<div>\n<div class=\"accordion__content-metafield-table-item\"><span class=\"accordion__content-metafield-table-item-title highlight\">Tuky <\/span><span class=\"accordion__content-metafield-table-item-value\">0,5 g<\/span><\/div>\n<div class=\"accordion__content-metafield-table-item\"><span class=\"accordion__content-metafield-table-item-title additional-spaces\">Z toho nasycen\u00e9 mastn\u00e9 kyseliny <\/span><span class=\"accordion__content-metafield-table-item-value\">0,1 g<\/span><\/div>\n<div class=\"accordion__content-metafield-table-item\"><span class=\"accordion__content-metafield-table-item-title highlight\">Sacharidy <\/span><span class=\"accordion__content-metafield-table-item-value\">52,0 g<\/span><\/div>\n<div class=\"accordion__content-metafield-table-item\"><span class=\"accordion__content-metafield-table-item-title additional-spaces\">Z toho cukry <\/span><span class=\"accordion__content-metafield-table-item-value\">52,0 g<\/span><\/div>\n<div class=\"accordion__content-metafield-table-item\"><span class=\"accordion__content-metafield-table-item-title\">Vl\u00e1knina <\/span><span class=\"accordion__content-metafield-table-item-value\">2,1 g<\/span><\/div>\n<div class=\"accordion__content-metafield-table-item\"><span class=\"accordion__content-metafield-table-item-title\">B\u00edlkoviny <\/span><span class=\"accordion__content-metafield-table-item-value\">0,5 g<\/span><\/div>\n<div class=\"accordion__content-metafield-table-item\"><span class=\"accordion__content-metafield-table-item-title\">S\u016fl <\/span><span class=\"accordion__content-metafield-table-item-value\">0,0 g<\/span><\/div>\n<\/div>\n<\/div>\n<div class=\"product--certificates\"><\/div>\n<\/section>\n<\/div>\n<\/div>\n<\/div>\n<\/section>\n<div id=\"shopify-section-template--23072435667208__quick-order-list\" class=\"shopify-section\">\n<div class=\"quick-order-list-container color-scheme-1849a56d-c941-4988-9cb9-8ace88caa9c5 gradient\">\n<form id=\"QuickOrderList\" class=\"quick-order-list__contents critical-hidden\" action=\"https:\/\/vo.countrylife.cz\/cart\/update\" method=\"post\">\n<div id=\"main-variant-items\" class=\"quick-order-list__container\">\n<div class=\"js-contents\">\n<table class=\"quick-order-list__table\">\n<caption class=\"visually-hidden\">\u00a0<\/caption>\n<thead>\n<tr>\n<th class=\"caption-with-letter-spacing\" scope=\"col\">Produkt<\/th>\n<th class=\"quick-order-list__table-heading--wide small-hide medium-hide caption-with-letter-spacing quantity-label\" scope=\"col\"><\/th>\n<th class=\"quick-order-list__table-heading--wide small-hide medium-hide caption-with-letter-spacing\" scope=\"col\"><\/th>\n<th class=\"small-hide medium-hide right caption-with-letter-spacing\" scope=\"col\"><\/th>\n<\/tr>\n<\/thead>\n<tbody>\n<tr id=\"Variant-50333242818824\" class=\"variant-item\" data-variant-id=\"50333242818824\" data-cart-qty=\"1\">\n<td class=\"variant-item__inner\">\n<div class=\"variant-item__wishlist small-hide medium-hide\"><\/div>\n<div class=\"variant-item__media\">\n<div class=\"variant-item__image-container global-media-settings gradient\"><img decoding=\"async\" class=\"variant-item__image\" src=\"https:\/\/vo.countrylife.cz\/cdn\/shop\/files\/332017_Pomazanka_ovocna_brusinka-_boruvka_284_g_DALFOUR-1.jpg?v=1731440338&amp;width=86\" srcset=\"\/\/vo.countrylife.cz\/cdn\/shop\/files\/332017_Pomazanka_ovocna_brusinka-_boruvka_284_g_DALFOUR-1.jpg?v=1731440338&amp;width=86 86w\" alt=\"332017 Pomaz\u00e1nka ovocn\u00e1 brusinka- bor\u016fvka 284\u00a0g DALFOUR-1\" width=\"45\" height=\"45\" \/><\/div>\n<\/div>\n<div class=\"small-hide medium-hide\"><span class=\"variant-item__name h4 break\">Pomaz\u00e1nka ovocn\u00e1 brusinka- bor\u016fvka 284\u00a0g DALFOUR<\/span><span class=\"variant-item__sku break text-small\">K\u00f3d: 332017 | EAN: 5014271795669 <\/span><span class=\"carton-info text-small\"><img decoding=\"async\" src=\"https:\/\/vo.countrylife.cz\/cdn\/shop\/t\/3\/assets\/box.svg?v=89673397877719025811730894069\" alt=\"icon\" width=\"14\" height=\"14\" \/> Kartonov\u00e9 mno\u017estv\u00ed &#8211; 6 ks<\/span><\/div>\n<\/td>\n<td class=\"variant-item__quantity\">\n<div class=\"variant-item__quantity-wrapper quantity-popover-wrapper variant-item__quantity-wrapper--no-info\"><\/div>\n<div class=\"stock-info-wrapper center small-hide medium-hide\"><\/div>\n<\/td>\n<td class=\"variant-item__price\">\n<div class=\"variant--labels\"><\/div>\n<div class=\"unit-price caption\"><\/div>\n<\/td>\n<\/tr>\n<\/tbody>\n<\/table>\n<\/div>\n<\/div>\n<\/form>\n<\/div>\n<\/div>\n<section id=\"shopify-section-template--23072435667208__related-products\" class=\"shopify-section section\">\n<div class=\"color-scheme-1 gradient\">\n<p>&nbsp;<\/p>\n<div class=\"card-wrapper product-card-wrapper\">\n<div class=\" card card--card card--media color-scheme-1849a56d-c941-4988-9cb9-8ace88caa9c5 gradient \">\n<div class=\"card__content\">\n<div class=\"card__information-bottom\"><\/div>\n<\/div>\n<\/div>\n<\/div>\n<\/div>\n<\/section>\n<p>&nbsp;<\/p>\n<div class=\"product-media-modal__dialog color-scheme-73d0e0d2-0a9b-4b95-b92b-d5a0ee8661cd gradient\" tabindex=\"-1\" role=\"dialog\" aria-label=\"Galerie multim\u00e9di\u00ed\" aria-modal=\"true\">\n<p>&nbsp;<\/p>\n<div class=\"product-media-modal__content color-scheme-73d0e0d2-0a9b-4b95-b92b-d5a0ee8661cd gradient\" tabindex=\"0\" role=\"document\" aria-label=\"Galerie multim\u00e9di\u00ed\"><img fetchpriority=\"high\" decoding=\"async\" class=\"global-media-settings global-media-settings--no-shadow\" src=\"https:\/\/vo.countrylife.cz\/cdn\/shop\/files\/332017_Pomazanka_ovocna_brusinka-_boruvka_284_g_DALFOUR-1.jpg?v=1731440338&amp;width=1445\" sizes=\"(min-width: 750px) calc(100vw - 22rem), 1100px\" srcset=\"\/\/vo.countrylife.cz\/cdn\/shop\/files\/332017_Pomazanka_ovocna_brusinka-_boruvka_284_g_DALFOUR-1.jpg?v=1731440338&amp;width=550 550w,\/\/vo.countrylife.cz\/cdn\/shop\/files\/332017_Pomazanka_ovocna_brusinka-_boruvka_284_g_DALFOUR-1.jpg?v=1731440338&amp;width=1100 1100w,\/\/vo.countrylife.cz\/cdn\/shop\/files\/332017_Pomazanka_ovocna_brusinka-_boruvka_284_g_DALFOUR-1.jpg?v=1731440338&amp;width=1445 1445w,\/\/vo.countrylife.cz\/cdn\/shop\/files\/332017_Pomazanka_ovocna_brusinka-_boruvka_284_g_DALFOUR-1.jpg?v=1731440338&amp;width=1680 1680w,\/\/vo.countrylife.cz\/cdn\/shop\/files\/332017_Pomazanka_ovocna_brusinka-_boruvka_284_g_DALFOUR-1.jpg?v=1731440338&amp;width=2048 2048w,\/\/vo.countrylife.cz\/cdn\/shop\/files\/332017_Pomazanka_ovocna_brusinka-_boruvka_284_g_DALFOUR-1.jpg?v=1731440338&amp;width=2200 2200w,\/\/vo.countrylife.cz\/cdn\/shop\/files\/332017_Pomazanka_ovocna_brusinka-_boruvka_284_g_DALFOUR-1.jpg?v=1731440338&amp;width=2890 2890w,\/\/vo.countrylife.cz\/cdn\/shop\/files\/332017_Pomazanka_ovocna_brusinka-_boruvka_284_g_DALFOUR-1.jpg?v=1731440338 3000w\" alt=\"332017 Pomaz\u00e1nka ovocn\u00e1 brusinka- bor\u016fvka 284\u00a0g DALFOUR-1\" width=\"1100\" height=\"1100\" data-media-id=\"42897786405128\" \/><\/div>\n<\/div>\n","protected":false},"excerpt":{"rendered":"<p><span class=\"metafield-multi_line_text_field\">Slo\u017een\u00ed: Brusinky (25,5%), bor\u016fvky (25,5%), nep\u0159islazen\u00e1 koncentrovan\u00e1 hroznov\u00e1 \u0161\u0165\u00e1va, \u017eel\u00edruj\u00edc\u00ed l\u00e1tka (pektin).<\/span><\/p>\n","protected":false},"featured_media":0,"comment_status":"open","ping_status":"closed","template":"","meta":[],"product_brand":[],"product_cat":[575,449,439],"product_tag":[],"class_list":{"0":"post-23855","1":"product","2":"type-product","3":"status-publish","5":"product_cat-bez-pridaneho-cukru-cs","6":"product_cat-ovocne-cs","7":"product_cat-vsechny-produkty-cs","8":"post-no-thumbnail","10":"first","11":"onbackorder","12":"taxable","13":"shipping-taxable","14":"purchasable","15":"product-type-simple"},"lang":"cs","translations":{"cs":23855},"pll_sync_post":[],"_links":{"self":[{"href":"https:\/\/tisana.sirupy.eu\/index.php?rest_route=\/wp\/v2\/product\/23855","targetHints":{"allow":["GET"]}}],"collection":[{"href":"https:\/\/tisana.sirupy.eu\/index.php?rest_route=\/wp\/v2\/product"}],"about":[{"href":"https:\/\/tisana.sirupy.eu\/index.php?rest_route=\/wp\/v2\/types\/product"}],"replies":[{"embeddable":true,"href":"https:\/\/tisana.sirupy.eu\/index.php?rest_route=%2Fwp%2Fv2%2Fcomments&post=23855"}],"version-history":[{"count":6,"href":"https:\/\/tisana.sirupy.eu\/index.php?rest_route=\/wp\/v2\/product\/23855\/revisions"}],"predecessor-version":[{"id":24037,"href":"https:\/\/tisana.sirupy.eu\/index.php?rest_route=\/wp\/v2\/product\/23855\/revisions\/24037"}],"wp:attachment":[{"href":"https:\/\/tisana.sirupy.eu\/index.php?rest_route=%2Fwp%2Fv2%2Fmedia&parent=23855"}],"wp:term":[{"taxonomy":"product_brand","embeddable":true,"href":"https:\/\/tisana.sirupy.eu\/index.php?rest_route=%2Fwp%2Fv2%2Fproduct_brand&post=23855"},{"taxonomy":"product_cat","embeddable":true,"href":"https:\/\/tisana.sirupy.eu\/index.php?rest_route=%2Fwp%2Fv2%2Fproduct_cat&post=23855"},{"taxonomy":"product_tag","embeddable":true,"href":"https:\/\/tisana.sirupy.eu\/index.php?rest_route=%2Fwp%2Fv2%2Fproduct_tag&post=23855"}],"curies":[{"name":"wp","href":"https:\/\/api.w.org\/{rel}","templated":true}]}}