{"id":23833,"date":"2024-12-10T11:14:58","date_gmt":"2024-12-10T11:14:58","guid":{"rendered":"https:\/\/tisana.sirupy.eu\/?post_type=product&#038;p=23833"},"modified":"2025-03-12T11:13:53","modified_gmt":"2025-03-12T11:13:53","slug":"pasta-z-kesu-orechu-100-190g","status":"publish","type":"product","link":"https:\/\/tisana.sirupy.eu\/?product=pasta-z-kesu-orechu-100-190g&lang=cs","title":{"rendered":"Ke\u0161u pasta 100% 190g"},"content":{"rendered":"<p>Pasta z ke\u0161u o\u0159ech\u016f 100% je vynikaj\u00edc\u00ed z\u00e1sob\u00e1rnou ho\u0159\u010d\u00edku a dal\u0161\u00edch d\u016fle\u017eit\u00fdch l\u00e1tek, kter\u00e9 jsou d\u016fle\u017eit\u00e9 pro na\u0161e svaly a nervovou soustavu. I proto je obl\u00edben\u00e1 mezi p\u0159\u00edznivci zdrav\u00e9 v\u00fd\u017eivy. Nav\u00edc neobsahuje \u017e\u00e1dn\u00fd p\u0159idan\u00fd cukr ani palmov\u00fd olej.<\/p>\n<div class=\"row\">\n<div class=\"col-sm-12 \">\n<div id=\"tab-content\" class=\"tab-content\">\n<div id=\"description\" class=\"tab-pane fade in active\" role=\"tabpanel\">\n<div class=\"description-inner\">\n<div class=\"basic-description\">\n<p><span class=\"basic-description-pohoda-name\"><strong>Pasta z ke\u0161u o\u0159ech\u016f 100% 190g<\/strong><\/span><\/p>\n<p>O\u0159echov\u00e1 m\u00e1sla jsou \u00fa\u017easn\u00fdm zdrojem zdrav\u00ed prosp\u011b\u0161n\u00fdch l\u00e1tek, kter\u00fd m\u016f\u017eete m\u00edt v\u017edy po ruce, a z\u00e1rove\u0148 v\u00fdborn\u011b zasyt\u00ed. Jsou zdravou a rychlou sva\u010dinkou, hod\u00ed se do dezert\u016f, k va\u0159en\u00ed a v\u00fdborn\u011b chutnaj\u00ed i namazan\u00e9 na krekrech.<\/p>\n<p>Dodavatel d\u00e1le uv\u00e1d\u00ed, \u017ee: v\u0161echny o\u0159echy se dov\u00e1\u017e\u00ed p\u0159\u00edmo ze zem\u00ed p\u016fvodu a d\u00edky dobr\u00fdm vztah\u016fm a f\u00e9r jedn\u00e1n\u00ed s na\u0161imi dodavateli se jim \u010dasto da\u0159\u00ed z\u00edskat v\u00fdhradn\u00ed zastoupen\u00ed p\u0159\u00edmo od farm\u00e1\u0159\u016f a p\u011bstitel\u016f t\u011bch nejlep\u0161\u00edch o\u0159\u00ed\u0161k\u016f a ovoce z cel\u00e9ho sv\u011bta.<\/p>\n<p>Pasta z ke\u0161u nab\u00edz\u00ed spoustu benefit\u016f pro na\u0161e zdrav\u00ed. Obsahuje celou \u0159adu vitam\u00edn\u016f, mezi kter\u00fdmi najdeme nap\u0159\u00edklad vitam\u00edn K, d\u016fle\u017eit\u00fd p\u0159edev\u0161\u00edm p\u0159i sr\u00e1\u017elivosti krve a pro spr\u00e1vnou \u010dinnost jater. Z\u00e1rove\u0148 tak\u00e9 v\u00fdznamn\u011b podporuje vst\u0159eb\u00e1v\u00e1n\u00ed v\u00e1pn\u00edku do kost\u00ed, kter\u00e9ho je v ke\u0161u nemal\u00e9 mno\u017estv\u00ed a spolu s drasl\u00edkem a ho\u0159\u010d\u00edkem pom\u00e1haj\u00ed udr\u017eovat kosti ve form\u011b. T\u00e1tov\u00e9 tak m\u016f\u017eou s d\u011btmi vesele \u0159\u00e1dit na h\u0159i\u0161t\u00edch.<\/p>\n<p>Mezi dal\u0161\u00ed blahod\u00e1rn\u00e9 l\u00e1tky pat\u0159\u00ed vitam\u00edny A, B1, B6 a E a spoustu miner\u00e1l\u016f, jako je m\u011b\u010f, fosfor, zinek, ho\u0159\u010d\u00edk, \u017eelezo a selen, kter\u00e9 jsou d\u016fle\u017eit\u00e9 pro spr\u00e1vn\u00e9 fungov\u00e1n\u00ed na\u0161eho t\u011bla. Ke\u0161u pasta p\u016fsob\u00ed tak\u00e9 jako skv\u011bl\u00fd antioxidant, kter\u00fd dokonce p\u0159i pravideln\u00e9 denn\u00ed konzumaci m\u016f\u017ee ochr\u00e1nit na\u0161e o\u010di p\u0159ed po\u0161kozen\u00edm, kter\u00e9 by mohlo v d\u016fsledku st\u00e1rnut\u00ed v\u00e9st k oslepnut\u00ed.<\/p>\n<p>Nenasycen\u00e9 mastn\u00e9 kyseliny pat\u0159\u00ed k obvykl\u00fdm benefit\u016fm o\u0159\u00ed\u0161kov\u00fdch past. Jedn\u00e1 se o \u201ezdrav\u00e9\u201c tuky, kter\u00e9 v rozumn\u00e9m mno\u017estv\u00ed nemaj\u00ed tendenci se ukl\u00e1dat do tukov\u00fdch z\u00e1sob a z\u00e1rove\u0148 jsou pro na\u0161e t\u011blo velmi prosp\u011b\u0161n\u00e9. Pe\u010duj\u00ed p\u0159edev\u0161\u00edm o na\u0161e dva nejd\u016fle\u017eit\u011bj\u0161\u00ed org\u00e1ny, a to mozek a srdce. U\u017e p\u00e1r l\u017ei\u010dkami ke\u0161u kr\u00e9mu denn\u011b podpo\u0159\u00edte zdrav\u00fd v\u00fdvoj va\u0161ich d\u011bt\u00ed a posiln\u00edte srdce cel\u00e9 rodiny.<\/p>\n<ul class=\"basic-description-pohoda-list\">\n<li><strong>Alergeny:<\/strong>\u00a0produkt obsahuje sko\u0159\u00e1pkov\u00e9 plody a m\u016f\u017ee obsahovat podzemnici olejnou (ara\u0161\u00eddy), sezamov\u00e1 semena<\/li>\n<li><strong>Slo\u017een\u00ed:<\/strong>\u00a0<b>pra\u017een\u00e9 ke\u0161u 100%<\/b><\/li>\n<li><strong>N\u00e1vod na pou\u017eit\u00ed:<\/strong> O\u0159echov\u00e9 pasty maj\u00ed v kuchyni velmi variabiln\u00ed pou\u017eit\u00ed. Skv\u011ble se hod\u00ed do r\u016fzn\u00fdch slan\u00fdch i sladk\u00fdch dezert\u016f, asijsk\u00fdch j\u00eddel a v\u00fdborn\u011b chutnaj\u00ed i namazan\u00e9 na chipsech. Proto\u017ee obsahuj\u00ed spoustu vitam\u00edn\u016f a cenn\u00fdch l\u00e1tek, dodaj\u00ed v\u00e1m energii, pos\u00edl\u00ed organismus a rychle za\u017eenou hlad.<\/li>\n<li><strong>Skladov\u00e1n\u00ed:<\/strong>\u00a0Skladujte v suchu p\u0159i teplot\u011b nejv\u00fd\u0161e 22 \u00b0C a relativn\u00ed vlhkosti nejv\u00fd\u0161e 70 %.<\/li>\n<\/ul>\n<table border=\"ano\" width=\"352\">\n<tbody>\n<tr>\n<td colspan=\"2\" width=\"352\"><strong>Nutri\u010dn\u00ed hodnoty na 100g:<\/strong><\/td>\n<\/tr>\n<tr>\n<td>Energetick\u00e1 hodnota (kJ\/kcal)<\/td>\n<td>2404 kJ\/574 kcal<\/td>\n<\/tr>\n<tr>\n<td>B\u00edlkoviny (g)<\/td>\n<td>15<\/td>\n<\/tr>\n<tr>\n<td>Tuky (g)<\/td>\n<td>46<\/td>\n<\/tr>\n<tr>\n<td>Z toho nasycen\u00e9 mastn\u00e9 k. (g)<\/td>\n<td>9<\/td>\n<\/tr>\n<tr>\n<td>Sacharidy (g)<\/td>\n<td>33<\/td>\n<\/tr>\n<tr>\n<td>Z toho cukry (g)<\/td>\n<td>5<\/td>\n<\/tr>\n<tr>\n<td>Vl\u00e1knina (g)<\/td>\n<td>&#8211;<\/td>\n<\/tr>\n<tr>\n<td>S\u016fl (g)<\/td>\n<td>0<\/td>\n<\/tr>\n<\/tbody>\n<\/table>\n<\/div>\n<\/div>\n<\/div>\n<\/div>\n<\/div>\n<\/div>\n<div class=\"pkParam\">\n<table class=\"pkParamTable\">\n<tbody>\n<tr>\n<th>K\u00f3d produktu:<\/th>\n<td>3-PK-190<\/td>\n<\/tr>\n<\/tbody>\n<\/table>\n<\/div>\n","protected":false},"excerpt":{"rendered":"<p>Pasta z ke\u0161u o\u0159ech\u016f.<\/p>\n<ul>\n<li><strong>Slo\u017een\u00ed:<\/strong>\u00a0<b>pra\u017een\u00e9 ke\u0161u 100%<\/b><\/li>\n<\/ul>\n","protected":false},"featured_media":0,"comment_status":"open","ping_status":"closed","template":"","meta":[],"product_brand":[],"product_cat":[575,439],"product_tag":[],"class_list":{"0":"post-23833","1":"product","2":"type-product","3":"status-publish","5":"product_cat-bez-pridaneho-cukru-cs","6":"product_cat-vsechny-produkty-cs","7":"post-no-thumbnail","9":"first","10":"instock","11":"taxable","12":"shipping-taxable","13":"purchasable","14":"product-type-simple"},"lang":"cs","translations":{"cs":23833},"pll_sync_post":[],"_links":{"self":[{"href":"https:\/\/tisana.sirupy.eu\/index.php?rest_route=\/wp\/v2\/product\/23833","targetHints":{"allow":["GET"]}}],"collection":[{"href":"https:\/\/tisana.sirupy.eu\/index.php?rest_route=\/wp\/v2\/product"}],"about":[{"href":"https:\/\/tisana.sirupy.eu\/index.php?rest_route=\/wp\/v2\/types\/product"}],"replies":[{"embeddable":true,"href":"https:\/\/tisana.sirupy.eu\/index.php?rest_route=%2Fwp%2Fv2%2Fcomments&post=23833"}],"version-history":[{"count":6,"href":"https:\/\/tisana.sirupy.eu\/index.php?rest_route=\/wp\/v2\/product\/23833\/revisions"}],"predecessor-version":[{"id":23901,"href":"https:\/\/tisana.sirupy.eu\/index.php?rest_route=\/wp\/v2\/product\/23833\/revisions\/23901"}],"wp:attachment":[{"href":"https:\/\/tisana.sirupy.eu\/index.php?rest_route=%2Fwp%2Fv2%2Fmedia&parent=23833"}],"wp:term":[{"taxonomy":"product_brand","embeddable":true,"href":"https:\/\/tisana.sirupy.eu\/index.php?rest_route=%2Fwp%2Fv2%2Fproduct_brand&post=23833"},{"taxonomy":"product_cat","embeddable":true,"href":"https:\/\/tisana.sirupy.eu\/index.php?rest_route=%2Fwp%2Fv2%2Fproduct_cat&post=23833"},{"taxonomy":"product_tag","embeddable":true,"href":"https:\/\/tisana.sirupy.eu\/index.php?rest_route=%2Fwp%2Fv2%2Fproduct_tag&post=23833"}],"curies":[{"name":"wp","href":"https:\/\/api.w.org\/{rel}","templated":true}]}}