{"id":23125,"date":"2024-08-01T12:46:20","date_gmt":"2024-08-01T12:46:20","guid":{"rendered":"https:\/\/tisana.sirupy.eu\/?post_type=product&#038;p=23125"},"modified":"2024-08-23T12:33:57","modified_gmt":"2024-08-23T12:33:57","slug":"naveneko-spray-mains-purifiant-et-echauffant-au-lavande","status":"publish","type":"product","link":"https:\/\/tisana.sirupy.eu\/?product=naveneko-spray-mains-purifiant-et-echauffant-au-lavande&lang=fr","title":{"rendered":"Naveneko Spray Mains Purifiant et \u00c9chauffant au Lavande"},"content":{"rendered":"<p>Le vaporisateur purifie et il a des effets chauds. Faites\u00a0des pulv\u00e9risations sur la peau. The spray contient un extrait aqueux du fruit du marronnier d\u2019Inde\u00a0et au moins 60% ethanol d\u00e9natur\u00e9e avec l&#8217;huile essentielle de Lavande Volume: 100 ml. ingr\u00e9dients: Alcohol Denat., Aqua, Aesculus Hippocastanum Seed Extrait, Lavandula Angustifolia huile essentiel, Maris Sal, Sodium Carbonate, Limonene, Linalool<\/p>\n","protected":false},"excerpt":{"rendered":"<p>Le vaporisateur purifie et il a des effets chauds. Faites\u00a0des pulv\u00e9risations sur la peau. The spray contient un extrait aqueux du fruit du marronnier d\u2019Inde\u00a0et au moins 60% ethanol d\u00e9natur\u00e9e avec l&#8217;huile essentielle de Lavande Volume: 100 ml. ingr\u00e9dients: Alcohol Denat., Aqua, Aesculus Hippocastanum Seed Extrait, Lavandula Angustifolia huile essentiel, Maris Sal, Sodium Carbonate, Limonene, Linalool<\/p>\n","protected":false},"featured_media":22858,"comment_status":"open","ping_status":"closed","template":"","meta":[],"product_brand":[],"product_cat":[583,565,535],"product_tag":[],"class_list":{"0":"post-23125","1":"product","2":"type-product","3":"status-publish","4":"has-post-thumbnail","6":"product_cat-produits","7":"product_cat-soins-corporel","8":"product_cat-uncategorized-fr","9":"product_shipping_class-easy-fr","11":"first","12":"instock","13":"sale","14":"taxable","15":"shipping-taxable","16":"purchasable","17":"product-type-simple"},"lang":"fr","translations":{"fr":23125,"en":23120,"cs":23051,"de":23122},"pll_sync_post":[],"_links":{"self":[{"href":"https:\/\/tisana.sirupy.eu\/index.php?rest_route=\/wp\/v2\/product\/23125","targetHints":{"allow":["GET"]}}],"collection":[{"href":"https:\/\/tisana.sirupy.eu\/index.php?rest_route=\/wp\/v2\/product"}],"about":[{"href":"https:\/\/tisana.sirupy.eu\/index.php?rest_route=\/wp\/v2\/types\/product"}],"replies":[{"embeddable":true,"href":"https:\/\/tisana.sirupy.eu\/index.php?rest_route=%2Fwp%2Fv2%2Fcomments&post=23125"}],"version-history":[{"count":1,"href":"https:\/\/tisana.sirupy.eu\/index.php?rest_route=\/wp\/v2\/product\/23125\/revisions"}],"predecessor-version":[{"id":23126,"href":"https:\/\/tisana.sirupy.eu\/index.php?rest_route=\/wp\/v2\/product\/23125\/revisions\/23126"}],"wp:featuredmedia":[{"embeddable":true,"href":"https:\/\/tisana.sirupy.eu\/index.php?rest_route=\/wp\/v2\/media\/22858"}],"wp:attachment":[{"href":"https:\/\/tisana.sirupy.eu\/index.php?rest_route=%2Fwp%2Fv2%2Fmedia&parent=23125"}],"wp:term":[{"taxonomy":"product_brand","embeddable":true,"href":"https:\/\/tisana.sirupy.eu\/index.php?rest_route=%2Fwp%2Fv2%2Fproduct_brand&post=23125"},{"taxonomy":"product_cat","embeddable":true,"href":"https:\/\/tisana.sirupy.eu\/index.php?rest_route=%2Fwp%2Fv2%2Fproduct_cat&post=23125"},{"taxonomy":"product_tag","embeddable":true,"href":"https:\/\/tisana.sirupy.eu\/index.php?rest_route=%2Fwp%2Fv2%2Fproduct_tag&post=23125"}],"curies":[{"name":"wp","href":"https:\/\/api.w.org\/{rel}","templated":true}]}}