{"id":23122,"date":"2024-08-01T12:22:06","date_gmt":"2024-08-01T12:22:06","guid":{"rendered":"https:\/\/tisana.sirupy.eu\/?post_type=product&#038;p=23122"},"modified":"2024-08-23T12:34:25","modified_gmt":"2024-08-23T12:34:25","slug":"hand-reinigungs-spray-mit-waermendem-effekt","status":"publish","type":"product","link":"https:\/\/tisana.sirupy.eu\/?product=hand-reinigungs-spray-mit-waermendem-effekt&lang=de","title":{"rendered":"Naveneko Hand-Reinigungs Spray mit w\u00e4rmendem Effekt"},"content":{"rendered":"<p>Naveneko Hand-Reinigungs Spray mit w\u00e4rmendem Effekt<br \/>\nReinigt und w\u00e4rmt. Rasch in die Haut einreiben.Nur zur \u00e4usserlichen Anwendung. Der Spray beinhaltet Kastanienextrakt und mehr als 60% Ethanol aus denaturiertem Lavendel-Oel. Der Inhalt ist zu 100% aus nat\u00fcrlichen Produkten. Inhalt: 100 ml.<\/p>\n","protected":false},"excerpt":{"rendered":"<p>Naveneko Hand-Reinigungs Spray mit w\u00e4rmendem Effekt Reinigt und w\u00e4rmt. Rasch in die Haut einreiben.Nur zur \u00e4usserlichen Anwendung. Der Spray beinhaltet Kastanienextrakt und mehr als 60% Ethanol aus denaturiertem Lavendel-Oel. Der Inhalt ist zu 100% aus nat\u00fcrlichen Produkten. Inhalt: 100 ml.<\/p>\n","protected":false},"featured_media":22858,"comment_status":"open","ping_status":"closed","template":"","meta":[],"product_brand":[],"product_cat":[567,533,585],"product_tag":[],"class_list":{"0":"post-23122","1":"product","2":"type-product","3":"status-publish","4":"has-post-thumbnail","6":"product_cat-kosmetik","7":"product_cat-uncategorized-de","8":"product_cat-produkte","9":"product_shipping_class-easy-de","11":"first","12":"instock","13":"sale","14":"taxable","15":"shipping-taxable","16":"purchasable","17":"product-type-simple"},"lang":"de","translations":{"de":23122,"en":23120,"cs":23051,"fr":23125},"pll_sync_post":[],"_links":{"self":[{"href":"https:\/\/tisana.sirupy.eu\/index.php?rest_route=\/wp\/v2\/product\/23122","targetHints":{"allow":["GET"]}}],"collection":[{"href":"https:\/\/tisana.sirupy.eu\/index.php?rest_route=\/wp\/v2\/product"}],"about":[{"href":"https:\/\/tisana.sirupy.eu\/index.php?rest_route=\/wp\/v2\/types\/product"}],"replies":[{"embeddable":true,"href":"https:\/\/tisana.sirupy.eu\/index.php?rest_route=%2Fwp%2Fv2%2Fcomments&post=23122"}],"version-history":[{"count":2,"href":"https:\/\/tisana.sirupy.eu\/index.php?rest_route=\/wp\/v2\/product\/23122\/revisions"}],"predecessor-version":[{"id":23124,"href":"https:\/\/tisana.sirupy.eu\/index.php?rest_route=\/wp\/v2\/product\/23122\/revisions\/23124"}],"wp:featuredmedia":[{"embeddable":true,"href":"https:\/\/tisana.sirupy.eu\/index.php?rest_route=\/wp\/v2\/media\/22858"}],"wp:attachment":[{"href":"https:\/\/tisana.sirupy.eu\/index.php?rest_route=%2Fwp%2Fv2%2Fmedia&parent=23122"}],"wp:term":[{"taxonomy":"product_brand","embeddable":true,"href":"https:\/\/tisana.sirupy.eu\/index.php?rest_route=%2Fwp%2Fv2%2Fproduct_brand&post=23122"},{"taxonomy":"product_cat","embeddable":true,"href":"https:\/\/tisana.sirupy.eu\/index.php?rest_route=%2Fwp%2Fv2%2Fproduct_cat&post=23122"},{"taxonomy":"product_tag","embeddable":true,"href":"https:\/\/tisana.sirupy.eu\/index.php?rest_route=%2Fwp%2Fv2%2Fproduct_tag&post=23122"}],"curies":[{"name":"wp","href":"https:\/\/api.w.org\/{rel}","templated":true}]}}