{"id":23103,"date":"2024-07-31T16:45:56","date_gmt":"2024-07-31T16:45:56","guid":{"rendered":"https:\/\/tisana.sirupy.eu\/?post_type=product&#038;p=23103"},"modified":"2025-09-11T14:54:32","modified_gmt":"2025-09-11T14:54:32","slug":"tisana-artemisia","status":"publish","type":"product","link":"https:\/\/tisana.sirupy.eu\/?product=tisana-artemisia&lang=cs","title":{"rendered":"Tisana Artemisia"},"content":{"rendered":"<p>Tisana Artemisia je bylinn\u00fd \u010daj se zahu\u0161t\u011bnou jable\u010dnou \u0161\u0165\u00e1vou ur\u010den\u00fd k p\u0159\u00edprav\u011b nealkoholick\u00fdch n\u00e1poj\u016f a dom\u00e1c\u00edch limon\u00e1d. Bez p\u0159\u00eddavku cukru. N\u00e1vod: z\u0159e\u010fte alespo\u0148 \u0161estin\u00e1sobn\u00fdm mno\u017estv\u00edm hork\u00e9 \u010di studen\u00e9 vody. Po otev\u0159en\u00ed skladujte p\u0159i teplot\u011b 2\u20135\u00b0C a spot\u0159ebujte do 14 dn\u016f. Pasterov\u00e1no. Sediment nen\u00ed na z\u00e1vadu. P\u0159ed pou\u017eit\u00edm prot\u0159epat. Slo\u017een\u00ed: extrakt z pely\u0148ku ro\u010dn\u00edho (voda, artemisia annua ( 4%), 45%), zahu\u0161t\u011bn\u00e1 jable\u010dn\u00e1 \u0161\u0165\u00e1va (55%). Objem: 0,33 l. Pr\u016fm\u011brn\u00e9 v\u00fd\u017eivov\u00e9 hodnoty ve 100 ml: energetick\u00e1 hodnota 595 kJ \/ 140 kcal, tuky &lt; 0,1 g, z toho nasycen\u00e9 mastn\u00e9 kyseliny &lt; 0,1 g, sacharidy 35 g, z toho cukr 35 g, b\u00edlkoviny &lt; 0,3 g.<\/p>\n<p>V\u00fdrobce: LL spol. s r. o., B\u011blohorsk\u00e1 493\/63, 169 00 Praha 6, tel.: ( 420) 235366410, www.llcomp.cz, www.sirupy.eu<\/p>\n","protected":false},"excerpt":{"rendered":"<p>B\u0159\u00edza s jablkem je koncentr\u00e1t ur\u010den\u00fd k p\u0159\u00edprav\u011b nealkoholick\u00fdch n\u00e1poj\u016f. Z\u0159ed\u011bn\u00edm studenou \u010di horkou vodou, p\u0159\u00edp. p\u0159id\u00e1n\u00edm citronov\u00e9 \u0161\u0165\u00e1vy z\u00edsk\u00e1te lahodn\u00fd bylinn\u00fd \u010daj, \u010di b\u0159ezovou limon\u00e1du. B\u0159\u00edza s jablkem je bez p\u0159\u00eddavku cukru a je dod\u00e1v\u00e1na ve 330 ml sklen\u011bn\u00fdch l\u00e1hv\u00edch.<\/p>\n<p>&nbsp;<\/p>\n","protected":false},"featured_media":22878,"comment_status":"closed","ping_status":"closed","template":"","meta":[],"product_brand":[],"product_cat":[575,587,449,443,439],"product_tag":[],"class_list":{"0":"post-23103","1":"product","2":"type-product","3":"status-publish","4":"has-post-thumbnail","6":"product_cat-bez-pridaneho-cukru-cs","7":"product_cat-produkty","8":"product_cat-ovocne-cs","9":"product_cat-sirupy-a-koncentraty-ve-sklenenych-lahvich-330-ml-cs","10":"product_cat-vsechny-produkty-cs","12":"first","13":"outofstock","14":"taxable","15":"shipping-taxable","16":"purchasable","17":"product-type-simple"},"lang":"cs","translations":{"cs":23103},"pll_sync_post":[],"_links":{"self":[{"href":"https:\/\/tisana.sirupy.eu\/index.php?rest_route=\/wp\/v2\/product\/23103","targetHints":{"allow":["GET"]}}],"collection":[{"href":"https:\/\/tisana.sirupy.eu\/index.php?rest_route=\/wp\/v2\/product"}],"about":[{"href":"https:\/\/tisana.sirupy.eu\/index.php?rest_route=\/wp\/v2\/types\/product"}],"replies":[{"embeddable":true,"href":"https:\/\/tisana.sirupy.eu\/index.php?rest_route=%2Fwp%2Fv2%2Fcomments&post=23103"}],"version-history":[{"count":1,"href":"https:\/\/tisana.sirupy.eu\/index.php?rest_route=\/wp\/v2\/product\/23103\/revisions"}],"predecessor-version":[{"id":23118,"href":"https:\/\/tisana.sirupy.eu\/index.php?rest_route=\/wp\/v2\/product\/23103\/revisions\/23118"}],"wp:featuredmedia":[{"embeddable":true,"href":"https:\/\/tisana.sirupy.eu\/index.php?rest_route=\/wp\/v2\/media\/22878"}],"wp:attachment":[{"href":"https:\/\/tisana.sirupy.eu\/index.php?rest_route=%2Fwp%2Fv2%2Fmedia&parent=23103"}],"wp:term":[{"taxonomy":"product_brand","embeddable":true,"href":"https:\/\/tisana.sirupy.eu\/index.php?rest_route=%2Fwp%2Fv2%2Fproduct_brand&post=23103"},{"taxonomy":"product_cat","embeddable":true,"href":"https:\/\/tisana.sirupy.eu\/index.php?rest_route=%2Fwp%2Fv2%2Fproduct_cat&post=23103"},{"taxonomy":"product_tag","embeddable":true,"href":"https:\/\/tisana.sirupy.eu\/index.php?rest_route=%2Fwp%2Fv2%2Fproduct_tag&post=23103"}],"curies":[{"name":"wp","href":"https:\/\/api.w.org\/{rel}","templated":true}]}}