{"id":23100,"date":"2024-07-31T16:45:55","date_gmt":"2024-07-31T16:45:55","guid":{"rendered":"https:\/\/tisana.sirupy.eu\/?post_type=product&#038;p=23100"},"modified":"2025-08-21T09:36:43","modified_gmt":"2025-08-21T09:36:43","slug":"toop-rooibos-red-ice-tea","status":"publish","type":"product","link":"https:\/\/tisana.sirupy.eu\/?product=toop-rooibos-red-ice-tea&lang=cs","title":{"rendered":"TO:oP Rooibos &#8211; Red ice tea"},"content":{"rendered":"<p>To Rooibos je koncentr\u00e1t ur\u010den\u00fd k p\u0159\u00edprav\u011b nealkoholick\u00fdch n\u00e1poj\u016f a dom\u00e1c\u00edch limon\u00e1d. N\u00e1vod: z\u0159e\u010fte to alespo\u0148 \u010dty\u0159n\u00e1sobn\u00fdm mno\u017estv\u00edm hork\u00e9 \u010di studen\u00e9 vody. Po otev\u0159en\u00ed skladujte p\u0159i teplot\u011b 2\u20135\u00b0C a spot\u0159ebujte do 14 dn\u016f. Pasterov\u00e1no. Sediment nen\u00ed na z\u00e1vadu. P\u0159ed pou\u017eit\u00edm prot\u0159epat. Slo\u017een\u00ed: extrakt z rooibosu (voda, rooibos) 57%, t\u0159tinov\u00fd cukr, citronov\u00fd koncentr\u00e1t. Objem: 0,7 l. Minim\u00e1ln\u00ed trvanlivost do data uveden\u00e9ho na dn\u011b l\u00e1hve. V\u00fdrobce: LL spol. s r. o., B\u011blohorsk\u00e1 493\/63, 169 00 Praha 6, tel.: (+420) 235366410, www.llcomp.cz, www.sirupy.eu<br \/>\nPr\u016fm\u011brn\u00e9 v\u00fd\u017eivov\u00e9 hodnoty ve 100 ml: energetick\u00e1 hodnota 740 kJ \/ 174 kcal, tuky &lt; 0,1 g, z toho nasycen\u00e9 mastn\u00e9 kyseliny &lt; 0,1 g, sacharidy 42 g, z toho cukr 42 g, b\u00edlkoviny &lt; 0,3 g.<\/p>\n","protected":false},"excerpt":{"rendered":"<p>To Rooibos je ur\u010den\u00fd k p\u0159\u00edprav\u011b nealkoholick\u00fdch n\u00e1poj\u016f. Z\u0159ed\u011bn\u00edm studenou \u010di horkou vodou, p\u0159\u00edp. p\u0159id\u00e1n\u00edm citronov\u00e9 \u0161\u0165\u00e1vy z\u00edsk\u00e1te lahodn\u00fd \u010derven\u00fd \u010daj, \u010di ice tea jako\u00a0dom\u00e1c\u00ed limon\u00e1du vhodnou i pro d\u011bti. To Rooibos je slazen t\u0159tinov\u00fdm cukrem a dod\u00e1v\u00e1n v 7 dl sklen\u011bn\u00fdch l\u00e1hv\u00edch.<\/p>\n","protected":false},"featured_media":22881,"comment_status":"closed","ping_status":"closed","template":"","meta":[],"product_brand":[648],"product_cat":[587,514,447,460,439],"product_tag":[],"class_list":{"0":"post-23100","1":"product","2":"type-product","3":"status-publish","4":"has-post-thumbnail","6":"product_brand-toop","7":"product_cat-produkty","8":"product_cat-se-trtinovym-cukrem","9":"product_cat-sirupy-a-koncentraty-ve-sklenenych-lahvich-700-ml-cs","10":"product_cat-uncategorized-cs","11":"product_cat-vsechny-produkty-cs","13":"first","14":"instock","15":"taxable","16":"shipping-taxable","17":"purchasable","18":"product-type-simple"},"lang":"cs","translations":{"cs":23100,"en":24022},"pll_sync_post":[],"_links":{"self":[{"href":"https:\/\/tisana.sirupy.eu\/index.php?rest_route=\/wp\/v2\/product\/23100","targetHints":{"allow":["GET"]}}],"collection":[{"href":"https:\/\/tisana.sirupy.eu\/index.php?rest_route=\/wp\/v2\/product"}],"about":[{"href":"https:\/\/tisana.sirupy.eu\/index.php?rest_route=\/wp\/v2\/types\/product"}],"replies":[{"embeddable":true,"href":"https:\/\/tisana.sirupy.eu\/index.php?rest_route=%2Fwp%2Fv2%2Fcomments&post=23100"}],"version-history":[{"count":1,"href":"https:\/\/tisana.sirupy.eu\/index.php?rest_route=\/wp\/v2\/product\/23100\/revisions"}],"predecessor-version":[{"id":23115,"href":"https:\/\/tisana.sirupy.eu\/index.php?rest_route=\/wp\/v2\/product\/23100\/revisions\/23115"}],"wp:featuredmedia":[{"embeddable":true,"href":"https:\/\/tisana.sirupy.eu\/index.php?rest_route=\/wp\/v2\/media\/22881"}],"wp:attachment":[{"href":"https:\/\/tisana.sirupy.eu\/index.php?rest_route=%2Fwp%2Fv2%2Fmedia&parent=23100"}],"wp:term":[{"taxonomy":"product_brand","embeddable":true,"href":"https:\/\/tisana.sirupy.eu\/index.php?rest_route=%2Fwp%2Fv2%2Fproduct_brand&post=23100"},{"taxonomy":"product_cat","embeddable":true,"href":"https:\/\/tisana.sirupy.eu\/index.php?rest_route=%2Fwp%2Fv2%2Fproduct_cat&post=23100"},{"taxonomy":"product_tag","embeddable":true,"href":"https:\/\/tisana.sirupy.eu\/index.php?rest_route=%2Fwp%2Fv2%2Fproduct_tag&post=23100"}],"curies":[{"name":"wp","href":"https:\/\/api.w.org\/{rel}","templated":true}]}}