{"id":23099,"date":"2024-07-31T16:45:55","date_gmt":"2024-07-31T16:45:55","guid":{"rendered":"https:\/\/tisana.sirupy.eu\/?post_type=product&#038;p=23099"},"modified":"2025-08-21T09:36:29","modified_gmt":"2025-08-21T09:36:29","slug":"extra-toop-zazvor","status":"publish","type":"product","link":"https:\/\/tisana.sirupy.eu\/?product=extra-toop-zazvor&lang=cs","title":{"rendered":"EXTRA TO:oP Z\u00e1zvor"},"content":{"rendered":"<p>Ost\u0159ej\u0161\u00ed varianta z\u00e1zvorov\u00e9ho koncentr\u00e1tu se t\u0159tinov\u00fdm cukrem. Slo\u017een\u00ed: extrakt ze z\u00e1zvoru (voda, z\u00e1zvor) 64%, t\u0159tinov\u00fd cukr, citronov\u00fd koncentr\u00e1t. Objem: 0,7 l. Pasterov\u00e1no. Sediment nen\u00ed na z\u00e1vadu. P\u0159ed pou\u017eit\u00edm prot\u0159epat.<\/p>\n","protected":false},"excerpt":{"rendered":"<p>Z\u00e1zvorov\u00fd koncentr\u00e1t se t\u0159tinov\u00fdm cukrem, zvl\u00e1\u0161\u0165 p\u00e1liv\u00fd, 0, 7 l ve sklen\u011bn\u00e9 l\u00e1hvi.<\/p>\n","protected":false},"featured_media":22887,"comment_status":"closed","ping_status":"closed","template":"","meta":[],"product_brand":[648],"product_cat":[587,514,447,439],"product_tag":[],"class_list":{"0":"post-23099","1":"product","2":"type-product","3":"status-publish","4":"has-post-thumbnail","6":"product_brand-toop","7":"product_cat-produkty","8":"product_cat-se-trtinovym-cukrem","9":"product_cat-sirupy-a-koncentraty-ve-sklenenych-lahvich-700-ml-cs","10":"product_cat-vsechny-produkty-cs","12":"first","13":"instock","14":"taxable","15":"shipping-taxable","16":"purchasable","17":"product-type-simple"},"lang":"cs","translations":{"cs":23099},"pll_sync_post":[],"_links":{"self":[{"href":"https:\/\/tisana.sirupy.eu\/index.php?rest_route=\/wp\/v2\/product\/23099","targetHints":{"allow":["GET"]}}],"collection":[{"href":"https:\/\/tisana.sirupy.eu\/index.php?rest_route=\/wp\/v2\/product"}],"about":[{"href":"https:\/\/tisana.sirupy.eu\/index.php?rest_route=\/wp\/v2\/types\/product"}],"replies":[{"embeddable":true,"href":"https:\/\/tisana.sirupy.eu\/index.php?rest_route=%2Fwp%2Fv2%2Fcomments&post=23099"}],"version-history":[{"count":1,"href":"https:\/\/tisana.sirupy.eu\/index.php?rest_route=\/wp\/v2\/product\/23099\/revisions"}],"predecessor-version":[{"id":23113,"href":"https:\/\/tisana.sirupy.eu\/index.php?rest_route=\/wp\/v2\/product\/23099\/revisions\/23113"}],"wp:featuredmedia":[{"embeddable":true,"href":"https:\/\/tisana.sirupy.eu\/index.php?rest_route=\/wp\/v2\/media\/22887"}],"wp:attachment":[{"href":"https:\/\/tisana.sirupy.eu\/index.php?rest_route=%2Fwp%2Fv2%2Fmedia&parent=23099"}],"wp:term":[{"taxonomy":"product_brand","embeddable":true,"href":"https:\/\/tisana.sirupy.eu\/index.php?rest_route=%2Fwp%2Fv2%2Fproduct_brand&post=23099"},{"taxonomy":"product_cat","embeddable":true,"href":"https:\/\/tisana.sirupy.eu\/index.php?rest_route=%2Fwp%2Fv2%2Fproduct_cat&post=23099"},{"taxonomy":"product_tag","embeddable":true,"href":"https:\/\/tisana.sirupy.eu\/index.php?rest_route=%2Fwp%2Fv2%2Fproduct_tag&post=23099"}],"curies":[{"name":"wp","href":"https:\/\/api.w.org\/{rel}","templated":true}]}}