{"id":23098,"date":"2024-07-31T16:45:54","date_gmt":"2024-07-31T16:45:54","guid":{"rendered":"https:\/\/tisana.sirupy.eu\/?post_type=product&#038;p=23098"},"modified":"2025-08-21T09:37:47","modified_gmt":"2025-08-21T09:37:47","slug":"toop-ibisek-s-malinou","status":"publish","type":"product","link":"https:\/\/tisana.sirupy.eu\/?product=toop-ibisek-s-malinou&lang=cs","title":{"rendered":"TO:oP Ibi\u0161ek s malinou"},"content":{"rendered":"<p>Slo\u017een\u00ed: extrakt z kv\u011bt\u016f ibi\u0161ku (49%), cukr, voda, malinov\u00fd extrakt (2%), citronov\u00fd koncentr\u00e1t. Objem: 0,7 l.\u00a0Po\u00a0otev\u0159en\u00ed skladujte p\u0159i teplot\u011b 2-5\u00b0C a\u00a0spot\u0159ebujte do 14 dn\u016f. Pr\u016fm\u011brn\u00e9 v\u00fd\u017eivov\u00e9 hodnoty ve\u00a0100 ml: Energetick\u00e1 hodnota 740 kJ \/ 174 kcal, tuky &lt; 0,1 g, z toho nasycen\u00e9 mastn\u00e9 kyseliny &lt; 0,1 g, sacharidy 42 g, z toho cukr 42 g, b\u00edlkoviny &lt; 0,3 g, s\u016fl &lt; 0,03 g.<\/p>\n","protected":false},"excerpt":{"rendered":"<p class=\"product_title entry-title\">To Ibi\u0161ek s malinou je koncentr\u00e1t bez p\u0159\u00eddavku um\u011bl\u00fdch sladidel, barviv a konzervant\u016f ur\u010den\u00fd k p\u0159\u00edprav\u011b nealkoholick\u00fdch n\u00e1poj\u016f ve sklen\u011bn\u00e9 l\u00e1hvi 0, 7 l. N\u00e1vod: Z\u0159e\u010fte To alespo\u0148 p\u011btin\u00e1sobn\u00fdm mno\u017estv\u00edm studen\u00e9 \u010di hork\u00e9 vody a n\u00e1poj je hotov. M\u016f\u017eete tak\u00e9 p\u0159idat kapku citronov\u00e9 \u010di jin\u00e9 ovocn\u00e9 \u0161\u0165\u00e1vy nebo To p\u0159im\u00edchat do sv\u00e9ho obl\u00edben\u00e9ho n\u00e1poje. Po otev\u0159en\u00ed To uchov\u00e1vejte v chladu a spot\u0159ebujte do 14 dn\u016f.<\/p>\n<p>&nbsp;<\/p>\n","protected":false},"featured_media":22883,"comment_status":"closed","ping_status":"closed","template":"","meta":[],"product_brand":[648],"product_cat":[587,449,447,460,439],"product_tag":[],"class_list":{"0":"post-23098","1":"product","2":"type-product","3":"status-publish","4":"has-post-thumbnail","6":"product_brand-toop","7":"product_cat-produkty","8":"product_cat-ovocne-cs","9":"product_cat-sirupy-a-koncentraty-ve-sklenenych-lahvich-700-ml-cs","10":"product_cat-uncategorized-cs","11":"product_cat-vsechny-produkty-cs","13":"first","14":"instock","15":"taxable","16":"shipping-taxable","17":"purchasable","18":"product-type-simple"},"lang":"cs","translations":{"cs":23098},"pll_sync_post":[],"_links":{"self":[{"href":"https:\/\/tisana.sirupy.eu\/index.php?rest_route=\/wp\/v2\/product\/23098","targetHints":{"allow":["GET"]}}],"collection":[{"href":"https:\/\/tisana.sirupy.eu\/index.php?rest_route=\/wp\/v2\/product"}],"about":[{"href":"https:\/\/tisana.sirupy.eu\/index.php?rest_route=\/wp\/v2\/types\/product"}],"replies":[{"embeddable":true,"href":"https:\/\/tisana.sirupy.eu\/index.php?rest_route=%2Fwp%2Fv2%2Fcomments&post=23098"}],"version-history":[{"count":1,"href":"https:\/\/tisana.sirupy.eu\/index.php?rest_route=\/wp\/v2\/product\/23098\/revisions"}],"predecessor-version":[{"id":23112,"href":"https:\/\/tisana.sirupy.eu\/index.php?rest_route=\/wp\/v2\/product\/23098\/revisions\/23112"}],"wp:featuredmedia":[{"embeddable":true,"href":"https:\/\/tisana.sirupy.eu\/index.php?rest_route=\/wp\/v2\/media\/22883"}],"wp:attachment":[{"href":"https:\/\/tisana.sirupy.eu\/index.php?rest_route=%2Fwp%2Fv2%2Fmedia&parent=23098"}],"wp:term":[{"taxonomy":"product_brand","embeddable":true,"href":"https:\/\/tisana.sirupy.eu\/index.php?rest_route=%2Fwp%2Fv2%2Fproduct_brand&post=23098"},{"taxonomy":"product_cat","embeddable":true,"href":"https:\/\/tisana.sirupy.eu\/index.php?rest_route=%2Fwp%2Fv2%2Fproduct_cat&post=23098"},{"taxonomy":"product_tag","embeddable":true,"href":"https:\/\/tisana.sirupy.eu\/index.php?rest_route=%2Fwp%2Fv2%2Fproduct_tag&post=23098"}],"curies":[{"name":"wp","href":"https:\/\/api.w.org\/{rel}","templated":true}]}}