{"id":23097,"date":"2024-07-31T16:45:54","date_gmt":"2024-07-31T16:45:54","guid":{"rendered":"https:\/\/tisana.sirupy.eu\/?post_type=product&#038;p=23097"},"modified":"2025-08-21T09:37:39","modified_gmt":"2025-08-21T09:37:39","slug":"toop-lipa","status":"publish","type":"product","link":"https:\/\/tisana.sirupy.eu\/?product=toop-lipa&lang=cs","title":{"rendered":"TO:oP L\u00edpa"},"content":{"rendered":"<p>Slo\u017een\u00ed: extrakt z kv\u011bt\u016f l\u00edpy (45%), cukr, voda, citronov\u00fd koncentr\u00e1t, kyselina askorbov\u00e1. Objem: 0,7 l.\u00a0Po\u00a0otev\u0159en\u00ed skladujte p\u0159i teplot\u011b 2\u00a0&#8211; 5\u00b0C a\u00a0spot\u0159ebujte do 14 dn\u016f. Pr\u016fm\u011brn\u00e9 v\u00fd\u017eivov\u00e9 hodnoty ve\u00a0100 ml: Energetick\u00e1 hodnota 740 kJ \/ 174 kcal, tuky &lt; 0,1 g, z toho nasycen\u00e9 mastn\u00e9 kyseliny &lt; 0,1 g, sacharidy 42 g, z toho cukr 42 g, b\u00edlkoviny &lt; 0,3 g, s\u016fl &lt; 0,03 g.<\/p>\n","protected":false},"excerpt":{"rendered":"<p>Slo\u017een\u00ed: extrakt z kv\u011bt\u016f l\u00edpy (45%), cukr, voda, citronov\u00fd koncentr\u00e1t, kyselina askorbov\u00e1. Objem: 0,7 l.\u00a0Po\u00a0otev\u0159en\u00ed skladujte p\u0159i teplot\u011b 2\u00a0&#8211; 5\u00b0C a\u00a0spot\u0159ebujte do 14 dn\u016f. Pr\u016fm\u011brn\u00e9 v\u00fd\u017eivov\u00e9 hodnoty ve\u00a0100 ml: Energetick\u00e1 hodnota 740 kJ \/ 174 kcal, tuky &lt; 0,1 g, z toho nasycen\u00e9 mastn\u00e9 kyseliny &lt; 0,1 g, sacharidy 42 g, z toho cukr 42 g, b\u00edlkoviny &lt; 0,3 g, s\u016fl &lt; 0,03 g.<\/p>\n","protected":false},"featured_media":22894,"comment_status":"closed","ping_status":"closed","template":"","meta":[],"product_brand":[648],"product_cat":[587,447,439],"product_tag":[],"class_list":{"0":"post-23097","1":"product","2":"type-product","3":"status-publish","4":"has-post-thumbnail","6":"product_brand-toop","7":"product_cat-produkty","8":"product_cat-sirupy-a-koncentraty-ve-sklenenych-lahvich-700-ml-cs","9":"product_cat-vsechny-produkty-cs","11":"first","12":"instock","13":"taxable","14":"shipping-taxable","15":"purchasable","16":"product-type-simple"},"lang":"cs","translations":{"cs":23097},"pll_sync_post":[],"_links":{"self":[{"href":"https:\/\/tisana.sirupy.eu\/index.php?rest_route=\/wp\/v2\/product\/23097","targetHints":{"allow":["GET"]}}],"collection":[{"href":"https:\/\/tisana.sirupy.eu\/index.php?rest_route=\/wp\/v2\/product"}],"about":[{"href":"https:\/\/tisana.sirupy.eu\/index.php?rest_route=\/wp\/v2\/types\/product"}],"replies":[{"embeddable":true,"href":"https:\/\/tisana.sirupy.eu\/index.php?rest_route=%2Fwp%2Fv2%2Fcomments&post=23097"}],"version-history":[{"count":1,"href":"https:\/\/tisana.sirupy.eu\/index.php?rest_route=\/wp\/v2\/product\/23097\/revisions"}],"predecessor-version":[{"id":23111,"href":"https:\/\/tisana.sirupy.eu\/index.php?rest_route=\/wp\/v2\/product\/23097\/revisions\/23111"}],"wp:featuredmedia":[{"embeddable":true,"href":"https:\/\/tisana.sirupy.eu\/index.php?rest_route=\/wp\/v2\/media\/22894"}],"wp:attachment":[{"href":"https:\/\/tisana.sirupy.eu\/index.php?rest_route=%2Fwp%2Fv2%2Fmedia&parent=23097"}],"wp:term":[{"taxonomy":"product_brand","embeddable":true,"href":"https:\/\/tisana.sirupy.eu\/index.php?rest_route=%2Fwp%2Fv2%2Fproduct_brand&post=23097"},{"taxonomy":"product_cat","embeddable":true,"href":"https:\/\/tisana.sirupy.eu\/index.php?rest_route=%2Fwp%2Fv2%2Fproduct_cat&post=23097"},{"taxonomy":"product_tag","embeddable":true,"href":"https:\/\/tisana.sirupy.eu\/index.php?rest_route=%2Fwp%2Fv2%2Fproduct_tag&post=23097"}],"curies":[{"name":"wp","href":"https:\/\/api.w.org\/{rel}","templated":true}]}}