{"id":23094,"date":"2024-07-31T16:45:53","date_gmt":"2024-07-31T16:45:53","guid":{"rendered":"https:\/\/tisana.sirupy.eu\/?post_type=product&#038;p=23094"},"modified":"2025-08-21T09:40:38","modified_gmt":"2025-08-21T09:40:38","slug":"to-pomeranc-s-rakytnikem","status":"publish","type":"product","link":"https:\/\/tisana.sirupy.eu\/?product=to-pomeranc-s-rakytnikem&lang=cs","title":{"rendered":"TO Pomeran\u010d s rakytn\u00edkem"},"content":{"rendered":"<p>Po otev\u0159en\u00ed skladujte p\u0159i teplot\u011b 2 &#8211; \u00ad5\u00b0C a\u00a0spot\u0159ebujte do 14 dn\u016f. Slo\u017een\u00ed: pomeran\u010dov\u00e1 \u0161\u0165\u00e1va z koncentr\u00e1tu, voda, nerafinovan\u00fd t\u0159tinov\u00fd cukr,\u00a0rakytn\u00edkov\u00e1 \u0161\u0165\u00e1va, citronov\u00fd koncentr\u00e1t, kyselina askorbov\u00e1. Objem: 0,7l.\u00a0Pasterov\u00e1no. Sediment nen\u00ed na z\u00e1vadu. P\u0159ed pou\u017eit\u00edm prot\u0159epat. Pr\u016fm\u011brn\u00e9 v\u00fd\u017eivov\u00e9 hodnoty ve\u00a0100 ml: Energetick\u00e1 hodnota 740 kJ \/ 174 kcal, tuky &lt; 0,1 g, z toho nasycen\u00e9 mastn\u00e9 kyseliny &lt; 0,1 g, sacharidy 42 g, z toho cukr 42 g, b\u00edlkoviny &lt; 0,3 g, s\u016fl &lt; 0,03 g.<\/p>\n","protected":false},"excerpt":{"rendered":"<p><span style=\"font-family: helvetica,arial,sans-serif;\"><span style=\"font-size: 12pt;\">TO pomeran\u010d s rakytn\u00edkem je koncentr\u00e1t k p\u0159\u00edprav\u011b nealkoholick\u00fdch n\u00e1poj\u016f bez p\u0159\u00eddavku barviv, um\u011bl\u00fdch sladidel a\u00a0konzervant\u016f. Oslazeno t\u0159tinov\u00fdm cukrem. Slo\u017een\u00ed a dal\u0161\u00ed \u00fadaje o v\u00fdrobku jsou uvedeny n\u00ed\u017ee v popisu produktu.<br \/>\n<\/span><\/span><\/p>\n","protected":false},"featured_media":22893,"comment_status":"closed","ping_status":"closed","template":"","meta":[],"product_brand":[648],"product_cat":[449,447,439],"product_tag":[],"class_list":{"0":"post-23094","1":"product","2":"type-product","3":"status-publish","4":"has-post-thumbnail","6":"product_brand-toop","7":"product_cat-ovocne-cs","8":"product_cat-sirupy-a-koncentraty-ve-sklenenych-lahvich-700-ml-cs","9":"product_cat-vsechny-produkty-cs","11":"first","12":"instock","13":"taxable","14":"shipping-taxable","15":"purchasable","16":"product-type-simple"},"lang":"cs","translations":{"cs":23094},"pll_sync_post":[],"_links":{"self":[{"href":"https:\/\/tisana.sirupy.eu\/index.php?rest_route=\/wp\/v2\/product\/23094","targetHints":{"allow":["GET"]}}],"collection":[{"href":"https:\/\/tisana.sirupy.eu\/index.php?rest_route=\/wp\/v2\/product"}],"about":[{"href":"https:\/\/tisana.sirupy.eu\/index.php?rest_route=\/wp\/v2\/types\/product"}],"replies":[{"embeddable":true,"href":"https:\/\/tisana.sirupy.eu\/index.php?rest_route=%2Fwp%2Fv2%2Fcomments&post=23094"}],"version-history":[{"count":1,"href":"https:\/\/tisana.sirupy.eu\/index.php?rest_route=\/wp\/v2\/product\/23094\/revisions"}],"predecessor-version":[{"id":23108,"href":"https:\/\/tisana.sirupy.eu\/index.php?rest_route=\/wp\/v2\/product\/23094\/revisions\/23108"}],"wp:featuredmedia":[{"embeddable":true,"href":"https:\/\/tisana.sirupy.eu\/index.php?rest_route=\/wp\/v2\/media\/22893"}],"wp:attachment":[{"href":"https:\/\/tisana.sirupy.eu\/index.php?rest_route=%2Fwp%2Fv2%2Fmedia&parent=23094"}],"wp:term":[{"taxonomy":"product_brand","embeddable":true,"href":"https:\/\/tisana.sirupy.eu\/index.php?rest_route=%2Fwp%2Fv2%2Fproduct_brand&post=23094"},{"taxonomy":"product_cat","embeddable":true,"href":"https:\/\/tisana.sirupy.eu\/index.php?rest_route=%2Fwp%2Fv2%2Fproduct_cat&post=23094"},{"taxonomy":"product_tag","embeddable":true,"href":"https:\/\/tisana.sirupy.eu\/index.php?rest_route=%2Fwp%2Fv2%2Fproduct_tag&post=23094"}],"curies":[{"name":"wp","href":"https:\/\/api.w.org\/{rel}","templated":true}]}}