{"id":23093,"date":"2024-07-31T16:45:53","date_gmt":"2024-07-31T16:45:53","guid":{"rendered":"https:\/\/tisana.sirupy.eu\/?post_type=product&#038;p=23093"},"modified":"2025-08-21T09:39:34","modified_gmt":"2025-08-21T09:39:34","slug":"toop-z-maty-peprne","status":"publish","type":"product","link":"https:\/\/tisana.sirupy.eu\/?product=toop-z-maty-peprne&lang=cs","title":{"rendered":"TO:oP z m\u00e1ty peprn\u00e9"},"content":{"rendered":"<p><span style=\"font-family: helvetica,arial,sans-serif;\">TO:oP je bez p\u0159\u00eddavku barviv a konzervant\u016f. Po otev\u0159en\u00ed skladujte p\u0159i teplot\u011b 2 &#8211; 5\u00b0C a spot\u0159ebujte do 14 dn\u016f. Ze sirupu lze p\u0159ipravit hork\u00fd \u010daj nebo osv\u011b\u017euj\u00edc\u00ed nealkoholick\u00fd mojito n\u00e1poj s miner\u00e1lkou a ledem. Slo\u017een\u00ed: extrakt z list\u016f m\u00e1ty peprn\u00e9, t\u0159tinov\u00fd cukr, koncentrovan\u00e1 limetkov\u00e1 \u0161\u0165\u00e1va, kyselina citr\u00f3nov\u00e1. Pasterov\u00e1no. Objem: 0,7 l. Pr\u016fm\u011brn\u00e9 v\u00fd\u017eivov\u00e9 hodnoty ve 100 ml: Energetick\u00e1 hodnota 740 kJ \/ 174 kcal, tuky &lt; 0,1 g, z toho nasycen\u00e9 mastn\u00e9 kyseliny &lt; 0,1 g, sacharidy 42 g, z toho cukr 42 g, b\u00edlkoviny &lt; 0,3 g, s\u016fl &lt; 0,03 g.<\/span><\/p>\n<p>&nbsp;<\/p>\n","protected":false},"excerpt":{"rendered":"<p>To z m\u00e1ty peprn\u00e9 se t\u0159tinov\u00fdm cukrem a limetkovou \u0161\u0165\u00e1vou je koncentr\u00e1t k p\u0159\u00edprav\u011b nealkoholick\u00fdch n\u00e1poj\u016f. Doporu\u010den\u00e9 \u0159ed\u011bn\u00ed je alespo\u0148 p\u011btin\u00e1sobn\u00fdm mno\u017estv\u00edm hork\u00e9 \u010di studen\u00e9 vody. Lze tak\u00e9 p\u0159id\u00e1vat do m\u00fcsli, jogurtu, zmrzliny, apod.<\/p>\n<p>&nbsp;<\/p>\n<p>&nbsp;<\/p>\n<p>&nbsp;<\/p>\n","protected":false},"featured_media":22897,"comment_status":"closed","ping_status":"closed","template":"","meta":[],"product_brand":[648],"product_cat":[587,514,447,439],"product_tag":[],"class_list":{"0":"post-23093","1":"product","2":"type-product","3":"status-publish","4":"has-post-thumbnail","6":"product_brand-toop","7":"product_cat-produkty","8":"product_cat-se-trtinovym-cukrem","9":"product_cat-sirupy-a-koncentraty-ve-sklenenych-lahvich-700-ml-cs","10":"product_cat-vsechny-produkty-cs","12":"first","13":"instock","14":"taxable","15":"shipping-taxable","16":"purchasable","17":"product-type-simple"},"lang":"cs","translations":{"cs":23093,"en":24003},"pll_sync_post":[],"_links":{"self":[{"href":"https:\/\/tisana.sirupy.eu\/index.php?rest_route=\/wp\/v2\/product\/23093","targetHints":{"allow":["GET"]}}],"collection":[{"href":"https:\/\/tisana.sirupy.eu\/index.php?rest_route=\/wp\/v2\/product"}],"about":[{"href":"https:\/\/tisana.sirupy.eu\/index.php?rest_route=\/wp\/v2\/types\/product"}],"replies":[{"embeddable":true,"href":"https:\/\/tisana.sirupy.eu\/index.php?rest_route=%2Fwp%2Fv2%2Fcomments&post=23093"}],"version-history":[{"count":5,"href":"https:\/\/tisana.sirupy.eu\/index.php?rest_route=\/wp\/v2\/product\/23093\/revisions"}],"predecessor-version":[{"id":24002,"href":"https:\/\/tisana.sirupy.eu\/index.php?rest_route=\/wp\/v2\/product\/23093\/revisions\/24002"}],"wp:featuredmedia":[{"embeddable":true,"href":"https:\/\/tisana.sirupy.eu\/index.php?rest_route=\/wp\/v2\/media\/22897"}],"wp:attachment":[{"href":"https:\/\/tisana.sirupy.eu\/index.php?rest_route=%2Fwp%2Fv2%2Fmedia&parent=23093"}],"wp:term":[{"taxonomy":"product_brand","embeddable":true,"href":"https:\/\/tisana.sirupy.eu\/index.php?rest_route=%2Fwp%2Fv2%2Fproduct_brand&post=23093"},{"taxonomy":"product_cat","embeddable":true,"href":"https:\/\/tisana.sirupy.eu\/index.php?rest_route=%2Fwp%2Fv2%2Fproduct_cat&post=23093"},{"taxonomy":"product_tag","embeddable":true,"href":"https:\/\/tisana.sirupy.eu\/index.php?rest_route=%2Fwp%2Fv2%2Fproduct_tag&post=23093"}],"curies":[{"name":"wp","href":"https:\/\/api.w.org\/{rel}","templated":true}]}}