{"id":23092,"date":"2024-07-31T16:45:53","date_gmt":"2024-07-31T16:45:53","guid":{"rendered":"https:\/\/tisana.sirupy.eu\/?post_type=product&#038;p=23092"},"modified":"2025-08-21T09:38:01","modified_gmt":"2025-08-21T09:38:01","slug":"to-z-kvetu-cerneho-bezu","status":"publish","type":"product","link":"https:\/\/tisana.sirupy.eu\/?product=to-z-kvetu-cerneho-bezu&lang=cs","title":{"rendered":"TO z kv\u011bt\u016f \u010dern\u00e9ho bezu"},"content":{"rendered":"<p>Slo\u017een\u00ed: extrakt z\u00a0kv\u011bt\u016f \u010dern\u00e9ho bezu, cukr, kyselina citr\u00f3nov\u00e1. Pasterov\u00e1no. Objem: 0,7 l. Pr\u016fm\u011brn\u00e9 v\u00fd\u017eivov\u00e9 hodnoty ve\u00a0100 ml: Energetick\u00e1 hodnota 740 kJ \/ 174 kcal, tuky &lt; 0,1 g, z toho nasycen\u00e9 mastn\u00e9 kyseliny &lt; 0,1 g, sacharidy 42 g, z toho cukr 42 g, b\u00edlkoviny &lt; 0,3 g, s\u016fl &lt; 0,03 g. Po otev\u0159en\u00ed skladujte p\u0159i teplot\u011b 2\u00a0&#8211;\u00a05\u00b0C a spot\u0159ebujte do 14 dn\u016f.<\/p>\n","protected":false},"excerpt":{"rendered":"<p>Slo\u017een\u00ed: extrakt z\u00a0kv\u011bt\u016f \u010dern\u00e9ho bezu, cukr, kyselina citr\u00f3nov\u00e1. Pasterov\u00e1no. Objem: 0,7 l. Pr\u016fm\u011brn\u00e9 v\u00fd\u017eivov\u00e9 hodnoty ve\u00a0100 ml: Energetick\u00e1 hodnota 740 kJ \/ 174 kcal, tuky &lt; 0,1 g, z toho nasycen\u00e9 mastn\u00e9 kyseliny &lt; 0,1 g, sacharidy 42 g, z toho cukr 42 g, b\u00edlkoviny &lt; 0,3 g, s\u016fl &lt; 0,03 g. Po otev\u0159en\u00ed skladujte p\u0159i teplot\u011b 2\u00a0&#8211;\u00a05\u00b0C a spot\u0159ebujte do 14 dn\u016f.<\/p>\n","protected":false},"featured_media":22895,"comment_status":"closed","ping_status":"closed","template":"","meta":[],"product_brand":[648],"product_cat":[447,439],"product_tag":[],"class_list":{"0":"post-23092","1":"product","2":"type-product","3":"status-publish","4":"has-post-thumbnail","6":"product_brand-toop","7":"product_cat-sirupy-a-koncentraty-ve-sklenenych-lahvich-700-ml-cs","8":"product_cat-vsechny-produkty-cs","10":"first","11":"instock","12":"taxable","13":"shipping-taxable","14":"purchasable","15":"product-type-simple"},"lang":"cs","translations":{"cs":23092},"pll_sync_post":[],"_links":{"self":[{"href":"https:\/\/tisana.sirupy.eu\/index.php?rest_route=\/wp\/v2\/product\/23092","targetHints":{"allow":["GET"]}}],"collection":[{"href":"https:\/\/tisana.sirupy.eu\/index.php?rest_route=\/wp\/v2\/product"}],"about":[{"href":"https:\/\/tisana.sirupy.eu\/index.php?rest_route=\/wp\/v2\/types\/product"}],"replies":[{"embeddable":true,"href":"https:\/\/tisana.sirupy.eu\/index.php?rest_route=%2Fwp%2Fv2%2Fcomments&post=23092"}],"version-history":[{"count":1,"href":"https:\/\/tisana.sirupy.eu\/index.php?rest_route=\/wp\/v2\/product\/23092\/revisions"}],"predecessor-version":[{"id":23106,"href":"https:\/\/tisana.sirupy.eu\/index.php?rest_route=\/wp\/v2\/product\/23092\/revisions\/23106"}],"wp:featuredmedia":[{"embeddable":true,"href":"https:\/\/tisana.sirupy.eu\/index.php?rest_route=\/wp\/v2\/media\/22895"}],"wp:attachment":[{"href":"https:\/\/tisana.sirupy.eu\/index.php?rest_route=%2Fwp%2Fv2%2Fmedia&parent=23092"}],"wp:term":[{"taxonomy":"product_brand","embeddable":true,"href":"https:\/\/tisana.sirupy.eu\/index.php?rest_route=%2Fwp%2Fv2%2Fproduct_brand&post=23092"},{"taxonomy":"product_cat","embeddable":true,"href":"https:\/\/tisana.sirupy.eu\/index.php?rest_route=%2Fwp%2Fv2%2Fproduct_cat&post=23092"},{"taxonomy":"product_tag","embeddable":true,"href":"https:\/\/tisana.sirupy.eu\/index.php?rest_route=%2Fwp%2Fv2%2Fproduct_tag&post=23092"}],"curies":[{"name":"wp","href":"https:\/\/api.w.org\/{rel}","templated":true}]}}