{"id":23091,"date":"2024-07-31T16:45:53","date_gmt":"2024-07-31T16:45:53","guid":{"rendered":"https:\/\/tisana.sirupy.eu\/?post_type=product&#038;p=23091"},"modified":"2025-08-21T09:37:53","modified_gmt":"2025-08-21T09:37:53","slug":"toop-aronie-jahoda","status":"publish","type":"product","link":"https:\/\/tisana.sirupy.eu\/?product=toop-aronie-jahoda&lang=cs","title":{"rendered":"TO:oP Aronie Jahoda"},"content":{"rendered":"<p>Slo\u017een\u00ed: koncentr\u00e1ty z jahod a aronie, cukr, citronov\u00fd koncentr\u00e1t 1,5%, kyselina citronov\u00e1. Pasterov\u00e1no. Sediment nen\u00ed na z\u00e1vadu. P\u0159ed pou\u017eit\u00edm prot\u0159epat.\u00a0Objem: 0,7 l. Po otev\u0159en\u00ed skladujte p\u0159i teplot\u011b 2\u00a0\u2013 5\u00b0C a\u00a0spot\u0159ebujte do 10 dn\u016f.<\/p>\n","protected":false},"excerpt":{"rendered":"<p>Slo\u017een\u00ed: koncentr\u00e1ty z jahod a aronie, cukr, citronov\u00fd koncentr\u00e1t 1,5%, kyselina citronov\u00e1. Pasterov\u00e1no. Sediment nen\u00ed na z\u00e1vadu. P\u0159ed pou\u017eit\u00edm prot\u0159epat.\u00a0Objem: 0,7 l. Po otev\u0159en\u00ed skladujte p\u0159i teplot\u011b 2\u00a0\u2013 5\u00b0C a\u00a0spot\u0159ebujte do 10 dn\u016f.<\/p>\n","protected":false},"featured_media":22896,"comment_status":"closed","ping_status":"closed","template":"","meta":[],"product_brand":[648],"product_cat":[449,447,439],"product_tag":[],"class_list":{"0":"post-23091","1":"product","2":"type-product","3":"status-publish","4":"has-post-thumbnail","6":"product_brand-toop","7":"product_cat-ovocne-cs","8":"product_cat-sirupy-a-koncentraty-ve-sklenenych-lahvich-700-ml-cs","9":"product_cat-vsechny-produkty-cs","11":"first","12":"instock","13":"taxable","14":"shipping-taxable","15":"product-type-simple"},"lang":"cs","translations":{"cs":23091,"fr":23209},"pll_sync_post":[],"_links":{"self":[{"href":"https:\/\/tisana.sirupy.eu\/index.php?rest_route=\/wp\/v2\/product\/23091","targetHints":{"allow":["GET"]}}],"collection":[{"href":"https:\/\/tisana.sirupy.eu\/index.php?rest_route=\/wp\/v2\/product"}],"about":[{"href":"https:\/\/tisana.sirupy.eu\/index.php?rest_route=\/wp\/v2\/types\/product"}],"replies":[{"embeddable":true,"href":"https:\/\/tisana.sirupy.eu\/index.php?rest_route=%2Fwp%2Fv2%2Fcomments&post=23091"}],"version-history":[{"count":1,"href":"https:\/\/tisana.sirupy.eu\/index.php?rest_route=\/wp\/v2\/product\/23091\/revisions"}],"predecessor-version":[{"id":23105,"href":"https:\/\/tisana.sirupy.eu\/index.php?rest_route=\/wp\/v2\/product\/23091\/revisions\/23105"}],"wp:featuredmedia":[{"embeddable":true,"href":"https:\/\/tisana.sirupy.eu\/index.php?rest_route=\/wp\/v2\/media\/22896"}],"wp:attachment":[{"href":"https:\/\/tisana.sirupy.eu\/index.php?rest_route=%2Fwp%2Fv2%2Fmedia&parent=23091"}],"wp:term":[{"taxonomy":"product_brand","embeddable":true,"href":"https:\/\/tisana.sirupy.eu\/index.php?rest_route=%2Fwp%2Fv2%2Fproduct_brand&post=23091"},{"taxonomy":"product_cat","embeddable":true,"href":"https:\/\/tisana.sirupy.eu\/index.php?rest_route=%2Fwp%2Fv2%2Fproduct_cat&post=23091"},{"taxonomy":"product_tag","embeddable":true,"href":"https:\/\/tisana.sirupy.eu\/index.php?rest_route=%2Fwp%2Fv2%2Fproduct_tag&post=23091"}],"curies":[{"name":"wp","href":"https:\/\/api.w.org\/{rel}","templated":true}]}}