{"id":1534,"date":"2018-10-31T14:49:03","date_gmt":"2018-10-31T14:49:03","guid":{"rendered":"https:\/\/tisana.sirupy.eu\/?post_type=product&#038;p=1534"},"modified":"2025-08-07T08:58:16","modified_gmt":"2025-08-07T08:58:16","slug":"jadra-kesu-orechu-neprazena-2","status":"publish","type":"product","link":"https:\/\/tisana.sirupy.eu\/?product=jadra-kesu-orechu-neprazena-2&lang=cs","title":{"rendered":"J\u00e1dra ke\u0161u o\u0159ech\u016f nepra\u017een\u00e1"},"content":{"rendered":"<p>J\u00e1dra ke\u0161u o\u0159ech\u016f nepra\u017een\u00e1<\/p>\n<p>Hmotnost: 100 g<\/p>\n<p>Such\u00e9 sko\u0159\u00e1pkov\u00e9 plody. Slo\u017een\u00ed: j\u00e1dra ke\u0161u o\u0159ech\u016f. V\u00fdrobek m\u016f\u017ee obsahovat ara\u0161\u00eddy, sko\u0159\u00e1pkov\u00e9 plody, sezam a SO2. Skladujte v suchu. Chra\u0148te p\u0159ed teplem a p\u0159\u00edm\u00fdm slune\u010dn\u00edm z\u00e1\u0159en\u00edm.<\/p>\n<p>Pr\u016fm\u011brn\u00e9 v\u00fd\u017eivov\u00e9 hodnoty ve 100 g:<\/p>\n<p>Energie: 2576 kJ &#8211; 615 kcal, B\u00edlkoviny: 15,3 g, Sacharidy: 32,3 g, z toho cukry 5,2 g, tuky: 46,9 g, z toho nasycen\u00e9 mastn\u00e9 kyseliny: 9,1 g, s\u016fl &lt; 0,1 g.<\/p>\n<p>Zem\u011b p\u016fvodu: Vietnam<\/p>\n<p>V\u00fdrobce: Ing. Bohumil Kratochv\u00edl &#8211; IBK TRADE<br \/>\nDolansk\u00e1 7\/337, 161 00 Praha 6<\/p>\n","protected":false},"excerpt":{"rendered":"<p>J\u00e1dra ke\u0161u o\u0159ech\u016f nepra\u017een\u00e1<\/p>\n<p>Hmotnost: 100 g<\/p>\n<p>Such\u00e9 sko\u0159\u00e1pkov\u00e9 plody. Slo\u017een\u00ed: j\u00e1dra ke\u0161u o\u0159ech\u016f.<\/p>\n","protected":false},"featured_media":0,"comment_status":"closed","ping_status":"closed","template":"","meta":[],"product_brand":[],"product_cat":[628,439],"product_tag":[],"class_list":{"0":"post-1534","1":"product","2":"type-product","3":"status-publish","5":"product_cat-orechy","6":"product_cat-vsechny-produkty-cs","7":"post-no-thumbnail","9":"first","10":"onbackorder","11":"taxable","12":"shipping-taxable","13":"purchasable","14":"product-type-simple"},"lang":"cs","translations":{"cs":1534},"pll_sync_post":[],"_links":{"self":[{"href":"https:\/\/tisana.sirupy.eu\/index.php?rest_route=\/wp\/v2\/product\/1534","targetHints":{"allow":["GET"]}}],"collection":[{"href":"https:\/\/tisana.sirupy.eu\/index.php?rest_route=\/wp\/v2\/product"}],"about":[{"href":"https:\/\/tisana.sirupy.eu\/index.php?rest_route=\/wp\/v2\/types\/product"}],"replies":[{"embeddable":true,"href":"https:\/\/tisana.sirupy.eu\/index.php?rest_route=%2Fwp%2Fv2%2Fcomments&post=1534"}],"version-history":[{"count":1,"href":"https:\/\/tisana.sirupy.eu\/index.php?rest_route=\/wp\/v2\/product\/1534\/revisions"}],"predecessor-version":[{"id":23929,"href":"https:\/\/tisana.sirupy.eu\/index.php?rest_route=\/wp\/v2\/product\/1534\/revisions\/23929"}],"wp:attachment":[{"href":"https:\/\/tisana.sirupy.eu\/index.php?rest_route=%2Fwp%2Fv2%2Fmedia&parent=1534"}],"wp:term":[{"taxonomy":"product_brand","embeddable":true,"href":"https:\/\/tisana.sirupy.eu\/index.php?rest_route=%2Fwp%2Fv2%2Fproduct_brand&post=1534"},{"taxonomy":"product_cat","embeddable":true,"href":"https:\/\/tisana.sirupy.eu\/index.php?rest_route=%2Fwp%2Fv2%2Fproduct_cat&post=1534"},{"taxonomy":"product_tag","embeddable":true,"href":"https:\/\/tisana.sirupy.eu\/index.php?rest_route=%2Fwp%2Fv2%2Fproduct_tag&post=1534"}],"curies":[{"name":"wp","href":"https:\/\/api.w.org\/{rel}","templated":true}]}}