{"id":1533,"date":"2018-10-31T14:25:25","date_gmt":"2018-10-31T14:25:25","guid":{"rendered":"https:\/\/tisana.sirupy.eu\/?post_type=product&#038;p=1533"},"modified":"2025-08-07T08:58:12","modified_gmt":"2025-08-07T08:58:12","slug":"mandle-jadra-2","status":"publish","type":"product","link":"https:\/\/tisana.sirupy.eu\/?product=mandle-jadra-2&lang=cs","title":{"rendered":"Mandle j\u00e1dra"},"content":{"rendered":"<p>Mandle j\u00e1dra<\/p>\n<p>Hmotnost: 500 g<\/p>\n<p>Such\u00e9 sko\u0159\u00e1pkov\u00e9 plody. Slo\u017een\u00ed: j\u00e1dra sladk\u00fdch mandl\u00ed. V\u00fdrobek m\u016f\u017ee obsahovat ara\u0161\u00eddy, jin\u00e9 sko\u0159\u00e1pkov\u00e9 plody, sezam a SO2. I p\u0159es n\u011bkolik kontrol nelze vylou\u010dit v\u00fdskyt ciz\u00edch p\u0159edm\u011bt\u016f (zbytky sko\u0159\u00e1pek aj.). Skladujte v suchu. Chra\u0148te p\u0159ed teplem a p\u0159\u00edm\u00fdm slune\u010dn\u00edm z\u00e1\u0159en\u00edm. Varov\u00e1n\u00ed: P\u0159i vdechnut\u00ed m\u016f\u017ee doj\u00edt k udu\u0161en\u00ed!<\/p>\n<p>Pr\u016fm\u011brn\u00e9 v\u00fd\u017eivov\u00e9 hodnoty ve 100 g:<\/p>\n<p>Energie: 2642 kJ &#8211; 631 kcal, B\u00edlkoviny: 18,3 g, Sacharidy: 19,2 g, z toho cukry 4,8 g, tuky: 52 g, z toho nasycen\u00e9 mastn\u00e9 kyseliny: 4 g, s\u016fl &lt; 0,1 g.<\/p>\n<p>V\u00fdrobce: Ing. Bohumil Kratochv\u00edl &#8211; IBK TRADE<br \/>\nDolansk\u00e1 7\/337, 161 00 Praha 6<\/p>\n","protected":false},"excerpt":{"rendered":"<p>Mandle j\u00e1dra<\/p>\n<p>Hmotnost: 500 g<\/p>\n<p>Such\u00e9 sko\u0159\u00e1pkov\u00e9 plody. Slo\u017een\u00ed: j\u00e1dra sladk\u00fdch mandl\u00ed.<\/p>\n","protected":false},"featured_media":0,"comment_status":"closed","ping_status":"closed","template":"","meta":[],"product_brand":[],"product_cat":[628,439],"product_tag":[],"class_list":{"0":"post-1533","1":"product","2":"type-product","3":"status-publish","5":"product_cat-orechy","6":"product_cat-vsechny-produkty-cs","7":"post-no-thumbnail","9":"first","10":"onbackorder","11":"taxable","12":"shipping-taxable","13":"purchasable","14":"product-type-simple"},"lang":"cs","translations":{"cs":1533},"pll_sync_post":[],"_links":{"self":[{"href":"https:\/\/tisana.sirupy.eu\/index.php?rest_route=\/wp\/v2\/product\/1533","targetHints":{"allow":["GET"]}}],"collection":[{"href":"https:\/\/tisana.sirupy.eu\/index.php?rest_route=\/wp\/v2\/product"}],"about":[{"href":"https:\/\/tisana.sirupy.eu\/index.php?rest_route=\/wp\/v2\/types\/product"}],"replies":[{"embeddable":true,"href":"https:\/\/tisana.sirupy.eu\/index.php?rest_route=%2Fwp%2Fv2%2Fcomments&post=1533"}],"version-history":[{"count":1,"href":"https:\/\/tisana.sirupy.eu\/index.php?rest_route=\/wp\/v2\/product\/1533\/revisions"}],"predecessor-version":[{"id":23928,"href":"https:\/\/tisana.sirupy.eu\/index.php?rest_route=\/wp\/v2\/product\/1533\/revisions\/23928"}],"wp:attachment":[{"href":"https:\/\/tisana.sirupy.eu\/index.php?rest_route=%2Fwp%2Fv2%2Fmedia&parent=1533"}],"wp:term":[{"taxonomy":"product_brand","embeddable":true,"href":"https:\/\/tisana.sirupy.eu\/index.php?rest_route=%2Fwp%2Fv2%2Fproduct_brand&post=1533"},{"taxonomy":"product_cat","embeddable":true,"href":"https:\/\/tisana.sirupy.eu\/index.php?rest_route=%2Fwp%2Fv2%2Fproduct_cat&post=1533"},{"taxonomy":"product_tag","embeddable":true,"href":"https:\/\/tisana.sirupy.eu\/index.php?rest_route=%2Fwp%2Fv2%2Fproduct_tag&post=1533"}],"curies":[{"name":"wp","href":"https:\/\/api.w.org\/{rel}","templated":true}]}}