{"id":1300,"date":"2017-05-22T15:50:09","date_gmt":"2017-05-22T15:50:09","guid":{"rendered":"https:\/\/tisana.sirupy.eu\/?post_type=product&#038;p=1300"},"modified":"2025-08-07T08:58:12","modified_gmt":"2025-08-07T08:58:12","slug":"jitrocel-kopinaty-semeno-bio-2","status":"publish","type":"product","link":"https:\/\/tisana.sirupy.eu\/?product=jitrocel-kopinaty-semeno-bio-2&lang=cs","title":{"rendered":"Jitrocel kopinat\u00fd, semeno bio"},"content":{"rendered":"<p>Jitrocel, bio semena na kl\u00ed\u010den\u00ed nebo k set\u00ed (min. 8 g). Semena jsme vyp\u011bstovali na farm\u011b Kom\u00e1rov.<br \/>\nN\u00e1vod k p\u0159\u00edprav\u011b:<br \/>\nNamo\u010dte do sklenice s pitnou vodou, kterou 2-3x denn\u011b vym\u011b\u0148te. Po n\u011bkolika<br \/>\ndnech semena vykl\u00ed\u010d\u00ed.\u00a0Mlad\u00e9 kl\u00edc\u00edc\u00ed rostlinky jsou bohat\u00e9 na vitaminy, enzymy, aminokyseliny, miner\u00e1ln\u00ed<br \/>\nl\u00e1tky a stopov\u00e9 prvky.<br \/>\nP\u0159ed konzumac\u00ed propl\u00e1chnete vodou. Kl\u00ed\u010dky je mo\u017en\u00e9 uchovat 1 \u2013 2 t\u00fddny<br \/>\nv chladni\u010dce. Skladujte v suchu a chladu.<br \/>\nDoporu\u010den\u00e9 u\u017eit\u00ed: Pou\u017eijte na ozdoben\u00ed pe\u010diva, pol\u00e9vek, do zeleninov\u00fdch nebo<br \/>\nt\u011bstovinov\u00fdch sal\u00e1t\u016f, do t\u011bsta pro dom\u00e1c\u00ed pe\u010den\u00ed chleba \u010di jin\u00e9ho pe\u010diva. Pro svou<br \/>\njemnou chu\u0165 jsou velmi vhodn\u00e9 jako dopln\u011bk stravy u d\u011btsk\u00fdch j\u00eddel. Mu\u017eete je<br \/>\npou\u017e\u00edt i k p\u0159\u00edprav\u011b \u010derstv\u00e9 dom\u00e1c\u00ed zeleninov\u00e9 \u0161t\u00e1vy.<\/p>\n","protected":false},"excerpt":{"rendered":"<p>Jitrocel, bio semena na kl\u00ed\u010den\u00ed nebo k set\u00ed (min. 8 g). Semena jsme vyp\u011bstovali na farm\u011b Kom\u00e1rov. N\u00e1vod k p\u0159\u00edprav\u011b: Namo\u010dte do sklenice s pitnou vodou, kterou 2-3x denn\u011b vym\u011b\u0148te. Po n\u011bkolika dnech semena vykl\u00ed\u010d\u00ed.\u00a0Mlad\u00e9 kl\u00edc\u00edc\u00ed rostlinky jsou bohat\u00e9 na vitaminy, enzymy, aminokyseliny, miner\u00e1ln\u00ed l\u00e1tky a stopov\u00e9 prvky. P\u0159ed konzumac\u00ed propl\u00e1chnete vodou. Kl\u00ed\u010dky je mo\u017en\u00e9 uchovat 1 \u2013 2 t\u00fddny v chladni\u010dce. Skladujte v suchu a chladu. Doporu\u010den\u00e9 u\u017eit\u00ed: Pou\u017eijte na ozdoben\u00ed pe\u010diva, pol\u00e9vek, do zeleninov\u00fdch nebo t\u011bstovinov\u00fdch sal\u00e1t\u016f, do t\u011bsta pro dom\u00e1c\u00ed pe\u010den\u00ed chleba \u010di jin\u00e9ho pe\u010diva. Pro svou jemnou chu\u0165 jsou velmi vhodn\u00e9 jako dopln\u011bk stravy u d\u011btsk\u00fdch j\u00eddel. Mu\u017eete je pou\u017e\u00edt i k p\u0159\u00edprav\u011b \u010derstv\u00e9 dom\u00e1c\u00ed zeleninov\u00e9 \u0161t\u00e1vy.<\/p>\n","protected":false},"featured_media":23924,"comment_status":"closed","ping_status":"closed","template":"","meta":[],"product_brand":[],"product_cat":[626,624,439],"product_tag":[],"class_list":{"0":"post-1300","1":"product","2":"type-product","3":"status-publish","4":"has-post-thumbnail","6":"product_cat-bio-produkty","7":"product_cat-semena-osiva","8":"product_cat-vsechny-produkty-cs","10":"first","11":"instock","12":"taxable","13":"shipping-taxable","14":"purchasable","15":"product-type-simple"},"lang":"cs","translations":{"cs":1300},"pll_sync_post":[],"_links":{"self":[{"href":"https:\/\/tisana.sirupy.eu\/index.php?rest_route=\/wp\/v2\/product\/1300","targetHints":{"allow":["GET"]}}],"collection":[{"href":"https:\/\/tisana.sirupy.eu\/index.php?rest_route=\/wp\/v2\/product"}],"about":[{"href":"https:\/\/tisana.sirupy.eu\/index.php?rest_route=\/wp\/v2\/types\/product"}],"replies":[{"embeddable":true,"href":"https:\/\/tisana.sirupy.eu\/index.php?rest_route=%2Fwp%2Fv2%2Fcomments&post=1300"}],"version-history":[{"count":1,"href":"https:\/\/tisana.sirupy.eu\/index.php?rest_route=\/wp\/v2\/product\/1300\/revisions"}],"predecessor-version":[{"id":23925,"href":"https:\/\/tisana.sirupy.eu\/index.php?rest_route=\/wp\/v2\/product\/1300\/revisions\/23925"}],"wp:featuredmedia":[{"embeddable":true,"href":"https:\/\/tisana.sirupy.eu\/index.php?rest_route=\/wp\/v2\/media\/23924"}],"wp:attachment":[{"href":"https:\/\/tisana.sirupy.eu\/index.php?rest_route=%2Fwp%2Fv2%2Fmedia&parent=1300"}],"wp:term":[{"taxonomy":"product_brand","embeddable":true,"href":"https:\/\/tisana.sirupy.eu\/index.php?rest_route=%2Fwp%2Fv2%2Fproduct_brand&post=1300"},{"taxonomy":"product_cat","embeddable":true,"href":"https:\/\/tisana.sirupy.eu\/index.php?rest_route=%2Fwp%2Fv2%2Fproduct_cat&post=1300"},{"taxonomy":"product_tag","embeddable":true,"href":"https:\/\/tisana.sirupy.eu\/index.php?rest_route=%2Fwp%2Fv2%2Fproduct_tag&post=1300"}],"curies":[{"name":"wp","href":"https:\/\/api.w.org\/{rel}","templated":true}]}}