{"id":22682,"date":"2024-07-16T15:57:49","date_gmt":"2024-07-16T15:57:49","guid":{"rendered":"https:\/\/tisana.sirupy.eu\/?page_id=22682"},"modified":"2025-09-10T10:02:28","modified_gmt":"2025-09-10T10:02:28","slug":"fruits-herbal-syrup-4","status":"publish","type":"page","link":"https:\/\/tisana.sirupy.eu\/?page_id=22682&lang=cs","title":{"rendered":"Ovocn\u00e9 a bylinn\u00e9 sirupy"},"content":{"rendered":"\t\t<div data-elementor-type=\"wp-page\" data-elementor-id=\"22682\" class=\"elementor elementor-22682\">\n\t\t\t\t<div class=\"elementor-element elementor-element-550dd94 e-flex e-con-boxed e-con e-parent\" data-id=\"550dd94\" data-element_type=\"container\" data-e-type=\"container\">\n\t\t\t\t\t<div class=\"e-con-inner\">\n\t\t<div class=\"elementor-element elementor-element-0fc4225 e-con-full e-flex e-con e-child\" data-id=\"0fc4225\" data-element_type=\"container\" data-e-type=\"container\">\n\t\t\t\t<div class=\"elementor-element elementor-element-eaa1505 elementor-widget elementor-widget-image\" data-id=\"eaa1505\" data-element_type=\"widget\" data-e-type=\"widget\" data-widget_type=\"image.default\">\n\t\t\t\t<div class=\"elementor-widget-container\">\n\t\t\t\t\t\t\t\t\t\t\t\t\t\t\t<img fetchpriority=\"high\" decoding=\"async\" width=\"640\" height=\"417\" src=\"https:\/\/tisana.sirupy.eu\/wp-content\/uploads\/2024\/06\/9sirup_C5_AF-1.gif\" class=\"attachment-large size-large wp-image-7110\" alt=\"\" \/>\t\t\t\t\t\t\t\t\t\t\t\t\t\t\t<\/div>\n\t\t\t\t<\/div>\n\t\t\t\t<\/div>\n\t\t<div class=\"elementor-element elementor-element-cb361b2 e-con-full e-flex e-con e-child\" data-id=\"cb361b2\" data-element_type=\"container\" data-e-type=\"container\">\n\t\t\t\t<div class=\"elementor-element elementor-element-732d420 elementor-widget elementor-widget-tm-heading\" data-id=\"732d420\" data-element_type=\"widget\" data-e-type=\"widget\" data-widget_type=\"tm-heading.default\">\n\t\t\t\t<div class=\"elementor-widget-container\">\n\t\t\t\t\t\t\t<div class=\"tm-modern-heading tm-modern-heading--style-01 tm-modern-heading--highlight-style-01\">\n\t\t\t\n\t\t\t\t\t<div class=\"heading-primary-wrap\">\n\t\t\t<h2 class=\"heading-primary elementor-heading-title\">Ovocn\u00e9 a bylinn\u00e9 sirupy<\/h2>\t\t<\/div>\n\t\t\n\t\t\t\n\t\t\t\t\t<\/div>\n\t\t\t\t\t\t<\/div>\n\t\t\t\t<\/div>\n\t\t\t\t<div class=\"elementor-element elementor-element-889c22a elementor-widget elementor-widget-text-editor\" data-id=\"889c22a\" data-element_type=\"widget\" data-e-type=\"widget\" data-widget_type=\"text-editor.default\">\n\t\t\t\t<div class=\"elementor-widget-container\">\n\t\t\t\t\t\t\t\t\t<p>Na\u0161e n\u00e1pojov\u00e9 sirupov\u00e9 koncentr\u00e1ty vyr\u00e1b\u00edme v na\u0161\u00ed v\u00fdrob\u011b s bylinn\u00fdmi extrakty bez p\u0159id\u00e1n\u00ed um\u011bl\u00fdch sladidel, barviv a konzervant\u016f. Sta\u010d\u00ed p\u0159idat 1 porci na\u0161eho sirupu do alespo\u0148 5 ks vody (hork\u00e9 nebo studen\u00e9) a n\u00e1poj je hotov\u00fd. M\u016f\u017eete tak\u00e9 p\u0159idat citronovou \u0161\u0165\u00e1vu nebo ji pou\u017e\u00edt do sv\u00e9ho obl\u00edben\u00e9ho n\u00e1poje, zmrzliny, jogurtu atp.<\/p>\t\t\t\t\t\t\t\t<\/div>\n\t\t\t\t<\/div>\n\t\t\t\t<div class=\"elementor-element elementor-element-10ec235 elementor-align-center elementor-widget elementor-widget-tm-button\" data-id=\"10ec235\" data-element_type=\"widget\" data-e-type=\"widget\" data-widget_type=\"tm-button.default\">\n\t\t\t\t<div class=\"elementor-widget-container\">\n\t\t\t\t\t\t\t<a href=\"https:\/\/tisana.sirupy.eu\/?lang=cs&#038;post_type=product&#038;filtering=1&#038;filter_product_cat=587\" class=\"tm-button-link tm-button style-flat tm-button-nm\" role=\"button\">\n\n\t\t\t\t\t<div class=\"button-content-wrapper\">\n\t\t\t\n\t\t\t\t\t<div class=\"button-text\">\n\t\t\t\n\t\t\tObjednat te\u010f\n\t\t\t\n\t\t\t\t\t<\/div>\n\t\t\n\t\t\t\t\t<\/div>\n\t\t\n\t\t\t\t\t<\/a>\n\t\t\t\t\t\t<\/div>\n\t\t\t\t<\/div>\n\t\t\t\t<\/div>\n\t\t\t\t\t<\/div>\n\t\t\t\t<\/div>\n\t\t\t\t<\/div>\n\t\t","protected":false},"excerpt":{"rendered":"<p>Ovocn\u00e9 a bylinn\u00e9 sirupy Na\u0161e n\u00e1pojov\u00e9 sirupov\u00e9 koncentr\u00e1ty vyr\u00e1b\u00edme v na\u0161\u00ed v\u00fdrob\u011b s bylinn\u00fdmi extrakty bez p\u0159id\u00e1n\u00ed um\u011bl\u00fdch sladidel, barviv a konzervant\u016f. Sta\u010d\u00ed p\u0159idat 1 porci na\u0161eho sirupu do alespo\u0148 5 ks vody (hork\u00e9 nebo studen\u00e9) a n\u00e1poj je hotov\u00fd. M\u016f\u017eete tak\u00e9 p\u0159idat citronovou \u0161\u0165\u00e1vu nebo ji pou\u017e\u00edt do sv\u00e9ho obl\u00edben\u00e9ho n\u00e1poje, zmrzliny, jogurtu atp. Objednat te\u010f<\/p>\n","protected":false},"author":1,"featured_media":0,"parent":0,"menu_order":0,"comment_status":"closed","ping_status":"closed","template":"","meta":{"footnotes":""},"class_list":["post-22682","page","type-page","status-publish","hentry","post-no-thumbnail"],"lang":"cs","translations":{"cs":22682,"fr":22671,"en":190,"de":22677},"pll_sync_post":[],"_links":{"self":[{"href":"https:\/\/tisana.sirupy.eu\/index.php?rest_route=\/wp\/v2\/pages\/22682","targetHints":{"allow":["GET"]}}],"collection":[{"href":"https:\/\/tisana.sirupy.eu\/index.php?rest_route=\/wp\/v2\/pages"}],"about":[{"href":"https:\/\/tisana.sirupy.eu\/index.php?rest_route=\/wp\/v2\/types\/page"}],"author":[{"embeddable":true,"href":"https:\/\/tisana.sirupy.eu\/index.php?rest_route=\/wp\/v2\/users\/1"}],"replies":[{"embeddable":true,"href":"https:\/\/tisana.sirupy.eu\/index.php?rest_route=%2Fwp%2Fv2%2Fcomments&post=22682"}],"version-history":[{"count":12,"href":"https:\/\/tisana.sirupy.eu\/index.php?rest_route=\/wp\/v2\/pages\/22682\/revisions"}],"predecessor-version":[{"id":24015,"href":"https:\/\/tisana.sirupy.eu\/index.php?rest_route=\/wp\/v2\/pages\/22682\/revisions\/24015"}],"wp:attachment":[{"href":"https:\/\/tisana.sirupy.eu\/index.php?rest_route=%2Fwp%2Fv2%2Fmedia&parent=22682"}],"curies":[{"name":"wp","href":"https:\/\/api.w.org\/{rel}","templated":true}]}}