{"id":22671,"date":"2024-07-16T15:47:59","date_gmt":"2024-07-16T15:47:59","guid":{"rendered":"https:\/\/tisana.sirupy.eu\/?page_id=22671"},"modified":"2024-08-11T13:56:13","modified_gmt":"2024-08-11T13:56:13","slug":"fruits-herbal-syrup-2","status":"publish","type":"page","link":"https:\/\/tisana.sirupy.eu\/?page_id=22671&lang=fr","title":{"rendered":"Sirop de fruits et d&#8217;herbes"},"content":{"rendered":"\t\t<div data-elementor-type=\"wp-page\" data-elementor-id=\"22671\" class=\"elementor elementor-22671\">\n\t\t\t\t<div class=\"elementor-element elementor-element-550dd94 e-flex e-con-boxed e-con e-parent\" data-id=\"550dd94\" data-element_type=\"container\" data-e-type=\"container\">\n\t\t\t\t\t<div class=\"e-con-inner\">\n\t\t<div class=\"elementor-element elementor-element-0fc4225 e-con-full e-flex e-con e-child\" data-id=\"0fc4225\" data-element_type=\"container\" data-e-type=\"container\">\n\t\t\t\t<div class=\"elementor-element elementor-element-eaa1505 elementor-widget elementor-widget-image\" data-id=\"eaa1505\" data-element_type=\"widget\" data-e-type=\"widget\" data-widget_type=\"image.default\">\n\t\t\t\t<div class=\"elementor-widget-container\">\n\t\t\t\t\t\t\t\t\t\t\t\t\t\t\t<img fetchpriority=\"high\" decoding=\"async\" width=\"640\" height=\"417\" src=\"https:\/\/tisana.sirupy.eu\/wp-content\/uploads\/2024\/06\/9sirup_C5_AF-1.gif\" class=\"attachment-large size-large wp-image-7110\" alt=\"\" \/>\t\t\t\t\t\t\t\t\t\t\t\t\t\t\t<\/div>\n\t\t\t\t<\/div>\n\t\t\t\t<\/div>\n\t\t<div class=\"elementor-element elementor-element-cb361b2 e-con-full e-flex e-con e-child\" data-id=\"cb361b2\" data-element_type=\"container\" data-e-type=\"container\">\n\t\t\t\t<div class=\"elementor-element elementor-element-732d420 elementor-widget elementor-widget-tm-heading\" data-id=\"732d420\" data-element_type=\"widget\" data-e-type=\"widget\" data-widget_type=\"tm-heading.default\">\n\t\t\t\t<div class=\"elementor-widget-container\">\n\t\t\t\t\t\t\t<div class=\"tm-modern-heading tm-modern-heading--style-01 tm-modern-heading--highlight-style-01\">\n\t\t\t\n\t\t\t\t\t<div class=\"heading-primary-wrap\">\n\t\t\t<h2 class=\"heading-primary elementor-heading-title\">Sirops de fruits et d'herbes<\/h2>\t\t<\/div>\n\t\t\n\t\t\t\n\t\t\t\t\t<\/div>\n\t\t\t\t\t\t<\/div>\n\t\t\t\t<\/div>\n\t\t\t\t<div class=\"elementor-element elementor-element-889c22a elementor-widget elementor-widget-text-editor\" data-id=\"889c22a\" data-element_type=\"widget\" data-e-type=\"widget\" data-widget_type=\"text-editor.default\">\n\t\t\t\t<div class=\"elementor-widget-container\">\n\t\t\t\t\t\t\t\t\t<p>Nos concentr\u00e9s de sirop de boisson sont fabriqu\u00e9s dans notre production avec des extraits de plantes sans ajout d&#8217;\u00e9dulcorants artificiels, de colorants ou de conservateurs. Il suffit d&#8217;ajouter 1 portion de notre sirop \u00e0 au moins 5 d&#8217;eau (chaude ou froide) et la boisson est pr\u00eate. Vous pouvez \u00e9galement ajouter du jus de citron ou l&#8217;utiliser dans votre boisson pr\u00e9f\u00e9r\u00e9e, glace, yaourt, etc.<\/p>\t\t\t\t\t\t\t\t<\/div>\n\t\t\t\t<\/div>\n\t\t\t\t<div class=\"elementor-element elementor-element-10ec235 elementor-align-center elementor-widget elementor-widget-tm-button\" data-id=\"10ec235\" data-element_type=\"widget\" data-e-type=\"widget\" data-widget_type=\"tm-button.default\">\n\t\t\t\t<div class=\"elementor-widget-container\">\n\t\t\t\t\t\t\t<a href=\"https:\/\/tisana.sirupy.eu\/?page_id=22562&#038;lang=fr\" class=\"tm-button-link tm-button style-flat tm-button-nm\" role=\"button\">\n\n\t\t\t\t\t<div class=\"button-content-wrapper\">\n\t\t\t\n\t\t\t\t\t<div class=\"button-text\">\n\t\t\t\n\t\t\tCOMMANDEZ MAINTENANT\n\t\t\t\n\t\t\t\t\t<\/div>\n\t\t\n\t\t\t\t\t<\/div>\n\t\t\n\t\t\t\t\t<\/a>\n\t\t\t\t\t\t<\/div>\n\t\t\t\t<\/div>\n\t\t\t\t<\/div>\n\t\t\t\t\t<\/div>\n\t\t\t\t<\/div>\n\t\t\t\t<\/div>\n\t\t","protected":false},"excerpt":{"rendered":"<p>Sirops de fruits et d&#8217;herbes Nos concentr\u00e9s de sirop de boisson sont fabriqu\u00e9s dans notre production avec des extraits de plantes sans ajout d&#8217;\u00e9dulcorants artificiels, de colorants ou de conservateurs. Il suffit d&#8217;ajouter 1 portion de notre sirop \u00e0 au moins 5 d&#8217;eau (chaude ou froide) et la boisson est pr\u00eate. Vous pouvez \u00e9galement ajouter du jus de citron ou l&#8217;utiliser dans votre boisson pr\u00e9f\u00e9r\u00e9e, glace, yaourt, etc. COMMANDEZ MAINTENANT<\/p>\n","protected":false},"author":1,"featured_media":22908,"parent":0,"menu_order":0,"comment_status":"closed","ping_status":"closed","template":"","meta":{"footnotes":""},"class_list":["post-22671","page","type-page","status-publish","has-post-thumbnail","hentry"],"lang":"fr","translations":{"fr":22671,"en":190,"de":22677,"cs":22682},"pll_sync_post":[],"_links":{"self":[{"href":"https:\/\/tisana.sirupy.eu\/index.php?rest_route=\/wp\/v2\/pages\/22671","targetHints":{"allow":["GET"]}}],"collection":[{"href":"https:\/\/tisana.sirupy.eu\/index.php?rest_route=\/wp\/v2\/pages"}],"about":[{"href":"https:\/\/tisana.sirupy.eu\/index.php?rest_route=\/wp\/v2\/types\/page"}],"author":[{"embeddable":true,"href":"https:\/\/tisana.sirupy.eu\/index.php?rest_route=\/wp\/v2\/users\/1"}],"replies":[{"embeddable":true,"href":"https:\/\/tisana.sirupy.eu\/index.php?rest_route=%2Fwp%2Fv2%2Fcomments&post=22671"}],"version-history":[{"count":5,"href":"https:\/\/tisana.sirupy.eu\/index.php?rest_route=\/wp\/v2\/pages\/22671\/revisions"}],"predecessor-version":[{"id":23291,"href":"https:\/\/tisana.sirupy.eu\/index.php?rest_route=\/wp\/v2\/pages\/22671\/revisions\/23291"}],"wp:featuredmedia":[{"embeddable":true,"href":"https:\/\/tisana.sirupy.eu\/index.php?rest_route=\/wp\/v2\/media\/22908"}],"wp:attachment":[{"href":"https:\/\/tisana.sirupy.eu\/index.php?rest_route=%2Fwp%2Fv2%2Fmedia&parent=22671"}],"curies":[{"name":"wp","href":"https:\/\/api.w.org\/{rel}","templated":true}]}}