{"id":22562,"date":"2024-07-05T18:00:33","date_gmt":"2024-07-05T18:00:33","guid":{"rendered":"https:\/\/tisana.sirupy.eu\/?page_id=22562"},"modified":"2024-08-15T15:19:32","modified_gmt":"2024-08-15T15:19:32","slug":"contact-4","status":"publish","type":"page","link":"https:\/\/tisana.sirupy.eu\/?page_id=22562&lang=fr","title":{"rendered":"Contactez-nous"},"content":{"rendered":"\t\t<div data-elementor-type=\"wp-page\" data-elementor-id=\"22562\" class=\"elementor elementor-22562\">\n\t\t\t\t<div class=\"elementor-element elementor-element-0c8cdd8 e-grid e-con-boxed e-con e-parent\" data-id=\"0c8cdd8\" data-element_type=\"container\" data-e-type=\"container\">\n\t\t\t\t\t<div class=\"e-con-inner\">\n\t\t\t\t<div class=\"elementor-element elementor-element-bb17b4b elementor-widget elementor-widget-google_maps\" data-id=\"bb17b4b\" data-element_type=\"widget\" data-e-type=\"widget\" data-widget_type=\"google_maps.default\">\n\t\t\t\t<div class=\"elementor-widget-container\">\n\t\t\t\t\t\t\t<div class=\"elementor-custom-embed\">\n\t\t\t<iframe loading=\"lazy\"\n\t\t\t\t\tsrc=\"https:\/\/maps.google.com\/maps?q=Belohorska%20493%2F63%20%E2%80%93%20169%2000%20Prague%206%2C%20Czech%20Republic&#038;t=m&#038;z=10&#038;output=embed&#038;iwloc=near\"\n\t\t\t\t\ttitle=\"Belohorska 493\/63 \u2013 169 00 Prague 6, Czech Republic\"\n\t\t\t\t\taria-label=\"Belohorska 493\/63 \u2013 169 00 Prague 6, Czech Republic\"\n\t\t\t><\/iframe>\n\t\t<\/div>\n\t\t\t\t\t\t<\/div>\n\t\t\t\t<\/div>\n\t\t<div class=\"elementor-element elementor-element-b33671b e-con-full e-flex e-con e-child\" data-id=\"b33671b\" data-element_type=\"container\" data-e-type=\"container\">\n\t\t\t\t<div class=\"elementor-element elementor-element-3dcfb0f elementor-widget elementor-widget-tm-heading\" data-id=\"3dcfb0f\" data-element_type=\"widget\" data-e-type=\"widget\" data-widget_type=\"tm-heading.default\">\n\t\t\t\t<div class=\"elementor-widget-container\">\n\t\t\t\t\t\t\t<div class=\"tm-modern-heading tm-modern-heading--style-01 tm-modern-heading--highlight-style-01\">\n\t\t\t\n\t\t\t\t\t<div class=\"heading-primary-wrap\">\n\t\t\t<h2 class=\"heading-primary elementor-heading-title\">LL spol. s r. o. Quartier g\u00e9n\u00e9ral<\/h2>\t\t<\/div>\n\t\t\n\t\t\t\n\t\t\t\t\t<\/div>\n\t\t\t\t\t\t<\/div>\n\t\t\t\t<\/div>\n\t\t\t\t<div class=\"elementor-element elementor-element-9d8cbed elementor-widget elementor-widget-image-box\" data-id=\"9d8cbed\" data-element_type=\"widget\" data-e-type=\"widget\" data-widget_type=\"image-box.default\">\n\t\t\t\t<div class=\"elementor-widget-container\">\n\t\t\t\t\t<div class=\"elementor-image-box-wrapper\"><div class=\"elementor-image-box-content\"><h3 class=\"elementor-image-box-title\">Contactez-nous<\/h3><p class=\"elementor-image-box-description\">Tel: +420 235366410, <br>+420 220610125 <br> Fax: +420 235301582<br>\nMobil: +420 777254012<\/p><\/div><\/div>\t\t\t\t<\/div>\n\t\t\t\t<\/div>\n\t\t\t\t<div class=\"elementor-element elementor-element-5f14fd6 elementor-widget elementor-widget-image-box\" data-id=\"5f14fd6\" data-element_type=\"widget\" data-e-type=\"widget\" data-widget_type=\"image-box.default\">\n\t\t\t\t<div class=\"elementor-widget-container\">\n\t\t\t\t\t<div class=\"elementor-image-box-wrapper\"><div class=\"elementor-image-box-content\"><h3 class=\"elementor-image-box-title\">Envoyez-nous un email<\/h3><p class=\"elementor-image-box-description\">e-mail: llco.@llcomp.cz<BR>\nwww.llcomp.cz<BR>\nwww.sirupy.eu<\/p><\/div><\/div>\t\t\t\t<\/div>\n\t\t\t\t<\/div>\n\t\t\t\t<div class=\"elementor-element elementor-element-82129f3 elementor-widget elementor-widget-image-box\" data-id=\"82129f3\" data-element_type=\"widget\" data-e-type=\"widget\" data-widget_type=\"image-box.default\">\n\t\t\t\t<div class=\"elementor-widget-container\">\n\t\t\t\t\t<div class=\"elementor-image-box-wrapper\"><div class=\"elementor-image-box-content\"><h3 class=\"elementor-image-box-title\">Informations<\/h3><p class=\"elementor-image-box-description\">I\u010cO: 45313466<BR>\nNum\u00e9ro de TVA: CZ45313466<BR>\n\nMarques GPS (latitude, longitude): 50.0934181N, 14.3814839E<\/p><\/div><\/div>\t\t\t\t<\/div>\n\t\t\t\t<\/div>\n\t\t\t\t<\/div>\n\t\t\t\t\t<\/div>\n\t\t\t\t<\/div>\n\t\t<div class=\"elementor-element elementor-element-ef0fa8f e-grid e-con-boxed e-con e-parent\" data-id=\"ef0fa8f\" data-element_type=\"container\" data-e-type=\"container\">\n\t\t\t\t\t<div class=\"e-con-inner\">\n\t\t\t\t<div class=\"elementor-element elementor-element-276a3e3 elementor-widget elementor-widget-google_maps\" data-id=\"276a3e3\" data-element_type=\"widget\" data-e-type=\"widget\" data-widget_type=\"google_maps.default\">\n\t\t\t\t<div class=\"elementor-widget-container\">\n\t\t\t\t\t\t\t<div class=\"elementor-custom-embed\">\n\t\t\t<iframe loading=\"lazy\"\n\t\t\t\t\tsrc=\"https:\/\/maps.google.com\/maps?q=Ra%C5%A1%C3%ADnova%20422%2F2%20392%2001%20Sob%C4%9Bslav&#038;t=m&#038;z=10&#038;output=embed&#038;iwloc=near\"\n\t\t\t\t\ttitle=\"Ra\u0161\u00ednova 422\/2 392 01 Sob\u011bslav\"\n\t\t\t\t\taria-label=\"Ra\u0161\u00ednova 422\/2 392 01 Sob\u011bslav\"\n\t\t\t><\/iframe>\n\t\t<\/div>\n\t\t\t\t\t\t<\/div>\n\t\t\t\t<\/div>\n\t\t<div class=\"elementor-element elementor-element-5c72512 e-con-full e-flex e-con e-child\" data-id=\"5c72512\" data-element_type=\"container\" data-e-type=\"container\">\n\t\t\t\t<div class=\"elementor-element elementor-element-e267233 elementor-widget elementor-widget-tm-heading\" data-id=\"e267233\" data-element_type=\"widget\" data-e-type=\"widget\" data-widget_type=\"tm-heading.default\">\n\t\t\t\t<div class=\"elementor-widget-container\">\n\t\t\t\t\t\t\t<div class=\"tm-modern-heading tm-modern-heading--style-01 tm-modern-heading--highlight-style-01\">\n\t\t\t\n\t\t\t\t\t<div class=\"heading-primary-wrap\">\n\t\t\t<h2 class=\"heading-primary elementor-heading-title\">Extraction \u2013 production d\u2019extraits de plantes, de boissons, de concentr\u00e9s et de sirops<\/h2>\t\t<\/div>\n\t\t\n\t\t\t\n\t\t\t\t\t<\/div>\n\t\t\t\t\t\t<\/div>\n\t\t\t\t<\/div>\n\t\t\t\t<div class=\"elementor-element elementor-element-3060d11 elementor-widget elementor-widget-image-box\" data-id=\"3060d11\" data-element_type=\"widget\" data-e-type=\"widget\" data-widget_type=\"image-box.default\">\n\t\t\t\t<div class=\"elementor-widget-container\">\n\t\t\t\t\t<div class=\"elementor-image-box-wrapper\"><div class=\"elementor-image-box-content\"><h3 class=\"elementor-image-box-title\">Contactez-nous<\/h3><p class=\"elementor-image-box-description\">LL spol. s r.o.<br>\nRa\u0161\u00ednova 422\/2<br>\n392 01 Sob\u011bslav<br>\nTel\/Fax: +420 381521303<\/p><\/div><\/div>\t\t\t\t<\/div>\n\t\t\t\t<\/div>\n\t\t\t\t<\/div>\n\t\t\t\t\t<\/div>\n\t\t\t\t<\/div>\n\t\t\t\t<\/div>\n\t\t","protected":false},"excerpt":{"rendered":"<p>LL spol. s r. o. Quartier g\u00e9n\u00e9ral Contactez-nous Tel: +420 235366410, +420 220610125 Fax: +420 235301582 Mobil: +420 777254012 Envoyez-nous un email e-mail: llco.@llcomp.cz www.llcomp.cz www.sirupy.eu Informations I\u010cO: 45313466 Num\u00e9ro de TVA: CZ45313466 Marques GPS (latitude, longitude): 50.0934181N, 14.3814839E Extraction \u2013 production d\u2019extraits de plantes, de boissons, de concentr\u00e9s et de sirops Contactez-nous LL spol. s r.o. Ra\u0161\u00ednova 422\/2 392 01 Sob\u011bslav Tel\/Fax: +420 381521303<\/p>\n","protected":false},"author":1,"featured_media":23218,"parent":0,"menu_order":0,"comment_status":"closed","ping_status":"closed","template":"","meta":{"footnotes":""},"class_list":["post-22562","page","type-page","status-publish","has-post-thumbnail","hentry"],"lang":"fr","translations":{"fr":22562,"cs":22390,"en":20112,"de":22501},"pll_sync_post":[],"_links":{"self":[{"href":"https:\/\/tisana.sirupy.eu\/index.php?rest_route=\/wp\/v2\/pages\/22562","targetHints":{"allow":["GET"]}}],"collection":[{"href":"https:\/\/tisana.sirupy.eu\/index.php?rest_route=\/wp\/v2\/pages"}],"about":[{"href":"https:\/\/tisana.sirupy.eu\/index.php?rest_route=\/wp\/v2\/types\/page"}],"author":[{"embeddable":true,"href":"https:\/\/tisana.sirupy.eu\/index.php?rest_route=\/wp\/v2\/users\/1"}],"replies":[{"embeddable":true,"href":"https:\/\/tisana.sirupy.eu\/index.php?rest_route=%2Fwp%2Fv2%2Fcomments&post=22562"}],"version-history":[{"count":27,"href":"https:\/\/tisana.sirupy.eu\/index.php?rest_route=\/wp\/v2\/pages\/22562\/revisions"}],"predecessor-version":[{"id":23343,"href":"https:\/\/tisana.sirupy.eu\/index.php?rest_route=\/wp\/v2\/pages\/22562\/revisions\/23343"}],"wp:featuredmedia":[{"embeddable":true,"href":"https:\/\/tisana.sirupy.eu\/index.php?rest_route=\/wp\/v2\/media\/23218"}],"wp:attachment":[{"href":"https:\/\/tisana.sirupy.eu\/index.php?rest_route=%2Fwp%2Fv2%2Fmedia&parent=22562"}],"curies":[{"name":"wp","href":"https:\/\/api.w.org\/{rel}","templated":true}]}}