{"id":22554,"date":"2024-07-05T17:35:57","date_gmt":"2024-07-05T17:35:57","guid":{"rendered":"https:\/\/tisana.sirupy.eu\/?page_id=22554"},"modified":"2024-08-22T04:50:21","modified_gmt":"2024-08-22T04:50:21","slug":"about-us-3","status":"publish","type":"page","link":"https:\/\/tisana.sirupy.eu\/?page_id=22554&lang=fr","title":{"rendered":"\u00c0 propos de nous"},"content":{"rendered":"\t\t<div data-elementor-type=\"wp-page\" data-elementor-id=\"22554\" class=\"elementor elementor-22554\">\n\t\t\t\t\t\t<section class=\"elementor-section elementor-top-section elementor-element elementor-element-8900df8 elementor-section-boxed elementor-section-gap-beside-yes elementor-section-height-default elementor-section-height-default elementor-section-column-vertical-align-stretch\" data-id=\"8900df8\" data-element_type=\"section\" data-e-type=\"section\">\n\t\t\t\t\t\t<div class=\"elementor-container elementor-column-gap-extended\">\n\t\t\t\t\t<div class=\"elementor-column elementor-col-50 elementor-top-column elementor-element elementor-element-b649745\" data-id=\"b649745\" data-element_type=\"column\" data-e-type=\"column\">\n\t\t\t<div class=\"elementor-widget-wrap elementor-element-populated\">\n\t\t\t\t\t\t<div class=\"elementor-element elementor-element-6be9691 minimog-animation-zoom-in elementor-widget elementor-widget-tm-modern-image\" data-id=\"6be9691\" data-element_type=\"widget\" data-e-type=\"widget\" data-widget_type=\"tm-modern-image.default\">\n\t\t\t\t<div class=\"elementor-widget-container\">\n\t\t\t\t\t\t\t<div class=\"tm-modern-image\">\n\t\t\t\t\t\t\t<div class=\"minimog-box\">\n\t\t\t\t\t<div class=\"minimog-image\">\t\t\t\t\t<m-image class=\"minimog-lazy-image\" style=\"--lazy-image-width: 600px;--lazy-image-height: 133.333333333%;\" data-image-loading><img loading=\"lazy\" decoding=\"async\"  src=\"https:\/\/tisana.sirupy.eu\/wp-content\/uploads\/2024\/08\/WhatsApp-Image-2024-08-21-at-5.00.53-PM-600x800.jpeg\" width=\"600\" height=\"800\" alt=\"WhatsApp Image 2024-08-21 at 5.00.53 PM\" loading=\"lazy\" class=\"attachment-600x800 size-600x800\" \/><\/m-image>\t\t\t\t\t<\/div>\t\t\t\t<\/div>\n\t\t\t\t\t\t\t\t\t\t<\/div>\n\t\t\t\t\t\t<\/div>\n\t\t\t\t<\/div>\n\t\t\t\t\t<\/div>\n\t\t<\/div>\n\t\t\t\t<div class=\"elementor-column elementor-col-50 elementor-top-column elementor-element elementor-element-54f8b0d\" data-id=\"54f8b0d\" data-element_type=\"column\" data-e-type=\"column\">\n\t\t\t<div class=\"elementor-widget-wrap elementor-element-populated\">\n\t\t\t\t\t\t<section class=\"elementor-section elementor-inner-section elementor-element elementor-element-857558d elementor-section-gap-beside-no elementor-section-boxed elementor-section-height-default elementor-section-height-default elementor-section-column-vertical-align-stretch\" data-id=\"857558d\" data-element_type=\"section\" data-e-type=\"section\">\n\t\t\t\t\t\t<div class=\"elementor-container elementor-column-gap-extended\">\n\t\t\t\t\t<div class=\"elementor-column elementor-col-100 elementor-inner-column elementor-element elementor-element-9856768\" data-id=\"9856768\" data-element_type=\"column\" data-e-type=\"column\">\n\t\t\t<div class=\"elementor-widget-wrap elementor-element-populated\">\n\t\t\t\t\t\t<div class=\"elementor-element elementor-element-12992aa elementor-widget-mobile__width-initial elementor-widget elementor-widget-tm-heading\" data-id=\"12992aa\" data-element_type=\"widget\" data-e-type=\"widget\" data-widget_type=\"tm-heading.default\">\n\t\t\t\t<div class=\"elementor-widget-container\">\n\t\t\t\t\t\t\t<div class=\"tm-modern-heading tm-modern-heading--style-01 tm-modern-heading--highlight-style-01\">\n\t\t\t\t\t<div class=\"heading-secondary-wrap\">\n\t\t\t<h4 class=\"heading-secondary elementor-heading-title\">\u00c0 propos de nous<\/h4>\t\t<\/div>\n\t\t\n\t\t\t\t\t<div class=\"heading-primary-wrap\">\n\t\t\t<h2 class=\"heading-primary elementor-heading-title\">LL spol. s r. o<\/h2>\t\t<\/div>\n\t\t\n\t\t\t\n\t\t\t\t\t<div class=\"heading-description-wrap\">\n\t\t\t<div class=\"heading-description\">\n\t\t\t\t<p>LL spol. sr. o. est inscrite au registre du commerce du tribunal municipal de Prague, section C, insert 7667, depuis le 4 mars 1992. N\u00b0 de TVA : CZ45313466<br \/>L'entreprise est situ\u00e9e \u00e0 Prague, B\u011blohorsk\u00e1 493\/63, Praha 6, code postal 169 00, R\u00e9publique tch\u00e8que.<br \/>La production de sirop et la m\u00e9tallurgie sont situ\u00e9es \u00e0 Sob\u011bslav, Ra\u0161\u00ednova 422, code postal 392 01. L'entreprise emploie env. 20 personnes. Son chiffre d'affaires varie g\u00e9n\u00e9ralement entre 20 et 40 millions de CZK par an.<\/p>\t\t\t<\/div>\n\t\t<\/div>\n\t\t\t\t<\/div>\n\t\t\t\t\t\t<\/div>\n\t\t\t\t<\/div>\n\t\t\t\t\t<\/div>\n\t\t<\/div>\n\t\t\t\t\t<\/div>\n\t\t<\/section>\n\t\t\t\t<section class=\"elementor-section elementor-inner-section elementor-element elementor-element-736df38 elementor-section-gap-beside-no elementor-section-boxed elementor-section-height-default elementor-section-height-default elementor-section-column-vertical-align-stretch\" data-id=\"736df38\" data-element_type=\"section\" data-e-type=\"section\">\n\t\t\t\t\t\t<div class=\"elementor-container elementor-column-gap-extended\">\n\t\t\t\t\t<div class=\"elementor-column elementor-col-50 elementor-inner-column elementor-element elementor-element-9eacf64\" data-id=\"9eacf64\" data-element_type=\"column\" data-e-type=\"column\">\n\t\t\t<div class=\"elementor-widget-wrap elementor-element-populated\">\n\t\t\t\t\t\t<div class=\"elementor-element elementor-element-9b7217e elementor-widget elementor-widget-tm-heading\" data-id=\"9b7217e\" data-element_type=\"widget\" data-e-type=\"widget\" data-widget_type=\"tm-heading.default\">\n\t\t\t\t<div class=\"elementor-widget-container\">\n\t\t\t\t\t\t\t<div class=\"tm-modern-heading tm-modern-heading--style-03 tm-modern-heading--highlight-style-01\">\n\t\t\t\n\t\t\t\t\t<div class=\"heading-primary-wrap\">\n\t\t\t<h2 class=\"heading-primary elementor-heading-title\">Message<\/h2>\t\t<\/div>\n\t\t\n\t\t\t\n\t\t\t\t\t<div class=\"heading-description-wrap\">\n\t\t\t<div class=\"heading-description\">\n\t\t\t\t<p><a href=\"http:\/\/llcomp.cz\/\" target=\"_blank\" rel=\"noopener\">www.llcomp.cz<\/a>www.sirupy.eu<br \/>I\u010cO: 45313466<br \/>Num\u00e9ro de TVA: CZ45313466<\/p>\t\t\t<\/div>\n\t\t<\/div>\n\t\t\t\t<\/div>\n\t\t\t\t\t\t<\/div>\n\t\t\t\t<\/div>\n\t\t\t\t\t<\/div>\n\t\t<\/div>\n\t\t\t\t<div class=\"elementor-column elementor-col-50 elementor-inner-column elementor-element elementor-element-2d930de\" data-id=\"2d930de\" data-element_type=\"column\" data-e-type=\"column\">\n\t\t\t<div class=\"elementor-widget-wrap elementor-element-populated\">\n\t\t\t\t\t\t<div class=\"elementor-element elementor-element-21c6987 elementor-widget elementor-widget-tm-heading\" data-id=\"21c6987\" data-element_type=\"widget\" data-e-type=\"widget\" data-widget_type=\"tm-heading.default\">\n\t\t\t\t<div class=\"elementor-widget-container\">\n\t\t\t\t\t\t\t<div class=\"tm-modern-heading tm-modern-heading--style-03 tm-modern-heading--highlight-style-01\">\n\t\t\t\n\t\t\t\t\t<div class=\"heading-primary-wrap\">\n\t\t\t<h2 class=\"heading-primary elementor-heading-title\">Appelez-nous<\/h2>\t\t<\/div>\n\t\t\n\t\t\t\n\t\t\t\t\t<div class=\"heading-description-wrap\">\n\t\t\t<div class=\"heading-description\">\n\t\t\t\t<p>Tel: +420 235366410, +420 220610125, Fax: +420 235301582<br \/>Mobil: +420 777254012<\/p>\t\t\t<\/div>\n\t\t<\/div>\n\t\t\t\t<\/div>\n\t\t\t\t\t\t<\/div>\n\t\t\t\t<\/div>\n\t\t\t\t\t<\/div>\n\t\t<\/div>\n\t\t\t\t\t<\/div>\n\t\t<\/section>\n\t\t\t\t\t<\/div>\n\t\t<\/div>\n\t\t\t\t\t<\/div>\n\t\t<\/section>\n\t\t\t\t<\/div>\n\t\t","protected":false},"excerpt":{"rendered":"<p>\u00c0 propos de nous LL spol. s r. o LL spol. sr. o. est inscrite au registre du commerce du tribunal municipal de Prague, section C, insert 7667, depuis le 4 mars 1992. N\u00b0 de TVA : CZ45313466L&#8217;entreprise est situ\u00e9e \u00e0 Prague, B\u011blohorsk\u00e1 493\/63, Praha 6, code postal 169 00, R\u00e9publique tch\u00e8que.La production de sirop et la m\u00e9tallurgie sont situ\u00e9es \u00e0 Sob\u011bslav, Ra\u0161\u00ednova 422, code postal 392 01. L&#8217;entreprise emploie env. 20 personnes. Son chiffre d&#8217;affaires varie g\u00e9n\u00e9ralement entre 20 et 40 millions de CZK par an. Message www.llcomp.czwww.sirupy.euI\u010cO: 45313466Num\u00e9ro de TVA: CZ45313466 Appelez-nous Tel: +420 235366410, +420 220610125, Fax: +420 235301582Mobil: +420 777254012<\/p>\n","protected":false},"author":1,"featured_media":22907,"parent":0,"menu_order":0,"comment_status":"closed","ping_status":"closed","template":"","meta":{"footnotes":""},"class_list":["post-22554","page","type-page","status-publish","has-post-thumbnail","hentry"],"lang":"fr","translations":{"fr":22554,"en":21581,"cs":22370,"de":22515},"pll_sync_post":[],"_links":{"self":[{"href":"https:\/\/tisana.sirupy.eu\/index.php?rest_route=\/wp\/v2\/pages\/22554","targetHints":{"allow":["GET"]}}],"collection":[{"href":"https:\/\/tisana.sirupy.eu\/index.php?rest_route=\/wp\/v2\/pages"}],"about":[{"href":"https:\/\/tisana.sirupy.eu\/index.php?rest_route=\/wp\/v2\/types\/page"}],"author":[{"embeddable":true,"href":"https:\/\/tisana.sirupy.eu\/index.php?rest_route=\/wp\/v2\/users\/1"}],"replies":[{"embeddable":true,"href":"https:\/\/tisana.sirupy.eu\/index.php?rest_route=%2Fwp%2Fv2%2Fcomments&post=22554"}],"version-history":[{"count":11,"href":"https:\/\/tisana.sirupy.eu\/index.php?rest_route=\/wp\/v2\/pages\/22554\/revisions"}],"predecessor-version":[{"id":23703,"href":"https:\/\/tisana.sirupy.eu\/index.php?rest_route=\/wp\/v2\/pages\/22554\/revisions\/23703"}],"wp:featuredmedia":[{"embeddable":true,"href":"https:\/\/tisana.sirupy.eu\/index.php?rest_route=\/wp\/v2\/media\/22907"}],"wp:attachment":[{"href":"https:\/\/tisana.sirupy.eu\/index.php?rest_route=%2Fwp%2Fv2%2Fmedia&parent=22554"}],"curies":[{"name":"wp","href":"https:\/\/api.w.org\/{rel}","templated":true}]}}