{"id":22515,"date":"2024-07-03T15:05:55","date_gmt":"2024-07-03T15:05:55","guid":{"rendered":"https:\/\/tisana.sirupy.eu\/?page_id=22515"},"modified":"2024-08-22T04:52:30","modified_gmt":"2024-08-22T04:52:30","slug":"about-us-2","status":"publish","type":"page","link":"https:\/\/tisana.sirupy.eu\/?page_id=22515&lang=de","title":{"rendered":"\u00dcber uns"},"content":{"rendered":"\t\t<div data-elementor-type=\"wp-page\" data-elementor-id=\"22515\" class=\"elementor elementor-22515\">\n\t\t\t\t\t\t<section class=\"elementor-section elementor-top-section elementor-element elementor-element-8900df8 elementor-section-boxed elementor-section-gap-beside-yes elementor-section-height-default elementor-section-height-default elementor-section-column-vertical-align-stretch\" data-id=\"8900df8\" data-element_type=\"section\" data-e-type=\"section\">\n\t\t\t\t\t\t<div class=\"elementor-container elementor-column-gap-extended\">\n\t\t\t\t\t<div class=\"elementor-column elementor-col-50 elementor-top-column elementor-element elementor-element-b649745\" data-id=\"b649745\" data-element_type=\"column\" data-e-type=\"column\">\n\t\t\t<div class=\"elementor-widget-wrap elementor-element-populated\">\n\t\t\t\t\t\t<div class=\"elementor-element elementor-element-6be9691 minimog-animation-zoom-in elementor-widget elementor-widget-tm-modern-image\" data-id=\"6be9691\" data-element_type=\"widget\" data-e-type=\"widget\" data-widget_type=\"tm-modern-image.default\">\n\t\t\t\t<div class=\"elementor-widget-container\">\n\t\t\t\t\t\t\t<div class=\"tm-modern-image\">\n\t\t\t\t\t\t\t<div class=\"minimog-box\">\n\t\t\t\t\t<div class=\"minimog-image\">\t\t\t\t\t<m-image class=\"minimog-lazy-image\" style=\"--lazy-image-width: 600px;--lazy-image-height: 133.333333333%;\" data-image-loading><img loading=\"lazy\" decoding=\"async\"  src=\"https:\/\/tisana.sirupy.eu\/wp-content\/uploads\/2024\/08\/WhatsApp-Image-2024-08-21-at-5.00.53-PM-600x800.jpeg\" width=\"600\" height=\"800\" alt=\"WhatsApp Image 2024-08-21 at 5.00.53 PM\" loading=\"lazy\" class=\"attachment-600x800 size-600x800\" \/><\/m-image>\t\t\t\t\t<\/div>\t\t\t\t<\/div>\n\t\t\t\t\t\t\t\t\t\t<\/div>\n\t\t\t\t\t\t<\/div>\n\t\t\t\t<\/div>\n\t\t\t\t\t<\/div>\n\t\t<\/div>\n\t\t\t\t<div class=\"elementor-column elementor-col-50 elementor-top-column elementor-element elementor-element-54f8b0d\" data-id=\"54f8b0d\" data-element_type=\"column\" data-e-type=\"column\">\n\t\t\t<div class=\"elementor-widget-wrap elementor-element-populated\">\n\t\t\t\t\t\t<div class=\"elementor-element elementor-element-12992aa elementor-widget-mobile__width-initial elementor-widget elementor-widget-tm-heading\" data-id=\"12992aa\" data-element_type=\"widget\" data-e-type=\"widget\" data-widget_type=\"tm-heading.default\">\n\t\t\t\t<div class=\"elementor-widget-container\">\n\t\t\t\t\t\t\t<div class=\"tm-modern-heading tm-modern-heading--style-01 tm-modern-heading--highlight-style-01\">\n\t\t\t\t\t<div class=\"heading-secondary-wrap\">\n\t\t\t<h4 class=\"heading-secondary elementor-heading-title\">\u00dcber uns<\/h4>\t\t<\/div>\n\t\t\n\t\t\t\t\t<div class=\"heading-primary-wrap\">\n\t\t\t<h2 class=\"heading-primary elementor-heading-title\">LL spol. s r. o<\/h2>\t\t<\/div>\n\t\t\n\t\t\t\n\t\t\t\t\t<div class=\"heading-description-wrap\">\n\t\t\t<div class=\"heading-description\">\n\t\t\t\t<p>LL spol. s r. o. ist seit dem 4. M\u00e4rz 1992 im Handelsregister des Stadtgerichts in Prag, Abschnitt C, Einlage 7667, eingetragen. USt-IdNr.: CZ45313466<br \/>Das Unternehmen hat seinen Sitz in Prag, B\u011blohorsk\u00e1 493\/63, Praha 6, Postleitzahl 169 00, Tschechische Republik.<br \/>Die Sirupproduktion und die Metallbearbeitung befinden sich in Sob\u011bslav, Ra\u0161\u00ednova 422, Postleitzahl 392 01. Das Unternehmen besch\u00e4ftigt ca. 20 Mitarbeiter. Der Umsatz liegt normalerweise zwischen 20 und 40 Millionen CZK pro Jahr.<\/p>\t\t\t<\/div>\n\t\t<\/div>\n\t\t\t\t<\/div>\n\t\t\t\t\t\t<\/div>\n\t\t\t\t<\/div>\n\t\t\t\t<section class=\"elementor-section elementor-inner-section elementor-element elementor-element-736df38 elementor-section-gap-beside-no elementor-section-boxed elementor-section-height-default elementor-section-height-default elementor-section-column-vertical-align-stretch\" data-id=\"736df38\" data-element_type=\"section\" data-e-type=\"section\">\n\t\t\t\t\t\t<div class=\"elementor-container elementor-column-gap-extended\">\n\t\t\t\t\t<div class=\"elementor-column elementor-col-50 elementor-inner-column elementor-element elementor-element-9eacf64\" data-id=\"9eacf64\" data-element_type=\"column\" data-e-type=\"column\">\n\t\t\t<div class=\"elementor-widget-wrap elementor-element-populated\">\n\t\t\t\t\t\t<div class=\"elementor-element elementor-element-9b7217e elementor-widget elementor-widget-tm-heading\" data-id=\"9b7217e\" data-element_type=\"widget\" data-e-type=\"widget\" data-widget_type=\"tm-heading.default\">\n\t\t\t\t<div class=\"elementor-widget-container\">\n\t\t\t\t\t\t\t<div class=\"tm-modern-heading tm-modern-heading--style-03 tm-modern-heading--highlight-style-01\">\n\t\t\t\n\t\t\t\t\t<div class=\"heading-primary-wrap\">\n\t\t\t<h2 class=\"heading-primary elementor-heading-title\">Nachricht<\/h2>\t\t<\/div>\n\t\t\n\t\t\t\n\t\t\t\t\t<div class=\"heading-description-wrap\">\n\t\t\t<div class=\"heading-description\">\n\t\t\t\t<p><a href=\"http:\/\/llcomp.cz\/\" target=\"_blank\" rel=\"noopener\">www.llcomp.cz<\/a>www.sirupy.eu<br \/>I\u010cO: 45313466<br \/>VAT Nr.: CZ45313466<\/p>\t\t\t<\/div>\n\t\t<\/div>\n\t\t\t\t<\/div>\n\t\t\t\t\t\t<\/div>\n\t\t\t\t<\/div>\n\t\t\t\t\t<\/div>\n\t\t<\/div>\n\t\t\t\t<div class=\"elementor-column elementor-col-50 elementor-inner-column elementor-element elementor-element-2d930de\" data-id=\"2d930de\" data-element_type=\"column\" data-e-type=\"column\">\n\t\t\t<div class=\"elementor-widget-wrap elementor-element-populated\">\n\t\t\t\t\t\t<div class=\"elementor-element elementor-element-21c6987 elementor-widget elementor-widget-tm-heading\" data-id=\"21c6987\" data-element_type=\"widget\" data-e-type=\"widget\" data-widget_type=\"tm-heading.default\">\n\t\t\t\t<div class=\"elementor-widget-container\">\n\t\t\t\t\t\t\t<div class=\"tm-modern-heading tm-modern-heading--style-03 tm-modern-heading--highlight-style-01\">\n\t\t\t\n\t\t\t\t\t<div class=\"heading-primary-wrap\">\n\t\t\t<h2 class=\"heading-primary elementor-heading-title\">Rufen Sie uns an<\/h2>\t\t<\/div>\n\t\t\n\t\t\t\n\t\t\t\t\t<div class=\"heading-description-wrap\">\n\t\t\t<div class=\"heading-description\">\n\t\t\t\t<p>Tel: +420 235366410, +420 220610125, Fax: +420 235301582<br \/>Mobil: +420 777254012<\/p>\t\t\t<\/div>\n\t\t<\/div>\n\t\t\t\t<\/div>\n\t\t\t\t\t\t<\/div>\n\t\t\t\t<\/div>\n\t\t\t\t\t<\/div>\n\t\t<\/div>\n\t\t\t\t\t<\/div>\n\t\t<\/section>\n\t\t\t\t\t<\/div>\n\t\t<\/div>\n\t\t\t\t\t<\/div>\n\t\t<\/section>\n\t\t\t\t<\/div>\n\t\t","protected":false},"excerpt":{"rendered":"<p>\u00dcber uns LL spol. s r. o LL spol. s r. o. ist seit dem 4. M\u00e4rz 1992 im Handelsregister des Stadtgerichts in Prag, Abschnitt C, Einlage 7667, eingetragen. USt-IdNr.: CZ45313466Das Unternehmen hat seinen Sitz in Prag, B\u011blohorsk\u00e1 493\/63, Praha 6, Postleitzahl 169 00, Tschechische Republik.Die Sirupproduktion und die Metallbearbeitung befinden sich in Sob\u011bslav, Ra\u0161\u00ednova 422, Postleitzahl 392 01. Das Unternehmen besch\u00e4ftigt ca. 20 Mitarbeiter. Der Umsatz liegt normalerweise zwischen 20 und 40 Millionen CZK pro Jahr. Nachricht www.llcomp.czwww.sirupy.euI\u010cO: 45313466VAT Nr.: CZ45313466 Rufen Sie uns an Tel: +420 235366410, +420 220610125, Fax: +420 235301582Mobil: +420 777254012<\/p>\n","protected":false},"author":1,"featured_media":22906,"parent":0,"menu_order":0,"comment_status":"closed","ping_status":"closed","template":"","meta":{"footnotes":""},"class_list":["post-22515","page","type-page","status-publish","has-post-thumbnail","hentry"],"lang":"de","translations":{"de":22515,"en":21581,"cs":22370,"fr":22554},"pll_sync_post":[],"_links":{"self":[{"href":"https:\/\/tisana.sirupy.eu\/index.php?rest_route=\/wp\/v2\/pages\/22515","targetHints":{"allow":["GET"]}}],"collection":[{"href":"https:\/\/tisana.sirupy.eu\/index.php?rest_route=\/wp\/v2\/pages"}],"about":[{"href":"https:\/\/tisana.sirupy.eu\/index.php?rest_route=\/wp\/v2\/types\/page"}],"author":[{"embeddable":true,"href":"https:\/\/tisana.sirupy.eu\/index.php?rest_route=\/wp\/v2\/users\/1"}],"replies":[{"embeddable":true,"href":"https:\/\/tisana.sirupy.eu\/index.php?rest_route=%2Fwp%2Fv2%2Fcomments&post=22515"}],"version-history":[{"count":11,"href":"https:\/\/tisana.sirupy.eu\/index.php?rest_route=\/wp\/v2\/pages\/22515\/revisions"}],"predecessor-version":[{"id":23709,"href":"https:\/\/tisana.sirupy.eu\/index.php?rest_route=\/wp\/v2\/pages\/22515\/revisions\/23709"}],"wp:featuredmedia":[{"embeddable":true,"href":"https:\/\/tisana.sirupy.eu\/index.php?rest_route=\/wp\/v2\/media\/22906"}],"wp:attachment":[{"href":"https:\/\/tisana.sirupy.eu\/index.php?rest_route=%2Fwp%2Fv2%2Fmedia&parent=22515"}],"curies":[{"name":"wp","href":"https:\/\/api.w.org\/{rel}","templated":true}]}}