{"id":22501,"date":"2024-07-03T15:00:25","date_gmt":"2024-07-03T15:00:25","guid":{"rendered":"https:\/\/tisana.sirupy.eu\/?page_id=22501"},"modified":"2024-08-15T15:40:46","modified_gmt":"2024-08-15T15:40:46","slug":"contact-3","status":"publish","type":"page","link":"https:\/\/tisana.sirupy.eu\/?page_id=22501&lang=de","title":{"rendered":"Kontakt"},"content":{"rendered":"\t\t<div data-elementor-type=\"wp-page\" data-elementor-id=\"22501\" class=\"elementor elementor-22501\">\n\t\t\t\t<div class=\"elementor-element elementor-element-795d521 e-flex e-con-boxed e-con e-parent\" data-id=\"795d521\" data-element_type=\"container\" data-e-type=\"container\">\n\t\t\t\t\t<div class=\"e-con-inner\">\n\t\t<div class=\"elementor-element elementor-element-2cd0621 e-con-full e-flex e-con e-child\" data-id=\"2cd0621\" data-element_type=\"container\" data-e-type=\"container\">\n\t\t\t\t<div class=\"elementor-element elementor-element-bb17b4b elementor-widget elementor-widget-google_maps\" data-id=\"bb17b4b\" data-element_type=\"widget\" data-e-type=\"widget\" data-widget_type=\"google_maps.default\">\n\t\t\t\t<div class=\"elementor-widget-container\">\n\t\t\t\t\t\t\t<div class=\"elementor-custom-embed\">\n\t\t\t<iframe loading=\"lazy\"\n\t\t\t\t\tsrc=\"https:\/\/maps.google.com\/maps?q=Belohorska%20493%2F63%20%E2%80%93%20169%2000%20Prague%206%2C%20Czech%20Republic&#038;t=m&#038;z=10&#038;output=embed&#038;iwloc=near\"\n\t\t\t\t\ttitle=\"Belohorska 493\/63 \u2013 169 00 Prague 6, Czech Republic\"\n\t\t\t\t\taria-label=\"Belohorska 493\/63 \u2013 169 00 Prague 6, Czech Republic\"\n\t\t\t><\/iframe>\n\t\t<\/div>\n\t\t\t\t\t\t<\/div>\n\t\t\t\t<\/div>\n\t\t\t\t<\/div>\n\t\t<div class=\"elementor-element elementor-element-404a1e2 e-con-full e-flex e-con e-child\" data-id=\"404a1e2\" data-element_type=\"container\" data-e-type=\"container\">\n\t\t<div class=\"elementor-element elementor-element-f1aa495 e-con-full e-flex e-con e-child\" data-id=\"f1aa495\" data-element_type=\"container\" data-e-type=\"container\">\n\t\t\t\t<div class=\"elementor-element elementor-element-d95705c elementor-widget elementor-widget-tm-heading\" data-id=\"d95705c\" data-element_type=\"widget\" data-e-type=\"widget\" data-widget_type=\"tm-heading.default\">\n\t\t\t\t<div class=\"elementor-widget-container\">\n\t\t\t\t\t\t\t<div class=\"tm-modern-heading tm-modern-heading--style-01 tm-modern-heading--highlight-style-01\">\n\t\t\t\n\t\t\t\t\t<div class=\"heading-primary-wrap\">\n\t\t\t<h2 class=\"heading-primary elementor-heading-title\">LL Spol. s r.o Hauptsitz<\/h2>\t\t<\/div>\n\t\t\n\t\t\t\n\t\t\t\t\t<\/div>\n\t\t\t\t\t\t<\/div>\n\t\t\t\t<\/div>\n\t\t\t\t<div class=\"elementor-element elementor-element-787e1c6 elementor-widget elementor-widget-image-box\" data-id=\"787e1c6\" data-element_type=\"widget\" data-e-type=\"widget\" data-widget_type=\"image-box.default\">\n\t\t\t\t<div class=\"elementor-widget-container\">\n\t\t\t\t\t<div class=\"elementor-image-box-wrapper\"><div class=\"elementor-image-box-content\"><h3 class=\"elementor-image-box-title\">Rufen Sie uns an<\/h3><p class=\"elementor-image-box-description\">Tel: +420 235366410, <br>+420 220610125 <br> Fax: +420 235301582<br>\nMobil: +420 777254012<\/p><\/div><\/div>\t\t\t\t<\/div>\n\t\t\t\t<\/div>\n\t\t\t\t<div class=\"elementor-element elementor-element-6499e36 elementor-widget elementor-widget-image-box\" data-id=\"6499e36\" data-element_type=\"widget\" data-e-type=\"widget\" data-widget_type=\"image-box.default\">\n\t\t\t\t<div class=\"elementor-widget-container\">\n\t\t\t\t\t<div class=\"elementor-image-box-wrapper\"><div class=\"elementor-image-box-content\"><h3 class=\"elementor-image-box-title\">Schreiben Sie uns eine E-Mail<\/h3><p class=\"elementor-image-box-description\">e-mail: llco.@llcomp.cz<BR>\nwww.llcomp.cz<BR>\nwww.sirupy.eu<\/p><\/div><\/div>\t\t\t\t<\/div>\n\t\t\t\t<\/div>\n\t\t\t\t<div class=\"elementor-element elementor-element-76729e4 elementor-widget elementor-widget-image-box\" data-id=\"76729e4\" data-element_type=\"widget\" data-e-type=\"widget\" data-widget_type=\"image-box.default\">\n\t\t\t\t<div class=\"elementor-widget-container\">\n\t\t\t\t\t<div class=\"elementor-image-box-wrapper\"><div class=\"elementor-image-box-content\"><h3 class=\"elementor-image-box-title\">Information<\/h3><p class=\"elementor-image-box-description\">I\u010cO: 45313466<BR>\nUmsatzsteuer-Identifikationsnummer: CZ45313466<BR>\n\nGPS-Markierungen (Breitengrad, L\u00e4ngengrad): 50.0934181N, 14.3814839E<\/p><\/div><\/div>\t\t\t\t<\/div>\n\t\t\t\t<\/div>\n\t\t\t\t<\/div>\n\t\t\t\t<\/div>\n\t\t\t\t\t<\/div>\n\t\t\t\t<\/div>\n\t\t<div class=\"elementor-element elementor-element-425a305 e-flex e-con-boxed e-con e-parent\" data-id=\"425a305\" data-element_type=\"container\" data-e-type=\"container\">\n\t\t\t\t\t<div class=\"e-con-inner\">\n\t\t<div class=\"elementor-element elementor-element-605a6b1 e-con-full e-flex e-con e-child\" data-id=\"605a6b1\" data-element_type=\"container\" data-e-type=\"container\">\n\t\t\t\t<div class=\"elementor-element elementor-element-48ffded elementor-widget elementor-widget-google_maps\" data-id=\"48ffded\" data-element_type=\"widget\" data-e-type=\"widget\" data-widget_type=\"google_maps.default\">\n\t\t\t\t<div class=\"elementor-widget-container\">\n\t\t\t\t\t\t\t<div class=\"elementor-custom-embed\">\n\t\t\t<iframe loading=\"lazy\"\n\t\t\t\t\tsrc=\"https:\/\/maps.google.com\/maps?q=Ra%C5%A1%C3%ADnova%20422%2F2%20392%2001%20Sob%C4%9Bslav&#038;t=m&#038;z=10&#038;output=embed&#038;iwloc=near\"\n\t\t\t\t\ttitle=\"Ra\u0161\u00ednova 422\/2 392 01 Sob\u011bslav\"\n\t\t\t\t\taria-label=\"Ra\u0161\u00ednova 422\/2 392 01 Sob\u011bslav\"\n\t\t\t><\/iframe>\n\t\t<\/div>\n\t\t\t\t\t\t<\/div>\n\t\t\t\t<\/div>\n\t\t\t\t<\/div>\n\t\t<div class=\"elementor-element elementor-element-0618725 e-con-full e-flex e-con e-child\" data-id=\"0618725\" data-element_type=\"container\" data-e-type=\"container\">\n\t\t<div class=\"elementor-element elementor-element-63577c5 e-con-full e-flex e-con e-child\" data-id=\"63577c5\" data-element_type=\"container\" data-e-type=\"container\">\n\t\t\t\t<div class=\"elementor-element elementor-element-ed17591 elementor-widget elementor-widget-tm-heading\" data-id=\"ed17591\" data-element_type=\"widget\" data-e-type=\"widget\" data-widget_type=\"tm-heading.default\">\n\t\t\t\t<div class=\"elementor-widget-container\">\n\t\t\t\t\t\t\t<div class=\"tm-modern-heading tm-modern-heading--style-01 tm-modern-heading--highlight-style-01\">\n\t\t\t\n\t\t\t\t\t<div class=\"heading-primary-wrap\">\n\t\t\t<h2 class=\"heading-primary elementor-heading-title\">Extraktion \u2013 Herstellung von Kr\u00e4uterextrakten, Getr\u00e4nken, Konzentraten und Sirups<\/h2>\t\t<\/div>\n\t\t\n\t\t\t\n\t\t\t\t\t<div class=\"heading-description-wrap\">\n\t\t\t<div class=\"heading-description\">\n\t\t\t\t<div id=\"primary\" class=\"content-area\"><main id=\"main\" class=\"site-main\" role=\"main\"><article id=\"post-668\" class=\"post-668 page type-page status-publish hentry\"><div class=\"entry-content\"><p>Ra\u0161\u00ednova 422\/2<br \/>392 01 Sob\u011bslav<br \/>Tel\/Fax: +420 381521303<\/p><\/div><\/article><\/main><\/div><div id=\"secondary\" class=\"widget-area\" role=\"complementary\"><div id=\"recent-posts-3\" class=\"widget widget_recent_entries\">\u00a0<\/div><\/div>\t\t\t<\/div>\n\t\t<\/div>\n\t\t\t\t<\/div>\n\t\t\t\t\t\t<\/div>\n\t\t\t\t<\/div>\n\t\t\t\t<\/div>\n\t\t\t\t<\/div>\n\t\t\t\t\t<\/div>\n\t\t\t\t<\/div>\n\t\t\t\t<\/div>\n\t\t","protected":false},"excerpt":{"rendered":"<p>LL Spol. s r.o Hauptsitz Rufen Sie uns an Tel: +420 235366410, +420 220610125 Fax: +420 235301582 Mobil: +420 777254012 Schreiben Sie uns eine E-Mail e-mail: llco.@llcomp.cz www.llcomp.cz www.sirupy.eu Information I\u010cO: 45313466 Umsatzsteuer-Identifikationsnummer: CZ45313466 GPS-Markierungen (Breitengrad, L\u00e4ngengrad): 50.0934181N, 14.3814839E Extraktion \u2013 Herstellung von Kr\u00e4uterextrakten, Getr\u00e4nken, Konzentraten und Sirups Ra\u0161\u00ednova 422\/2392 01 Sob\u011bslavTel\/Fax: +420 381521303 \u00a0<\/p>\n","protected":false},"author":1,"featured_media":21991,"parent":0,"menu_order":0,"comment_status":"closed","ping_status":"closed","template":"","meta":{"footnotes":""},"class_list":["post-22501","page","type-page","status-publish","has-post-thumbnail","hentry"],"lang":"de","translations":{"de":22501,"cs":22390,"en":20112,"fr":22562},"pll_sync_post":[],"_links":{"self":[{"href":"https:\/\/tisana.sirupy.eu\/index.php?rest_route=\/wp\/v2\/pages\/22501","targetHints":{"allow":["GET"]}}],"collection":[{"href":"https:\/\/tisana.sirupy.eu\/index.php?rest_route=\/wp\/v2\/pages"}],"about":[{"href":"https:\/\/tisana.sirupy.eu\/index.php?rest_route=\/wp\/v2\/types\/page"}],"author":[{"embeddable":true,"href":"https:\/\/tisana.sirupy.eu\/index.php?rest_route=\/wp\/v2\/users\/1"}],"replies":[{"embeddable":true,"href":"https:\/\/tisana.sirupy.eu\/index.php?rest_route=%2Fwp%2Fv2%2Fcomments&post=22501"}],"version-history":[{"count":29,"href":"https:\/\/tisana.sirupy.eu\/index.php?rest_route=\/wp\/v2\/pages\/22501\/revisions"}],"predecessor-version":[{"id":23351,"href":"https:\/\/tisana.sirupy.eu\/index.php?rest_route=\/wp\/v2\/pages\/22501\/revisions\/23351"}],"wp:featuredmedia":[{"embeddable":true,"href":"https:\/\/tisana.sirupy.eu\/index.php?rest_route=\/wp\/v2\/media\/21991"}],"wp:attachment":[{"href":"https:\/\/tisana.sirupy.eu\/index.php?rest_route=%2Fwp%2Fv2%2Fmedia&parent=22501"}],"curies":[{"name":"wp","href":"https:\/\/api.w.org\/{rel}","templated":true}]}}