{"id":22390,"date":"2024-07-03T09:00:38","date_gmt":"2024-07-03T09:00:38","guid":{"rendered":"https:\/\/tisana.sirupy.eu\/?page_id=22390"},"modified":"2025-08-11T09:59:50","modified_gmt":"2025-08-11T09:59:50","slug":"contact-2","status":"publish","type":"page","link":"https:\/\/tisana.sirupy.eu\/?page_id=22390&lang=cs","title":{"rendered":"Kontakt"},"content":{"rendered":"\t\t<div data-elementor-type=\"wp-page\" data-elementor-id=\"22390\" class=\"elementor elementor-22390\">\n\t\t\t\t\t\t<section class=\"elementor-section elementor-top-section elementor-element elementor-element-1a2bc03 elementor-section-boxed elementor-section-gap-beside-yes elementor-section-height-default elementor-section-height-default elementor-section-column-vertical-align-stretch\" data-id=\"1a2bc03\" data-element_type=\"section\" data-e-type=\"section\">\n\t\t\t\t\t\t<div class=\"elementor-container elementor-column-gap-extended\">\n\t\t\t\t\t<div class=\"elementor-column elementor-col-50 elementor-top-column elementor-element elementor-element-6fc213a\" data-id=\"6fc213a\" data-element_type=\"column\" data-e-type=\"column\">\n\t\t\t<div class=\"elementor-widget-wrap elementor-element-populated\">\n\t\t\t\t\t\t<div class=\"elementor-element elementor-element-c0142b3 elementor-widget elementor-widget-google_maps\" data-id=\"c0142b3\" data-element_type=\"widget\" data-e-type=\"widget\" data-widget_type=\"google_maps.default\">\n\t\t\t\t<div class=\"elementor-widget-container\">\n\t\t\t\t\t\t\t<div class=\"elementor-custom-embed\">\n\t\t\t<iframe loading=\"lazy\"\n\t\t\t\t\tsrc=\"https:\/\/maps.google.com\/maps?q=Belohorska%20493%2F63%20%E2%80%93%20169%2000%20Prague%206%2C%20Czech%20Republic&#038;t=m&#038;z=10&#038;output=embed&#038;iwloc=near\"\n\t\t\t\t\ttitle=\"Belohorska 493\/63 \u2013 169 00 Prague 6, Czech Republic\"\n\t\t\t\t\taria-label=\"Belohorska 493\/63 \u2013 169 00 Prague 6, Czech Republic\"\n\t\t\t><\/iframe>\n\t\t<\/div>\n\t\t\t\t\t\t<\/div>\n\t\t\t\t<\/div>\n\t\t\t\t\t<\/div>\n\t\t<\/div>\n\t\t\t\t<div class=\"elementor-column elementor-col-50 elementor-top-column elementor-element elementor-element-19fcc4d\" data-id=\"19fcc4d\" data-element_type=\"column\" data-e-type=\"column\">\n\t\t\t<div class=\"elementor-widget-wrap elementor-element-populated\">\n\t\t\t\t\t\t<div class=\"elementor-element elementor-element-e9c9a64 elementor-widget elementor-widget-tm-heading\" data-id=\"e9c9a64\" data-element_type=\"widget\" data-e-type=\"widget\" data-widget_type=\"tm-heading.default\">\n\t\t\t\t<div class=\"elementor-widget-container\">\n\t\t\t\t\t\t\t<div class=\"tm-modern-heading tm-modern-heading--style-01 tm-modern-heading--highlight-style-01\">\n\t\t\t\n\t\t\t\t\t<div class=\"heading-primary-wrap\">\n\t\t\t<h2 class=\"heading-primary elementor-heading-title\">LL spol. s r. o., Praha<\/h2>\t\t<\/div>\n\t\t\n\t\t\t\n\t\t\t\t\t<\/div>\n\t\t\t\t\t\t<\/div>\n\t\t\t\t<\/div>\n\t\t\t\t<div class=\"elementor-element elementor-element-228cc55 elementor-widget elementor-widget-tm-image-box\" data-id=\"228cc55\" data-element_type=\"widget\" data-e-type=\"widget\" data-widget_type=\"tm-image-box.default\">\n\t\t\t\t<div class=\"elementor-widget-container\">\n\t\t\t\t\t\t\t<div class=\"tm-image-box minimog-box tm-image-box--image- tm-image-box--style-1\">\t\t<div class=\"tm-image-box__wrap\">\n\n\t\t\t\n\t\t\t<div class=\"tm-image-box__content\">\n\t\t\t\t<div class=\"tm-image-box__title-wrapper\"><h3 class=\"tm-image-box__title\"><span class=\"tm-image-box__title-text\">S\u00eddlo firmy, faktura\u010dn\u00ed a koresponden\u010dn\u00ed adresa:<\/span><\/h3><\/div>\n\t\t\t\t\t\t<div class=\"tm-image-box__description\">\n\t\t\tLL spol. s r. o., B\u011blohorsk\u00e1 493\/63, 169 00 Praha 6 \nTel: +420 235366410, <br>      +420 220610125, <br>Fax: +420 235301582,<br>Mobil: +420 777254012\t\t<\/div>\n\t\t\n\t\t\t\t\t\t\t<\/div>\n\n\t\t<\/div>\n\t\t<\/div>\t\t\t\t\t\t<\/div>\n\t\t\t\t<\/div>\n\t\t\t\t<div class=\"elementor-element elementor-element-69f674f elementor-widget elementor-widget-tm-image-box\" data-id=\"69f674f\" data-element_type=\"widget\" data-e-type=\"widget\" data-widget_type=\"tm-image-box.default\">\n\t\t\t\t<div class=\"elementor-widget-container\">\n\t\t\t\t\t\t\t<div class=\"tm-image-box minimog-box tm-image-box--image- tm-image-box--style-1\">\t\t<div class=\"tm-image-box__wrap\">\n\n\t\t\t\n\t\t\t<div class=\"tm-image-box__content\">\n\t\t\t\t<div class=\"tm-image-box__title-wrapper\"><h3 class=\"tm-image-box__title\"><span class=\"tm-image-box__title-text\">E-mail:<\/span><\/h3><\/div>\n\t\t\t\t\t\t<div class=\"tm-image-box__description\">\n\t\t\tllco.@llcomp.cz<BR>\nwww.llcomp.cz<BR>\nwww.sirupy.eu\t\t<\/div>\n\t\t\n\t\t\t\t\t\t\t<\/div>\n\n\t\t<\/div>\n\t\t<\/div>\t\t\t\t\t\t<\/div>\n\t\t\t\t<\/div>\n\t\t\t\t<div class=\"elementor-element elementor-element-360f41d elementor-widget elementor-widget-tm-image-box\" data-id=\"360f41d\" data-element_type=\"widget\" data-e-type=\"widget\" data-widget_type=\"tm-image-box.default\">\n\t\t\t\t<div class=\"elementor-widget-container\">\n\t\t\t\t\t\t\t<div class=\"tm-image-box minimog-box tm-image-box--image- tm-image-box--style-1\">\t\t<div class=\"tm-image-box__wrap\">\n\n\t\t\t\n\t\t\t<div class=\"tm-image-box__content\">\n\t\t\t\t\n\t\t\t\t\t\t<div class=\"tm-image-box__description\">\n\t\t\tI\u010cO: 45313466<br>\nDPH \u010d: CZ45313466<br>\n\nGPS zna\u010dky (zem\u011bpisn\u00e1 \u0161\u00ed\u0159ka, d\u00e9lka): 50.0934181N, 14.3814839E\t\t<\/div>\n\t\t\n\t\t\t\t\t\t\t<\/div>\n\n\t\t<\/div>\n\t\t<\/div>\t\t\t\t\t\t<\/div>\n\t\t\t\t<\/div>\n\t\t\t\t\t<\/div>\n\t\t<\/div>\n\t\t\t\t\t<\/div>\n\t\t<\/section>\n\t\t\t\t<section class=\"elementor-section elementor-top-section elementor-element elementor-element-8e2b27f elementor-section-boxed elementor-section-gap-beside-yes elementor-section-height-default elementor-section-height-default elementor-section-column-vertical-align-stretch\" data-id=\"8e2b27f\" data-element_type=\"section\" data-e-type=\"section\">\n\t\t\t\t\t\t<div class=\"elementor-container elementor-column-gap-extended\">\n\t\t\t\t\t<div class=\"elementor-column elementor-col-50 elementor-top-column elementor-element elementor-element-a543d87\" data-id=\"a543d87\" data-element_type=\"column\" data-e-type=\"column\">\n\t\t\t<div class=\"elementor-widget-wrap elementor-element-populated\">\n\t\t\t\t\t\t<div class=\"elementor-element elementor-element-129a787 elementor-widget elementor-widget-google_maps\" data-id=\"129a787\" data-element_type=\"widget\" data-e-type=\"widget\" data-widget_type=\"google_maps.default\">\n\t\t\t\t<div class=\"elementor-widget-container\">\n\t\t\t\t\t\t\t<div class=\"elementor-custom-embed\">\n\t\t\t<iframe loading=\"lazy\"\n\t\t\t\t\tsrc=\"https:\/\/maps.google.com\/maps?q=Ra%C5%A1%C3%ADnova%20422%2F2%20392%2001%20Sob%C4%9Bslav&#038;t=m&#038;z=10&#038;output=embed&#038;iwloc=near\"\n\t\t\t\t\ttitle=\"Ra\u0161\u00ednova 422\/2 392 01 Sob\u011bslav\"\n\t\t\t\t\taria-label=\"Ra\u0161\u00ednova 422\/2 392 01 Sob\u011bslav\"\n\t\t\t><\/iframe>\n\t\t<\/div>\n\t\t\t\t\t\t<\/div>\n\t\t\t\t<\/div>\n\t\t\t\t\t<\/div>\n\t\t<\/div>\n\t\t\t\t<div class=\"elementor-column elementor-col-50 elementor-top-column elementor-element elementor-element-a933363\" data-id=\"a933363\" data-element_type=\"column\" data-e-type=\"column\">\n\t\t\t<div class=\"elementor-widget-wrap elementor-element-populated\">\n\t\t\t\t\t\t<div class=\"elementor-element elementor-element-c3d086f elementor-widget elementor-widget-tm-heading\" data-id=\"c3d086f\" data-element_type=\"widget\" data-e-type=\"widget\" data-widget_type=\"tm-heading.default\">\n\t\t\t\t<div class=\"elementor-widget-container\">\n\t\t\t\t\t\t\t<div class=\"tm-modern-heading tm-modern-heading--style-01 tm-modern-heading--highlight-style-01\">\n\t\t\t\n\t\t\t\t\t<div class=\"heading-primary-wrap\">\n\t\t\t<h2 class=\"heading-primary elementor-heading-title\">Provozovny, v\u00fdroba bylinn\u00fdch sirup\u016f, n\u00e1poj\u016f, n\u00e1pojov\u00fdch koncentr\u00e1t\u016f \na extrakt\u016f:<\/h2>\t\t<\/div>\n\t\t\n\t\t\t\n\t\t\t\t\t<div class=\"heading-description-wrap\">\n\t\t\t<div class=\"heading-description\">\n\t\t\t\t<p>LL spol. s r.o<br \/>Ra\u0161\u00ednova 422\/2<br \/>392 01 Sob\u011bslav<br \/>Tel\/Fax: +420 381521303<\/p>\t\t\t<\/div>\n\t\t<\/div>\n\t\t\t\t<\/div>\n\t\t\t\t\t\t<\/div>\n\t\t\t\t<\/div>\n\t\t\t\t\t<\/div>\n\t\t<\/div>\n\t\t\t\t\t<\/div>\n\t\t<\/section>\n\t\t\t\t<\/div>\n\t\t","protected":false},"excerpt":{"rendered":"<p>LL spol. s r. o., Praha S\u00eddlo firmy, faktura\u010dn\u00ed a koresponden\u010dn\u00ed adresa: LL spol. s r. o., B\u011blohorsk\u00e1 493\/63, 169 00 Praha 6 Tel: +420 235366410, +420 220610125, Fax: +420 235301582,Mobil: +420 777254012 E-mail: llco.@llcomp.cz www.llcomp.cz www.sirupy.eu I\u010cO: 45313466 DPH \u010d: CZ45313466 GPS zna\u010dky (zem\u011bpisn\u00e1 \u0161\u00ed\u0159ka, d\u00e9lka): 50.0934181N, 14.3814839E Provozovny, v\u00fdroba bylinn\u00fdch sirup\u016f, n\u00e1poj\u016f, n\u00e1pojov\u00fdch koncentr\u00e1t\u016f a extrakt\u016f: LL spol. s r.oRa\u0161\u00ednova 422\/2392 01 Sob\u011bslavTel\/Fax: +420 381521303<\/p>\n","protected":false},"author":1,"featured_media":22912,"parent":0,"menu_order":0,"comment_status":"closed","ping_status":"closed","template":"","meta":{"footnotes":""},"class_list":["post-22390","page","type-page","status-publish","has-post-thumbnail","hentry"],"lang":"cs","translations":{"cs":22390,"en":20112,"de":22501,"fr":22562},"pll_sync_post":[],"_links":{"self":[{"href":"https:\/\/tisana.sirupy.eu\/index.php?rest_route=\/wp\/v2\/pages\/22390","targetHints":{"allow":["GET"]}}],"collection":[{"href":"https:\/\/tisana.sirupy.eu\/index.php?rest_route=\/wp\/v2\/pages"}],"about":[{"href":"https:\/\/tisana.sirupy.eu\/index.php?rest_route=\/wp\/v2\/types\/page"}],"author":[{"embeddable":true,"href":"https:\/\/tisana.sirupy.eu\/index.php?rest_route=\/wp\/v2\/users\/1"}],"replies":[{"embeddable":true,"href":"https:\/\/tisana.sirupy.eu\/index.php?rest_route=%2Fwp%2Fv2%2Fcomments&post=22390"}],"version-history":[{"count":30,"href":"https:\/\/tisana.sirupy.eu\/index.php?rest_route=\/wp\/v2\/pages\/22390\/revisions"}],"predecessor-version":[{"id":23993,"href":"https:\/\/tisana.sirupy.eu\/index.php?rest_route=\/wp\/v2\/pages\/22390\/revisions\/23993"}],"wp:featuredmedia":[{"embeddable":true,"href":"https:\/\/tisana.sirupy.eu\/index.php?rest_route=\/wp\/v2\/media\/22912"}],"wp:attachment":[{"href":"https:\/\/tisana.sirupy.eu\/index.php?rest_route=%2Fwp%2Fv2%2Fmedia&parent=22390"}],"curies":[{"name":"wp","href":"https:\/\/api.w.org\/{rel}","templated":true}]}}