{"id":22361,"date":"2024-07-02T20:06:39","date_gmt":"2024-07-02T20:06:39","guid":{"rendered":"https:\/\/tisana.sirupy.eu\/?page_id=22361"},"modified":"2024-09-24T13:48:16","modified_gmt":"2024-09-24T13:48:16","slug":"home","status":"publish","type":"page","link":"https:\/\/tisana.sirupy.eu\/?lang=cs","title":{"rendered":"\u00davodn\u00ed str\u00e1nka"},"content":{"rendered":"\t\t<div data-elementor-type=\"wp-page\" data-elementor-id=\"22361\" class=\"elementor elementor-22361\">\n\t\t\t\t\t\t<section class=\"elementor-section elementor-top-section elementor-element elementor-element-ea0712f elementor-section-large elementor-section-gap-beside-yes elementor-section-height-default elementor-section-height-default elementor-section-column-vertical-align-stretch\" data-id=\"ea0712f\" data-element_type=\"section\" data-e-type=\"section\" data-settings=\"{&quot;background_background&quot;:&quot;classic&quot;}\">\n\t\t\t\t\t\t<div class=\"elementor-container elementor-column-gap-extended\">\n\t\t\t\t\t<div class=\"elementor-column elementor-col-100 elementor-top-column elementor-element elementor-element-ee4b407\" data-id=\"ee4b407\" data-element_type=\"column\" data-e-type=\"column\">\n\t\t\t<div class=\"elementor-widget-wrap elementor-element-populated\">\n\t\t\t\t\t\t<div class=\"elementor-element elementor-element-a2841aa elementor-widget elementor-widget-spacer\" data-id=\"a2841aa\" data-element_type=\"widget\" data-e-type=\"widget\" data-widget_type=\"spacer.default\">\n\t\t\t\t<div class=\"elementor-widget-container\">\n\t\t\t\t\t\t\t<div class=\"elementor-spacer\">\n\t\t\t<div class=\"elementor-spacer-inner\"><\/div>\n\t\t<\/div>\n\t\t\t\t\t\t<\/div>\n\t\t\t\t<\/div>\n\t\t\t\t<div class=\"elementor-element elementor-element-56a4f6c elementor-widget__width-initial elementor-arrows-position-inside elementor-pagination-position-outside elementor-widget elementor-widget-image-carousel\" data-id=\"56a4f6c\" data-element_type=\"widget\" data-e-type=\"widget\" data-settings=\"{&quot;slides_to_show&quot;:&quot;1&quot;,&quot;effect&quot;:&quot;fade&quot;,&quot;navigation&quot;:&quot;both&quot;,&quot;autoplay&quot;:&quot;yes&quot;,&quot;pause_on_hover&quot;:&quot;yes&quot;,&quot;pause_on_interaction&quot;:&quot;yes&quot;,&quot;autoplay_speed&quot;:5000,&quot;infinite&quot;:&quot;yes&quot;,&quot;speed&quot;:500}\" data-widget_type=\"image-carousel.default\">\n\t\t\t\t<div class=\"elementor-widget-container\">\n\t\t\t\t\t\t\t<div class=\"elementor-image-carousel-wrapper swiper\" role=\"region\" aria-roledescription=\"carousel\" aria-label=\"Obr\u00e1zkov\u00fd koloto\u010d\" dir=\"ltr\">\n\t\t\t<div class=\"elementor-image-carousel swiper-wrapper\" aria-live=\"off\">\n\t\t\t\t\t\t\t\t<div class=\"swiper-slide\" role=\"group\" aria-roledescription=\"slide\" aria-label=\"1 z 1\"><figure class=\"swiper-slide-inner\"><img decoding=\"async\" class=\"swiper-slide-image\" src=\"https:\/\/tisana.sirupy.eu\/wp-content\/uploads\/2024\/06\/Untitled-1-1.png\" alt=\"Untitled-1\" \/><\/figure><\/div>\t\t\t<\/div>\n\t\t\t\t\t<\/div>\n\t\t\t\t\t\t<\/div>\n\t\t\t\t<\/div>\n\t\t\t\t<div class=\"elementor-element elementor-element-0d80683 elementor-widget elementor-widget-tm-heading\" data-id=\"0d80683\" data-element_type=\"widget\" data-e-type=\"widget\" data-widget_type=\"tm-heading.default\">\n\t\t\t\t<div class=\"elementor-widget-container\">\n\t\t\t\t\t\t\t<div class=\"tm-modern-heading tm-modern-heading--style-01 tm-modern-heading--highlight-style-01\">\n\t\t\t\n\t\t\t\t\t<div class=\"heading-primary-wrap\">\n\t\t\t<h2 class=\"heading-primary elementor-heading-title\">TO:oP Ovocn\u00e9 a bylinn\u00e9 n\u00e1pojov\u00e9 koncentr\u00e1ty a \u0161\u0165\u00e1vy \nk p\u0159\u00edprav\u011b t\u011bch nejlep\u0161\u00edch limon\u00e1d \n\u010di dezert\u016f<\/h2>\t\t<\/div>\n\t\t\n\t\t\t\n\t\t\t\t\t<div class=\"heading-description-wrap\">\n\t\t\t<div class=\"heading-description\">\n\t\t\t\t<p>Nab\u00eddka v\u00fdrobce bylinn\u00fdch extrakt\u016f a sirup\u016f LL spol. s r. o., e-shop, osobn\u00ed vyzvednut\u00ed zdarma na adrese Drinopol, B\u011blohorsk\u00e1 493\/63, B\u0159evnov, 169 00 Praha 6, dod\u00e1n\u00ed mo\u017en\u00e9<\/p><p>Bylinn\u00e9 a ovocn\u00e9 sirupy nebo n\u00e1pojov\u00e9 koncentr\u00e1ty balen\u00e9 ve sklen\u011bn\u00fdch lahv\u00edch 0,7 l (nebo 0,33 l) vyprodukovan\u00e9 v na\u0161\u00ed v\u00fdrob\u011b pod na\u0161\u00ed zna\u010dkou jsou v\u011bt\u0161inou skladem v s\u00eddle na\u0161\u00ed spole\u010dnosti v bl\u00edzkosti centra Prahy, p\u0159\u00edpadn\u011b je r\u00e1di doprav\u00edme nebo ode\u0161leme kamkoliv bude t\u0159eba p\u0159\u00edmo na adresu z\u00e1kazn\u00edka i na v\u00fddejn\u00ed m\u00edsta.\u00a0\u00a0<\/p>\t\t\t<\/div>\n\t\t<\/div>\n\t\t\t\t<\/div>\n\t\t\t\t\t\t<\/div>\n\t\t\t\t<\/div>\n\t\t\t\t<div class=\"elementor-element elementor-element-cfaf216 elementor-align-center elementor-widget elementor-widget-tm-button\" data-id=\"cfaf216\" data-element_type=\"widget\" data-e-type=\"widget\" data-widget_type=\"tm-button.default\">\n\t\t\t\t<div class=\"elementor-widget-container\">\n\t\t\t\t\t\t\t<a href=\"#\" class=\"tm-button-link tm-button style-flat tm-button-nm\" role=\"button\">\n\n\t\t\t\t\t<div class=\"button-content-wrapper\">\n\t\t\t\n\t\t\t\t\t<div class=\"button-text\">\n\t\t\t\n\t\t\tKontaktujte n\u00e1s\n\t\t\t\n\t\t\t\t\t<\/div>\n\t\t\n\t\t\t\t\t<\/div>\n\t\t\n\t\t\t\t\t<\/a>\n\t\t\t\t\t\t<\/div>\n\t\t\t\t<\/div>\n\t\t\t\t\t<\/div>\n\t\t<\/div>\n\t\t\t\t\t<\/div>\n\t\t<\/section>\n\t\t\t\t<\/div>\n\t\t","protected":false},"excerpt":{"rendered":"<p>TO:oP Ovocn\u00e9 a bylinn\u00e9 n\u00e1pojov\u00e9 koncentr\u00e1ty a \u0161\u0165\u00e1vy k p\u0159\u00edprav\u011b t\u011bch nejlep\u0161\u00edch limon\u00e1d \u010di dezert\u016f Nab\u00eddka v\u00fdrobce bylinn\u00fdch extrakt\u016f a sirup\u016f LL spol. s r. o., e-shop, osobn\u00ed vyzvednut\u00ed zdarma na adrese Drinopol, B\u011blohorsk\u00e1 493\/63, B\u0159evnov, 169 00 Praha 6, dod\u00e1n\u00ed mo\u017en\u00e9 Bylinn\u00e9 a ovocn\u00e9 sirupy nebo n\u00e1pojov\u00e9 koncentr\u00e1ty balen\u00e9 ve sklen\u011bn\u00fdch lahv\u00edch 0,7 l (nebo 0,33 l) vyprodukovan\u00e9 v na\u0161\u00ed v\u00fdrob\u011b pod na\u0161\u00ed zna\u010dkou jsou v\u011bt\u0161inou skladem v s\u00eddle na\u0161\u00ed spole\u010dnosti v bl\u00edzkosti centra Prahy, p\u0159\u00edpadn\u011b je r\u00e1di doprav\u00edme nebo ode\u0161leme kamkoliv bude t\u0159eba p\u0159\u00edmo na adresu z\u00e1kazn\u00edka i na v\u00fddejn\u00ed m\u00edsta.\u00a0\u00a0 Kontaktujte n\u00e1s<\/p>\n","protected":false},"author":1,"featured_media":0,"parent":0,"menu_order":0,"comment_status":"closed","ping_status":"closed","template":"","meta":{"footnotes":""},"class_list":["post-22361","page","type-page","status-publish","hentry","post-no-thumbnail"],"lang":"cs","translations":{"cs":22361,"en":14678,"de":22496,"fr":22548},"pll_sync_post":[],"_links":{"self":[{"href":"https:\/\/tisana.sirupy.eu\/index.php?rest_route=\/wp\/v2\/pages\/22361","targetHints":{"allow":["GET"]}}],"collection":[{"href":"https:\/\/tisana.sirupy.eu\/index.php?rest_route=\/wp\/v2\/pages"}],"about":[{"href":"https:\/\/tisana.sirupy.eu\/index.php?rest_route=\/wp\/v2\/types\/page"}],"author":[{"embeddable":true,"href":"https:\/\/tisana.sirupy.eu\/index.php?rest_route=\/wp\/v2\/users\/1"}],"replies":[{"embeddable":true,"href":"https:\/\/tisana.sirupy.eu\/index.php?rest_route=%2Fwp%2Fv2%2Fcomments&post=22361"}],"version-history":[{"count":82,"href":"https:\/\/tisana.sirupy.eu\/index.php?rest_route=\/wp\/v2\/pages\/22361\/revisions"}],"predecessor-version":[{"id":23781,"href":"https:\/\/tisana.sirupy.eu\/index.php?rest_route=\/wp\/v2\/pages\/22361\/revisions\/23781"}],"wp:attachment":[{"href":"https:\/\/tisana.sirupy.eu\/index.php?rest_route=%2Fwp%2Fv2%2Fmedia&parent=22361"}],"curies":[{"name":"wp","href":"https:\/\/api.w.org\/{rel}","templated":true}]}}